{"id":58534,"date":"2025-02-01T16:51:13","date_gmt":"2025-02-01T15:51:13","guid":{"rendered":"http:\/\/fokussrl.com\/prodotto\/barbecue-gaz-3-bruleurs-avec-table-107-cm\/"},"modified":"2025-02-01T16:57:44","modified_gmt":"2025-02-01T15:57:44","slug":"barbecue-gaz-3-bruleurs-avec-table-107-cm","status":"publish","type":"product","link":"https:\/\/www.fokussrl.com\/fr\/produit\/barbecue-gaz-3-bruleurs-avec-table-107-cm\/","title":{"rendered":"Barbecue \u00e0 gaz 3 br\u00fbleurs avec table 107 cm &#8211; B. e P."},"content":{"rendered":"","protected":false},"excerpt":{"rendered":"<p>BARBECUE MOD\u00c8LE 3 BR\u00dbLEURS<\/p>\n<p>Le sommet de sa cat\u00e9gorie en termes de taille (le plus grand sur le march\u00e9). Il offre des performances exceptionnelles, une polyvalence maximale et une capacit\u00e9 de cuisson sans pr\u00e9c\u00e9dent. Id\u00e9al pour ceux qui aiment vivre en plein air et cuisiner en compagnie.<\/p>\n<p>TOUS NOS PRODUITS SONT VENDUS AVEC UNE TABLE.<\/p>\n","protected":false},"featured_media":53692,"template":"","meta":{"_acf_changed":false},"product_brand":[4795],"product_cat":[4569],"product_tag":[],"class_list":{"0":"post-58534","1":"product","2":"type-product","3":"status-publish","4":"has-post-thumbnail","6":"product_brand-b-e-p-fr","7":"product_cat-barbecues-a-gaz","8":"product_shipping_class-barbecue-a-gas-2-2","9":"pa_versione-avec-bruleur-grille-et-couvercle","10":"pa_versione-avec-couvercle","11":"pa_versione-sans-couvercle","12":"sales-flash-overlay","13":"woocommerce-text-align-center","14":"woocommerce-image-align-center","15":"do-quantity-buttons","17":"first","18":"instock","19":"taxable","20":"shipping-taxable","21":"purchasable","22":"product-type-variable"},"acf":[],"_links":{"self":[{"href":"https:\/\/www.fokussrl.com\/fr\/wp-json\/wp\/v2\/product\/58534","targetHints":{"allow":["GET"]}}],"collection":[{"href":"https:\/\/www.fokussrl.com\/fr\/wp-json\/wp\/v2\/product"}],"about":[{"href":"https:\/\/www.fokussrl.com\/fr\/wp-json\/wp\/v2\/types\/product"}],"wp:featuredmedia":[{"embeddable":true,"href":"https:\/\/www.fokussrl.com\/fr\/wp-json\/wp\/v2\/media\/53692"}],"wp:attachment":[{"href":"https:\/\/www.fokussrl.com\/fr\/wp-json\/wp\/v2\/media?parent=58534"}],"wp:term":[{"taxonomy":"product_brand","embeddable":true,"href":"https:\/\/www.fokussrl.com\/fr\/wp-json\/wp\/v2\/product_brand?post=58534"},{"taxonomy":"product_cat","embeddable":true,"href":"https:\/\/www.fokussrl.com\/fr\/wp-json\/wp\/v2\/product_cat?post=58534"},{"taxonomy":"product_tag","embeddable":true,"href":"https:\/\/www.fokussrl.com\/fr\/wp-json\/wp\/v2\/product_tag?post=58534"}],"curies":[{"name":"wp","href":"https:\/\/api.w.org\/{rel}","templated":true}]}}