{"id":58553,"date":"2025-02-01T16:51:18","date_gmt":"2025-02-01T15:51:18","guid":{"rendered":"http:\/\/fokussrl.com\/prodotto\/barbecue-bois-bf-fm-calefaccion\/"},"modified":"2025-02-01T16:57:50","modified_gmt":"2025-02-01T15:57:50","slug":"barbecue-bois-bf-fm-calefaccion","status":"publish","type":"product","link":"https:\/\/www.fokussrl.com\/fr\/produit\/barbecue-bois-bf-fm-calefaccion\/","title":{"rendered":"Barbecue \u00e0 bois BF &#8211; FM Calefacci\u00f3n"},"content":{"rendered":"","protected":false},"excerpt":{"rendered":"<p>Un barbecue \u00e0 bois distinctif et unique disponible en 3 tailles et \u00e9quip\u00e9 d&rsquo;un support \u00e0 roulettes.<\/p>\n","protected":false},"featured_media":53851,"template":"","meta":{"_acf_changed":false},"product_brand":[4809],"product_cat":[4570],"product_tag":[],"class_list":{"0":"post-58553","1":"product","2":"type-product","3":"status-publish","4":"has-post-thumbnail","6":"product_brand-fm-calefaccion-fr","7":"product_cat-barbecues-au-bois","8":"product_shipping_class-barbecue-a-legna-2-2","9":"pa_modello-bf-60-fr","10":"pa_modello-bf-70-fr","11":"pa_modello-bf-90-fr","12":"pa_versione-avec-support","13":"pa_versione-sans-support","14":"sales-flash-overlay","15":"woocommerce-text-align-center","16":"woocommerce-image-align-center","17":"do-quantity-buttons","19":"first","20":"instock","21":"taxable","22":"shipping-taxable","23":"purchasable","24":"product-type-variable"},"acf":[],"_links":{"self":[{"href":"https:\/\/www.fokussrl.com\/fr\/wp-json\/wp\/v2\/product\/58553","targetHints":{"allow":["GET"]}}],"collection":[{"href":"https:\/\/www.fokussrl.com\/fr\/wp-json\/wp\/v2\/product"}],"about":[{"href":"https:\/\/www.fokussrl.com\/fr\/wp-json\/wp\/v2\/types\/product"}],"wp:featuredmedia":[{"embeddable":true,"href":"https:\/\/www.fokussrl.com\/fr\/wp-json\/wp\/v2\/media\/53851"}],"wp:attachment":[{"href":"https:\/\/www.fokussrl.com\/fr\/wp-json\/wp\/v2\/media?parent=58553"}],"wp:term":[{"taxonomy":"product_brand","embeddable":true,"href":"https:\/\/www.fokussrl.com\/fr\/wp-json\/wp\/v2\/product_brand?post=58553"},{"taxonomy":"product_cat","embeddable":true,"href":"https:\/\/www.fokussrl.com\/fr\/wp-json\/wp\/v2\/product_cat?post=58553"},{"taxonomy":"product_tag","embeddable":true,"href":"https:\/\/www.fokussrl.com\/fr\/wp-json\/wp\/v2\/product_tag?post=58553"}],"curies":[{"name":"wp","href":"https:\/\/api.w.org\/{rel}","templated":true}]}}