{"id":58560,"date":"2025-02-01T16:51:18","date_gmt":"2025-02-01T15:51:18","guid":{"rendered":"http:\/\/fokussrl.com\/prodotto\/barbecue-bois-encastrable-four-bh-100-hp\/"},"modified":"2025-02-01T16:57:50","modified_gmt":"2025-02-01T15:57:50","slug":"barbecue-bois-encastrable-four-bh-100-hp","status":"publish","type":"product","link":"https:\/\/www.fokussrl.com\/fr\/produit\/barbecue-bois-encastrable-four-bh-100-hp\/","title":{"rendered":"Barbecue \u00e0 bois encastrable avec four BH-100 HP &#8211; FM Calefacci\u00f3n"},"content":{"rendered":"","protected":false},"excerpt":{"rendered":"<p>Un four-barbecue en acier inoxydable distinctif et unique avec une porte en fonte, con\u00e7u pour \u00eatre encastr\u00e9 comme un insert \u00e0 bois.<\/p>\n","protected":false},"featured_media":53874,"template":"","meta":{"_acf_changed":false},"product_brand":[4809],"product_cat":[4570],"product_tag":[],"class_list":{"0":"post-58560","1":"product","2":"type-product","3":"status-publish","4":"has-post-thumbnail","6":"product_brand-fm-calefaccion-fr","7":"product_cat-barbecues-au-bois","8":"product_shipping_class-barbecue-a-legna-2-2","9":"pa_modello-bh-100-fr","10":"pa_modello-bh-170-fr","11":"pa_modello-bh-180-fr","12":"sales-flash-overlay","13":"woocommerce-text-align-center","14":"woocommerce-image-align-center","15":"do-quantity-buttons","17":"first","18":"instock","19":"taxable","20":"shipping-taxable","21":"purchasable","22":"product-type-simple"},"acf":[],"_links":{"self":[{"href":"https:\/\/www.fokussrl.com\/fr\/wp-json\/wp\/v2\/product\/58560","targetHints":{"allow":["GET"]}}],"collection":[{"href":"https:\/\/www.fokussrl.com\/fr\/wp-json\/wp\/v2\/product"}],"about":[{"href":"https:\/\/www.fokussrl.com\/fr\/wp-json\/wp\/v2\/types\/product"}],"wp:featuredmedia":[{"embeddable":true,"href":"https:\/\/www.fokussrl.com\/fr\/wp-json\/wp\/v2\/media\/53874"}],"wp:attachment":[{"href":"https:\/\/www.fokussrl.com\/fr\/wp-json\/wp\/v2\/media?parent=58560"}],"wp:term":[{"taxonomy":"product_brand","embeddable":true,"href":"https:\/\/www.fokussrl.com\/fr\/wp-json\/wp\/v2\/product_brand?post=58560"},{"taxonomy":"product_cat","embeddable":true,"href":"https:\/\/www.fokussrl.com\/fr\/wp-json\/wp\/v2\/product_cat?post=58560"},{"taxonomy":"product_tag","embeddable":true,"href":"https:\/\/www.fokussrl.com\/fr\/wp-json\/wp\/v2\/product_tag?post=58560"}],"curies":[{"name":"wp","href":"https:\/\/api.w.org\/{rel}","templated":true}]}}