{"id":58572,"date":"2025-02-01T16:51:23","date_gmt":"2025-02-01T15:51:23","guid":{"rendered":"http:\/\/fokussrl.com\/prodotto\/barbecue-granules-barbecue\/"},"modified":"2025-02-01T16:57:53","modified_gmt":"2025-02-01T15:57:53","slug":"barbecue-granules-barbecue","status":"publish","type":"product","link":"https:\/\/www.fokussrl.com\/fr\/produit\/barbecue-granules-barbecue\/","title":{"rendered":"Barbecue \u00e0 granul\u00e9s BARBECUE &#8211; Eva Calor"},"content":{"rendered":"","protected":false},"excerpt":{"rendered":"<p>Un barbecue \u00e0 granul\u00e9s, facile \u00e0 utiliser gr\u00e2ce \u00e0 un contr\u00f4le optimal de la temp\u00e9rature. La combustion des granul\u00e9s, plus respectueuse de l&rsquo;environnement par rapport \u00e0 d&rsquo;autres combustibles, produit peu de r\u00e9sidus, ce qui simplifie grandement le nettoyage. Enfin, la grande vari\u00e9t\u00e9 de granul\u00e9s sur le march\u00e9 permet diff\u00e9rentes types de fumage.<\/p>\n","protected":false},"featured_media":53906,"template":"","meta":{"_acf_changed":false},"product_brand":[4807],"product_cat":[4571],"product_tag":[],"class_list":{"0":"post-58572","1":"product","2":"type-product","3":"status-publish","4":"has-post-thumbnail","6":"product_brand-eva-calor-fr","7":"product_cat-barbecues-a-granules","8":"product_shipping_class-barbecue-a-pellet-2","9":"pa_modello-bh-100-fr","10":"pa_modello-bh-170-fr","11":"pa_modello-bh-180-fr","12":"sales-flash-overlay","13":"woocommerce-text-align-center","14":"woocommerce-image-align-center","15":"do-quantity-buttons","17":"first","18":"instock","19":"taxable","20":"shipping-taxable","21":"purchasable","22":"product-type-variable"},"acf":[],"_links":{"self":[{"href":"https:\/\/www.fokussrl.com\/fr\/wp-json\/wp\/v2\/product\/58572","targetHints":{"allow":["GET"]}}],"collection":[{"href":"https:\/\/www.fokussrl.com\/fr\/wp-json\/wp\/v2\/product"}],"about":[{"href":"https:\/\/www.fokussrl.com\/fr\/wp-json\/wp\/v2\/types\/product"}],"wp:featuredmedia":[{"embeddable":true,"href":"https:\/\/www.fokussrl.com\/fr\/wp-json\/wp\/v2\/media\/53906"}],"wp:attachment":[{"href":"https:\/\/www.fokussrl.com\/fr\/wp-json\/wp\/v2\/media?parent=58572"}],"wp:term":[{"taxonomy":"product_brand","embeddable":true,"href":"https:\/\/www.fokussrl.com\/fr\/wp-json\/wp\/v2\/product_brand?post=58572"},{"taxonomy":"product_cat","embeddable":true,"href":"https:\/\/www.fokussrl.com\/fr\/wp-json\/wp\/v2\/product_cat?post=58572"},{"taxonomy":"product_tag","embeddable":true,"href":"https:\/\/www.fokussrl.com\/fr\/wp-json\/wp\/v2\/product_tag?post=58572"}],"curies":[{"name":"wp","href":"https:\/\/api.w.org\/{rel}","templated":true}]}}