{"id":58576,"date":"2025-02-01T16:51:23","date_gmt":"2025-02-01T15:51:23","guid":{"rendered":"http:\/\/fokussrl.com\/prodotto\/barbecue-bois-avec-four-fusion\/"},"modified":"2025-02-01T16:57:55","modified_gmt":"2025-02-01T15:57:55","slug":"barbecue-bois-avec-four-fusion","status":"publish","type":"product","link":"https:\/\/www.fokussrl.com\/fr\/produit\/barbecue-bois-avec-four-fusion\/","title":{"rendered":"Barbecue \u00e0 bois avec four FUSION &#8211; FM Calefacci\u00f3n"},"content":{"rendered":"","protected":false},"excerpt":{"rendered":"<p>Un barbecue \u00e0 bois distinctif et unique avec four disponible en 3 tailles et \u00e9quip\u00e9 d&rsquo;un support \u00e0 roulettes.<\/p>\n","protected":false},"featured_media":53914,"template":"","meta":{"_acf_changed":false},"product_brand":[4809],"product_cat":[4570],"product_tag":[],"class_list":{"0":"post-58576","1":"product","2":"type-product","3":"status-publish","4":"has-post-thumbnail","6":"product_brand-fm-calefaccion-fr","7":"product_cat-barbecues-au-bois","8":"product_shipping_class-barbecue-a-legna-2-2","9":"pa_modello-fusion-140-fr","10":"pa_modello-fusion-140-avec-support","11":"pa_modello-fusion-160-fr","12":"pa_modello-fusion-160-avec-support","13":"pa_modello-fusion-200-fr","14":"pa_modello-fusion-200-avec-support","15":"sales-flash-overlay","16":"woocommerce-text-align-center","17":"woocommerce-image-align-center","18":"do-quantity-buttons","20":"first","21":"instock","22":"taxable","23":"shipping-taxable","24":"purchasable","25":"product-type-variable"},"acf":[],"_links":{"self":[{"href":"https:\/\/www.fokussrl.com\/fr\/wp-json\/wp\/v2\/product\/58576","targetHints":{"allow":["GET"]}}],"collection":[{"href":"https:\/\/www.fokussrl.com\/fr\/wp-json\/wp\/v2\/product"}],"about":[{"href":"https:\/\/www.fokussrl.com\/fr\/wp-json\/wp\/v2\/types\/product"}],"wp:featuredmedia":[{"embeddable":true,"href":"https:\/\/www.fokussrl.com\/fr\/wp-json\/wp\/v2\/media\/53914"}],"wp:attachment":[{"href":"https:\/\/www.fokussrl.com\/fr\/wp-json\/wp\/v2\/media?parent=58576"}],"wp:term":[{"taxonomy":"product_brand","embeddable":true,"href":"https:\/\/www.fokussrl.com\/fr\/wp-json\/wp\/v2\/product_brand?post=58576"},{"taxonomy":"product_cat","embeddable":true,"href":"https:\/\/www.fokussrl.com\/fr\/wp-json\/wp\/v2\/product_cat?post=58576"},{"taxonomy":"product_tag","embeddable":true,"href":"https:\/\/www.fokussrl.com\/fr\/wp-json\/wp\/v2\/product_tag?post=58576"}],"curies":[{"name":"wp","href":"https:\/\/api.w.org\/{rel}","templated":true}]}}