{"id":58583,"date":"2025-02-01T16:51:23","date_gmt":"2025-02-01T15:51:23","guid":{"rendered":"http:\/\/fokussrl.com\/prodotto\/chaudiere-biomasse-compact-cs-5\/"},"modified":"2025-02-01T16:57:57","modified_gmt":"2025-02-01T15:57:57","slug":"chaudiere-biomasse-compact-cs-5","status":"publish","type":"product","link":"https:\/\/www.fokussrl.com\/fr\/produit\/chaudiere-biomasse-compact-cs-5\/","title":{"rendered":"Chaudi\u00e8re biomasse COMPACT CS 5 &#8211; Pasqualicchio"},"content":{"rendered":"","protected":false},"excerpt":{"rendered":"<p>La Compact CS5 est une chaudi\u00e8re multi-combustible (PELLET &#8211; BOIS &#8211; COPEAUX) certifi\u00e9e pour les granul\u00e9s, \u00e9quip\u00e9e d&rsquo;un syst\u00e8me de chargement automatique du combustible avec une vis \u00e0 double saut, une isolation interne sur toutes les surfaces, des turbulateurs de s\u00e9rie et une gestion s\u00e9par\u00e9e de l&rsquo;air de combustion primaire et secondaire.<\/p>\n<p>La chambre de combustion enti\u00e8re est fabriqu\u00e9e en mat\u00e9riau r\u00e9fractaire r\u00e9sistant aux hautes temp\u00e9ratures, et la conception sp\u00e9ciale du br\u00fbleur en fonte permet une injection d&rsquo;air diff\u00e9renci\u00e9e, garantissant une combustion optimale.<\/p>\n<p>\u00c9cran Tactile Contr\u00f4le du syst\u00e8me via \u00e9cran tactile<\/p>\n<p>Deux actionneurs (volets), r\u00e9gul\u00e9s par une sonde lambda, agissent comme des feux tricolores et dosent la quantit\u00e9 d&rsquo;air primaire et secondaire entrant. \u00c0 l&rsquo;int\u00e9rieur de la chambre de combustion se trouve un cylindre en mat\u00e9riau r\u00e9fractaire \u00e0 haute densit\u00e9 d&rsquo;alumine, r\u00e9sistant jusqu&rsquo;\u00e0 1 100 degr\u00e9s, optimisant la combustion et faisant de la Compact K400 le sommet de sa cat\u00e9gorie. La Compact CS5 dispose d&rsquo;une grande surface d&rsquo;\u00e9change thermique et est \u00e9quip\u00e9e de s\u00e9rie de turbulateurs pour une efficacit\u00e9 accrue d&rsquo;\u00e9change thermique. Elle comprend \u00e9galement un syst\u00e8me de nettoyage du chemin des fum\u00e9es en s\u00e9rie. De nombreux syst\u00e8mes de s\u00e9curit\u00e9 int\u00e9gr\u00e9s garantissent un fonctionnement optimal de la chaudi\u00e8re. La Compact CS5 est recommand\u00e9e pour le chauffage des environnements r\u00e9sidentiels et industriels.<\/p>\n","protected":false},"featured_media":53945,"template":"","meta":{"_acf_changed":false},"product_brand":[4833],"product_cat":[4576],"product_tag":[],"class_list":{"0":"post-58583","1":"product","2":"type-product","3":"status-publish","4":"has-post-thumbnail","6":"product_brand-pasqualicchio-fr","7":"product_cat-chaudieres-multicombustibles","8":"product_shipping_class-caldaie-policombustibili-2-2","9":"pa_potenza-31-kw-fr","10":"pa_potenza-40-kw-fr","11":"pa_potenza-60-kw-fr","12":"pa_potenza-80-kw-fr","13":"pa_potenza-99-kw-fr","14":"sales-flash-overlay","15":"woocommerce-text-align-center","16":"woocommerce-image-align-center","17":"do-quantity-buttons","19":"first","20":"instock","21":"taxable","22":"shipping-taxable","23":"product-type-variable"},"acf":[],"_links":{"self":[{"href":"https:\/\/www.fokussrl.com\/fr\/wp-json\/wp\/v2\/product\/58583","targetHints":{"allow":["GET"]}}],"collection":[{"href":"https:\/\/www.fokussrl.com\/fr\/wp-json\/wp\/v2\/product"}],"about":[{"href":"https:\/\/www.fokussrl.com\/fr\/wp-json\/wp\/v2\/types\/product"}],"wp:featuredmedia":[{"embeddable":true,"href":"https:\/\/www.fokussrl.com\/fr\/wp-json\/wp\/v2\/media\/53945"}],"wp:attachment":[{"href":"https:\/\/www.fokussrl.com\/fr\/wp-json\/wp\/v2\/media?parent=58583"}],"wp:term":[{"taxonomy":"product_brand","embeddable":true,"href":"https:\/\/www.fokussrl.com\/fr\/wp-json\/wp\/v2\/product_brand?post=58583"},{"taxonomy":"product_cat","embeddable":true,"href":"https:\/\/www.fokussrl.com\/fr\/wp-json\/wp\/v2\/product_cat?post=58583"},{"taxonomy":"product_tag","embeddable":true,"href":"https:\/\/www.fokussrl.com\/fr\/wp-json\/wp\/v2\/product_tag?post=58583"}],"curies":[{"name":"wp","href":"https:\/\/api.w.org\/{rel}","templated":true}]}}