{"id":58589,"date":"2025-02-01T16:51:27","date_gmt":"2025-02-01T15:51:27","guid":{"rendered":"http:\/\/fokussrl.com\/prodotto\/chaudiere-biomasse-cs-marina\/"},"modified":"2025-02-01T16:58:00","modified_gmt":"2025-02-01T15:58:00","slug":"chaudiere-biomasse-cs-marina","status":"publish","type":"product","link":"https:\/\/www.fokussrl.com\/fr\/produit\/chaudiere-biomasse-cs-marina\/","title":{"rendered":"Chaudi\u00e8re biomasse CS Marina &#8211; Pasqualicchio"},"content":{"rendered":"","protected":false},"excerpt":{"rendered":"<p>Chaudi\u00e8re Biomasse CS.<\/p>\n<p>La CS Marina est une chaudi\u00e8re pour le chauffage et la production d&rsquo;eau chaude. Elle utilise des combustibles solides d\u00e9chiquet\u00e9s provenant de sources d&rsquo;\u00e9nergie renouvelables telles que les granul\u00e9s, les grignons, les coques d&rsquo;amandes, les coques de pistaches, les coques de noisettes et les coques de pignons.<\/p>\n<p>La chaudi\u00e8re CS Marina est con\u00e7ue pour atteindre des niveaux optimaux de combustion de la biomasse. Elle peut \u00eatre aliment\u00e9e en bois, granul\u00e9s, grignons d&rsquo;olives, ma\u00efs et marc de raisin. Id\u00e9ale pour chauffer de grands espaces gr\u00e2ce \u00e0 sa haute valeur calorifique, elle convient aux environnements r\u00e9sidentiels et industriels (ateliers, entrep\u00f4ts, usines). Sa grande polyvalence et ses nombreuses options de personnalisation permettent une installation dans tout type d&rsquo;environnement. La chaudi\u00e8re CS Marina produit de l&rsquo;\u00e9nergie \u00e0 faible co\u00fbt en utilisant des combustibles naturels, assurant une \u00e9conomie d&rsquo;environ 50 % par rapport aux combustibles traditionnels. La chaudi\u00e8re est conforme \u00e0 la norme europ\u00e9enne EN 303-5 et appartient \u00e0 la classe 3 pour les \u00e9missions et les rendements. Ceux-ci sont certifi\u00e9s \u00e0 89 % par les laboratoires TUV. Les mat\u00e9riaux utilis\u00e9s pour sa production sont enti\u00e8rement certifi\u00e9s et soumis \u00e0 des contr\u00f4les et tests rigoureux tout au long du processus de fabrication, permettant \u00e0 la chaudi\u00e8re d&rsquo;atteindre des normes de qualit\u00e9 extr\u00eamement \u00e9lev\u00e9es.<\/p>\n","protected":false},"featured_media":53959,"template":"","meta":{"_acf_changed":false},"product_brand":[4833],"product_cat":[4576],"product_tag":[],"class_list":{"0":"post-58589","1":"product","2":"type-product","3":"status-publish","4":"has-post-thumbnail","6":"product_brand-pasqualicchio-fr","7":"product_cat-chaudieres-multicombustibles","8":"product_shipping_class-caldaie-policombustibili-2-2","9":"pa_potenza-130-kw-fr","10":"pa_potenza-180-kw-fr","11":"pa_potenza-230-kw-fr","12":"pa_potenza-300-kw-fr","13":"pa_potenza-34-kw-fr","14":"pa_potenza-40-kw-fr","15":"pa_potenza-400-kw-fr","16":"pa_potenza-500-kw-fr","17":"pa_potenza-60-kw-fr","18":"pa_potenza-650-kw-fr","19":"pa_potenza-80-kw-fr","20":"pa_potenza-800-kw-fr","21":"pa_potenza-900-kw-fr","22":"pa_potenza-99-kw-fr","23":"sales-flash-overlay","24":"woocommerce-text-align-center","25":"woocommerce-image-align-center","26":"do-quantity-buttons","28":"first","29":"instock","30":"taxable","31":"shipping-taxable","32":"purchasable","33":"product-type-variable"},"acf":[],"_links":{"self":[{"href":"https:\/\/www.fokussrl.com\/fr\/wp-json\/wp\/v2\/product\/58589","targetHints":{"allow":["GET"]}}],"collection":[{"href":"https:\/\/www.fokussrl.com\/fr\/wp-json\/wp\/v2\/product"}],"about":[{"href":"https:\/\/www.fokussrl.com\/fr\/wp-json\/wp\/v2\/types\/product"}],"wp:featuredmedia":[{"embeddable":true,"href":"https:\/\/www.fokussrl.com\/fr\/wp-json\/wp\/v2\/media\/53959"}],"wp:attachment":[{"href":"https:\/\/www.fokussrl.com\/fr\/wp-json\/wp\/v2\/media?parent=58589"}],"wp:term":[{"taxonomy":"product_brand","embeddable":true,"href":"https:\/\/www.fokussrl.com\/fr\/wp-json\/wp\/v2\/product_brand?post=58589"},{"taxonomy":"product_cat","embeddable":true,"href":"https:\/\/www.fokussrl.com\/fr\/wp-json\/wp\/v2\/product_cat?post=58589"},{"taxonomy":"product_tag","embeddable":true,"href":"https:\/\/www.fokussrl.com\/fr\/wp-json\/wp\/v2\/product_tag?post=58589"}],"curies":[{"name":"wp","href":"https:\/\/api.w.org\/{rel}","templated":true}]}}