{"id":58611,"date":"2025-02-01T16:51:31","date_gmt":"2025-02-01T15:51:31","guid":{"rendered":"http:\/\/fokussrl.com\/prodotto\/chaudiere-bois-flamme-inversee-aspiro-plus\/"},"modified":"2025-02-01T16:58:03","modified_gmt":"2025-02-01T15:58:03","slug":"chaudiere-bois-flamme-inversee-aspiro-plus","status":"publish","type":"product","link":"https:\/\/www.fokussrl.com\/fr\/produit\/chaudiere-bois-flamme-inversee-aspiro-plus\/","title":{"rendered":"Chaudi\u00e8re \u00e0 bois \u00e0 flamme invers\u00e9e ASPIRO PLUS &#8211; Pasqualicchio"},"content":{"rendered":"","protected":false},"excerpt":{"rendered":"<p>Aspiro est la nouvelle g\u00e9n\u00e9ration de chaudi\u00e8res \u00e0 bois \u00e0 gaz\u00e9ification \u00e0 flamme invers\u00e9e sign\u00e9e Pasqualicchio. La flamme invers\u00e9e est une technologie efficace et intuitive qui offre une puissance plus stable et une combustion mieux contr\u00f4l\u00e9e, au b\u00e9n\u00e9fice du rendement. Contrairement \u00e0 la combustion traditionnelle, o\u00f9 les fum\u00e9es ont tendance \u00e0 monter vers le haut de l&rsquo;\u00e9changeur de chaleur avant de sortir par la chemin\u00e9e, la technologie Aspiro force la flamme vers le bas, dans une chambre de combustion enti\u00e8rement r\u00e9fractaire, augmentant consid\u00e9rablement la temp\u00e9rature. La technologie Aspiro, de la gamme Pasqualicchio, repose sur le principe de la gaz\u00e9ification du bois. Le combustible solide, au contact des braises, d\u00e9gage des gaz qui, combin\u00e9s avec l&rsquo;air comburant primaire, cr\u00e9ent un m\u00e9lange combustible. Ce m\u00e9lange est aspir\u00e9 \u00e0 travers les fentes de la grille dans la zone inf\u00e9rieure du foyer (zone d&rsquo;\u00e9change), o\u00f9 il donne naissance \u00e0 la caract\u00e9ristique flamme invers\u00e9e.<\/p>\n<p>La gaz\u00e9ification, au lieu de br\u00fbler directement le bois, utilise les gaz qu&rsquo;il contient, permettant une utilisation totale du combustible solide, un rendement de combustion \u00e9lev\u00e9 et un impact environnemental minimal gr\u00e2ce \u00e0 l&rsquo;absence de fum\u00e9es imbr\u00fbl\u00e9es et de substances nocives. Aspiro est la chaudi\u00e8re id\u00e9ale pour ceux qui souhaitent se chauffer de mani\u00e8re \u00e9conomique et durable, en utilisant le bois comme combustible et en maximisant sa haute valeur calorifique avec une s\u00e9rie d&rsquo;avantages.<\/p>\n","protected":false},"featured_media":53993,"template":"","meta":{"_acf_changed":false},"product_brand":[4833],"product_cat":[4574],"product_tag":[],"class_list":{"0":"post-58611","1":"product","2":"type-product","3":"status-publish","4":"has-post-thumbnail","6":"product_brand-pasqualicchio-fr","7":"product_cat-chaudieres-au-bois","8":"product_shipping_class-caldaie-a-legna-fr","9":"pa_potenza-25-kw-fr","10":"pa_potenza-35-kw-fr","11":"pa_potenza-50-kw-fr","12":"sales-flash-overlay","13":"woocommerce-text-align-center","14":"woocommerce-image-align-center","15":"do-quantity-buttons","17":"first","18":"instock","19":"taxable","20":"shipping-taxable","21":"purchasable","22":"product-type-variable"},"acf":[],"_links":{"self":[{"href":"https:\/\/www.fokussrl.com\/fr\/wp-json\/wp\/v2\/product\/58611","targetHints":{"allow":["GET"]}}],"collection":[{"href":"https:\/\/www.fokussrl.com\/fr\/wp-json\/wp\/v2\/product"}],"about":[{"href":"https:\/\/www.fokussrl.com\/fr\/wp-json\/wp\/v2\/types\/product"}],"wp:featuredmedia":[{"embeddable":true,"href":"https:\/\/www.fokussrl.com\/fr\/wp-json\/wp\/v2\/media\/53993"}],"wp:attachment":[{"href":"https:\/\/www.fokussrl.com\/fr\/wp-json\/wp\/v2\/media?parent=58611"}],"wp:term":[{"taxonomy":"product_brand","embeddable":true,"href":"https:\/\/www.fokussrl.com\/fr\/wp-json\/wp\/v2\/product_brand?post=58611"},{"taxonomy":"product_cat","embeddable":true,"href":"https:\/\/www.fokussrl.com\/fr\/wp-json\/wp\/v2\/product_cat?post=58611"},{"taxonomy":"product_tag","embeddable":true,"href":"https:\/\/www.fokussrl.com\/fr\/wp-json\/wp\/v2\/product_tag?post=58611"}],"curies":[{"name":"wp","href":"https:\/\/api.w.org\/{rel}","templated":true}]}}