{"id":58615,"date":"2025-02-01T16:51:31","date_gmt":"2025-02-01T15:51:31","guid":{"rendered":"http:\/\/fokussrl.com\/prodotto\/chaudiere-bois-flamme-inversee-pirolambda\/"},"modified":"2025-02-01T16:58:04","modified_gmt":"2025-02-01T15:58:04","slug":"chaudiere-bois-flamme-inversee-pirolambda","status":"publish","type":"product","link":"https:\/\/www.fokussrl.com\/fr\/produit\/chaudiere-bois-flamme-inversee-pirolambda\/","title":{"rendered":"Chaudi\u00e8re \u00e0 bois \u00e0 flamme invers\u00e9e PIROLAMBDA &#8211; Kalor"},"content":{"rendered":"","protected":false},"excerpt":{"rendered":"<p><strong>CHAUDI\u00c8RES \u00c0 BOIS PIROLAMBDA MOD\u00c8LE : 25 | 32 | 34 | 45<\/strong><\/p>\n<p>La chaudi\u00e8re \u00e0 bois Pirolambda, avec une puissance thermique de 25, 32, 34 et 45 kW, est aliment\u00e9e en bois avec une teneur en humidit\u00e9 inf\u00e9rieure \u00e0 25%.<\/p>\n<p>Gr\u00e2ce au principe de pyrolyse, le combustible est compl\u00e8tement br\u00fbl\u00e9.<\/p>\n<p>La grande chemin\u00e9e permet d&rsquo;alimenter la chaudi\u00e8re avec des morceaux de bois d&rsquo;une longueur allant jusqu&rsquo;\u00e0 550 mm. Une charge de bois dure au moins 5 heures et peut \u00eatre augment\u00e9e tout au long de la journ\u00e9e en fonctionnant \u00e0 des temp\u00e9ratures plus basses.<\/p>\n<p>La chaudi\u00e8re peut maintenir des braises jusqu&rsquo;\u00e0 12 heures, et sa gestion est contr\u00f4l\u00e9e par le capteur lambda, install\u00e9 en \u00e9quipement standard, qui r\u00e9gule automatiquement les actionneurs des registres d&rsquo;air primaire et secondaire et la vitesse de l&rsquo;extracteur de fum\u00e9e.<\/p>\n<p>La chaudi\u00e8re est facile \u00e0 g\u00e9rer et est \u00e9quip\u00e9e d&rsquo;un \u00e9cran couleur garantissant une utilisation facile.<\/p>\n","protected":false},"featured_media":54009,"template":"","meta":{"_acf_changed":false},"product_brand":[4818],"product_cat":[4574],"product_tag":[],"class_list":{"0":"post-58615","1":"product","2":"type-product","3":"status-publish","4":"has-post-thumbnail","6":"product_brand-kalor-fr","7":"product_cat-chaudieres-au-bois","8":"product_shipping_class-caldaie-a-legna-fr","10":"pa_potenza-25-kw-fr","11":"pa_potenza-32-kw-fr","12":"pa_potenza-34-kw-fr","13":"pa_potenza-45-kw-fr","14":"sales-flash-overlay","15":"woocommerce-text-align-center","16":"woocommerce-image-align-center","17":"do-quantity-buttons","19":"first","20":"instock","21":"taxable","22":"shipping-taxable","23":"purchasable","24":"product-type-variable"},"acf":[],"_links":{"self":[{"href":"https:\/\/www.fokussrl.com\/fr\/wp-json\/wp\/v2\/product\/58615","targetHints":{"allow":["GET"]}}],"collection":[{"href":"https:\/\/www.fokussrl.com\/fr\/wp-json\/wp\/v2\/product"}],"about":[{"href":"https:\/\/www.fokussrl.com\/fr\/wp-json\/wp\/v2\/types\/product"}],"wp:featuredmedia":[{"embeddable":true,"href":"https:\/\/www.fokussrl.com\/fr\/wp-json\/wp\/v2\/media\/54009"}],"wp:attachment":[{"href":"https:\/\/www.fokussrl.com\/fr\/wp-json\/wp\/v2\/media?parent=58615"}],"wp:term":[{"taxonomy":"product_brand","embeddable":true,"href":"https:\/\/www.fokussrl.com\/fr\/wp-json\/wp\/v2\/product_brand?post=58615"},{"taxonomy":"product_cat","embeddable":true,"href":"https:\/\/www.fokussrl.com\/fr\/wp-json\/wp\/v2\/product_cat?post=58615"},{"taxonomy":"product_tag","embeddable":true,"href":"https:\/\/www.fokussrl.com\/fr\/wp-json\/wp\/v2\/product_tag?post=58615"}],"curies":[{"name":"wp","href":"https:\/\/api.w.org\/{rel}","templated":true}]}}