{"id":58620,"date":"2025-02-01T16:51:31","date_gmt":"2025-02-01T15:51:31","guid":{"rendered":"http:\/\/fokussrl.com\/prodotto\/chaudiere-bois-flamme-inversee-pirolitica\/"},"modified":"2025-02-01T16:58:05","modified_gmt":"2025-02-01T15:58:05","slug":"chaudiere-bois-flamme-inversee-pirolitica","status":"publish","type":"product","link":"https:\/\/www.fokussrl.com\/fr\/produit\/chaudiere-bois-flamme-inversee-pirolitica\/","title":{"rendered":"Chaudi\u00e8re \u00e0 bois \u00e0 flamme invers\u00e9e PIROLITICA &#8211; Carinci"},"content":{"rendered":"","protected":false},"excerpt":{"rendered":"<p>VERSION AVEC CERTIFICATION ENVIRONNEMENTALE 5 \u00c9TOILES.<\/p>\n<p>La chaudi\u00e8re pyrolitique Carinci a \u00e9t\u00e9 d\u00e9velopp\u00e9e avec des syst\u00e8mes et des technologies de pointe, utilisant le principe de la flamme invers\u00e9e, ainsi nomm\u00e9e car le br\u00fbleur o\u00f9 se produit la combustion est situ\u00e9 en dessous du compartiment o\u00f9 le combustible est charg\u00e9. Par cons\u00e9quent, au lieu de se propager vers le haut, la flamme est aspir\u00e9e vers le bas.<\/p>\n<p>SYST\u00c8ME \u00c0 FLAMME INVERS\u00c9E Le bois est plac\u00e9 dans le compartiment sup\u00e9rieur et est continuellement pr\u00e9-s\u00e9ch\u00e9 via un extracteur, lib\u00e9rant ainsi le gaz naturel qu&rsquo;il contient.<\/p>\n<p>Ce gaz est ensuite aspir\u00e9 dans le br\u00fbleur pyrolitique en c\u00e9ramique, situ\u00e9 dans la partie inf\u00e9rieure de la tr\u00e9mie o\u00f9 le bois est positionn\u00e9. En pr\u00e9sence de temp\u00e9ratures extr\u00eamement \u00e9lev\u00e9es, les gaz s&rsquo;enflamment, g\u00e9n\u00e9rant une combustion compl\u00e8te.<\/p>\n<p>Ce syst\u00e8me garantit une utilisation maximale du combustible, offrant une autonomie de chauffage de plusieurs heures, permettant \u00e0 l&rsquo;utilisateur de partir en toute libert\u00e9 et s\u00e9curit\u00e9, sans avoir besoin d&rsquo;une attention fr\u00e9quente et d&rsquo;un r\u00e9approvisionnement.<\/p>\n<p>La chaudi\u00e8re pyrolitique Carinci, en plus de fournir des performances exceptionnelles, est \u00e9galement simple et pratique \u00e0 utiliser.<\/p>\n","protected":false},"featured_media":54018,"template":"","meta":{"_acf_changed":false},"product_brand":[4802],"product_cat":[4574],"product_tag":[],"class_list":{"0":"post-58620","1":"product","2":"type-product","3":"status-publish","4":"has-post-thumbnail","6":"product_brand-carinci-fr","7":"product_cat-chaudieres-au-bois","8":"product_shipping_class-caldaie-a-legna-fr","10":"pa_potenza-20-kw-fr","11":"pa_potenza-25-kw-fr","12":"pa_potenza-32-kw-fr","13":"sales-flash-overlay","14":"woocommerce-text-align-center","15":"woocommerce-image-align-center","16":"do-quantity-buttons","18":"first","19":"instock","20":"taxable","21":"shipping-taxable","22":"purchasable","23":"product-type-variable"},"acf":[],"_links":{"self":[{"href":"https:\/\/www.fokussrl.com\/fr\/wp-json\/wp\/v2\/product\/58620","targetHints":{"allow":["GET"]}}],"collection":[{"href":"https:\/\/www.fokussrl.com\/fr\/wp-json\/wp\/v2\/product"}],"about":[{"href":"https:\/\/www.fokussrl.com\/fr\/wp-json\/wp\/v2\/types\/product"}],"wp:featuredmedia":[{"embeddable":true,"href":"https:\/\/www.fokussrl.com\/fr\/wp-json\/wp\/v2\/media\/54018"}],"wp:attachment":[{"href":"https:\/\/www.fokussrl.com\/fr\/wp-json\/wp\/v2\/media?parent=58620"}],"wp:term":[{"taxonomy":"product_brand","embeddable":true,"href":"https:\/\/www.fokussrl.com\/fr\/wp-json\/wp\/v2\/product_brand?post=58620"},{"taxonomy":"product_cat","embeddable":true,"href":"https:\/\/www.fokussrl.com\/fr\/wp-json\/wp\/v2\/product_cat?post=58620"},{"taxonomy":"product_tag","embeddable":true,"href":"https:\/\/www.fokussrl.com\/fr\/wp-json\/wp\/v2\/product_tag?post=58620"}],"curies":[{"name":"wp","href":"https:\/\/api.w.org\/{rel}","templated":true}]}}