{"id":58628,"date":"2025-02-01T16:51:36","date_gmt":"2025-02-01T15:51:36","guid":{"rendered":"http:\/\/fokussrl.com\/prodotto\/chaudiere-bois-flamme-inversee-rovescia\/"},"modified":"2025-02-01T16:58:08","modified_gmt":"2025-02-01T15:58:08","slug":"chaudiere-bois-flamme-inversee-rovescia","status":"publish","type":"product","link":"https:\/\/www.fokussrl.com\/fr\/produit\/chaudiere-bois-flamme-inversee-rovescia\/","title":{"rendered":"Chaudi\u00e8re \u00e0 bois \u00e0 flamme invers\u00e9e ROVESCIA &#8211; Kalor"},"content":{"rendered":"","protected":false},"excerpt":{"rendered":"<p>La chaudi\u00e8re \u00e0 bois invers\u00e9e, avec une puissance thermique de 25-31-45 kW, doit \u00eatre aliment\u00e9e avec du bois ayant une teneur en humidit\u00e9 inf\u00e9rieure \u00e0 25%.<\/p>\n<p>Gr\u00e2ce au principe de pyrolyse, le combustible est compl\u00e8tement br\u00fbl\u00e9. Le foyer spacieux permet d&rsquo;alimenter la chaudi\u00e8re avec des morceaux de bois d&rsquo;une longueur allant jusqu&rsquo;\u00e0 500 mm. Un cycle dure au moins 5 heures \u00e0 pleine charge et peut augmenter en fonctionnant \u00e0 des temp\u00e9ratures de chauffage plus basses.<\/p>\n<p>La chaudi\u00e8re peut maintenir des braises jusqu&rsquo;\u00e0 12 heures. Il est possible de connecter directement la chaudi\u00e8re au syst\u00e8me de chauffage \u00e0 l&rsquo;aide de la vanne thermostatique \u00e0 trois voies ou via des r\u00e9servoirs de stockage.<\/p>\n<p>Avec les chaudi\u00e8res pyrolitiques dans les syst\u00e8mes \u00e0 vase ouvert, il est n\u00e9cessaire d&rsquo;installer le r\u00e9servoir de stockage, le circulateur et la vanne thermostatique \u00e0 trois voies. Pour les installations de syst\u00e8mes de chauffage \u00e0 vase ferm\u00e9, en plus de ce qui pr\u00e9c\u00e8de, il est n\u00e9cessaire d&rsquo;installer la vanne de s\u00e9curit\u00e9 thermique, le groupe de protection-ventilation (2,5 bar) et le vase d&rsquo;expansion.<\/p>\n","protected":false},"featured_media":54030,"template":"","meta":{"_acf_changed":false},"product_brand":[4818],"product_cat":[4574],"product_tag":[],"class_list":{"0":"post-58628","1":"product","2":"type-product","3":"status-publish","4":"has-post-thumbnail","6":"product_brand-kalor-fr","7":"product_cat-chaudieres-au-bois","8":"product_shipping_class-caldaie-a-legna-fr","9":"pa_potenza-25-kw-fr","10":"pa_potenza-31-kw-fr","11":"pa_potenza-35-kw-fr","12":"pa_potenza-45-kw-fr","13":"sales-flash-overlay","14":"woocommerce-text-align-center","15":"woocommerce-image-align-center","16":"do-quantity-buttons","18":"first","19":"instock","20":"taxable","21":"shipping-taxable","22":"purchasable","23":"product-type-variable"},"acf":[],"_links":{"self":[{"href":"https:\/\/www.fokussrl.com\/fr\/wp-json\/wp\/v2\/product\/58628","targetHints":{"allow":["GET"]}}],"collection":[{"href":"https:\/\/www.fokussrl.com\/fr\/wp-json\/wp\/v2\/product"}],"about":[{"href":"https:\/\/www.fokussrl.com\/fr\/wp-json\/wp\/v2\/types\/product"}],"wp:featuredmedia":[{"embeddable":true,"href":"https:\/\/www.fokussrl.com\/fr\/wp-json\/wp\/v2\/media\/54030"}],"wp:attachment":[{"href":"https:\/\/www.fokussrl.com\/fr\/wp-json\/wp\/v2\/media?parent=58628"}],"wp:term":[{"taxonomy":"product_brand","embeddable":true,"href":"https:\/\/www.fokussrl.com\/fr\/wp-json\/wp\/v2\/product_brand?post=58628"},{"taxonomy":"product_cat","embeddable":true,"href":"https:\/\/www.fokussrl.com\/fr\/wp-json\/wp\/v2\/product_cat?post=58628"},{"taxonomy":"product_tag","embeddable":true,"href":"https:\/\/www.fokussrl.com\/fr\/wp-json\/wp\/v2\/product_tag?post=58628"}],"curies":[{"name":"wp","href":"https:\/\/api.w.org\/{rel}","templated":true}]}}