{"id":58633,"date":"2025-02-01T16:51:36","date_gmt":"2025-02-01T15:51:36","guid":{"rendered":"http:\/\/fokussrl.com\/prodotto\/chaudiere-bois-flamme-inversee-termowood-g-natural\/"},"modified":"2025-02-01T16:58:08","modified_gmt":"2025-02-01T15:58:08","slug":"chaudiere-bois-flamme-inversee-termowood-g-natural","status":"publish","type":"product","link":"https:\/\/www.fokussrl.com\/fr\/produit\/chaudiere-bois-flamme-inversee-termowood-g-natural\/","title":{"rendered":"Chaudi\u00e8re \u00e0 bois \u00e0 flamme invers\u00e9e TERMOWOOD G NATURAL &#8211; Laminox"},"content":{"rendered":"","protected":false},"excerpt":{"rendered":"<p>La puissance est r\u00e9glable jusqu&rsquo;\u00e0 30 % de la puissance nominale. Le r\u00e9gulateur permet un r\u00e9glage facile de la puissance de la chaudi\u00e8re souhait\u00e9e \u00e0 l&rsquo;aide d&rsquo;une commande rotative. Le r\u00e9gulateur ajuste la puissance en fonction de la temp\u00e9rature des gaz de fum\u00e9e. Un bouton am\u00e8ne l&rsquo;extracteur de fum\u00e9e \u00e0 pleine puissance pour un chargement facile du combustible sans probl\u00e8mes et emp\u00eache les fuites de fum\u00e9e. Possibilit\u00e9 de fonctionnement sans \u00e9lectricit\u00e9.<\/p>\n","protected":false},"featured_media":54039,"template":"","meta":{"_acf_changed":false},"product_brand":[4826],"product_cat":[4574],"product_tag":[],"class_list":{"0":"post-58633","1":"product","2":"type-product","3":"status-publish","4":"has-post-thumbnail","6":"product_brand-laminox-idro-fr","7":"product_cat-chaudieres-au-bois","8":"product_shipping_class-caldaie-a-legna-fr","9":"pa_potenza-26-kw-fr","10":"pa_potenza-40-kw-fr","11":"sales-flash-overlay","12":"woocommerce-text-align-center","13":"woocommerce-image-align-center","14":"do-quantity-buttons","16":"first","17":"instock","18":"taxable","19":"shipping-taxable","20":"purchasable","21":"product-type-variable"},"acf":[],"_links":{"self":[{"href":"https:\/\/www.fokussrl.com\/fr\/wp-json\/wp\/v2\/product\/58633","targetHints":{"allow":["GET"]}}],"collection":[{"href":"https:\/\/www.fokussrl.com\/fr\/wp-json\/wp\/v2\/product"}],"about":[{"href":"https:\/\/www.fokussrl.com\/fr\/wp-json\/wp\/v2\/types\/product"}],"wp:featuredmedia":[{"embeddable":true,"href":"https:\/\/www.fokussrl.com\/fr\/wp-json\/wp\/v2\/media\/54039"}],"wp:attachment":[{"href":"https:\/\/www.fokussrl.com\/fr\/wp-json\/wp\/v2\/media?parent=58633"}],"wp:term":[{"taxonomy":"product_brand","embeddable":true,"href":"https:\/\/www.fokussrl.com\/fr\/wp-json\/wp\/v2\/product_brand?post=58633"},{"taxonomy":"product_cat","embeddable":true,"href":"https:\/\/www.fokussrl.com\/fr\/wp-json\/wp\/v2\/product_cat?post=58633"},{"taxonomy":"product_tag","embeddable":true,"href":"https:\/\/www.fokussrl.com\/fr\/wp-json\/wp\/v2\/product_tag?post=58633"}],"curies":[{"name":"wp","href":"https:\/\/api.w.org\/{rel}","templated":true}]}}