{"id":58643,"date":"2025-02-01T16:51:36","date_gmt":"2025-02-01T15:51:36","guid":{"rendered":"http:\/\/fokussrl.com\/prodotto\/chaudiere-bois-gazeification-ma-n-lambda\/"},"modified":"2025-02-01T16:58:11","modified_gmt":"2025-02-01T15:58:11","slug":"chaudiere-bois-gazeification-ma-n-lambda","status":"publish","type":"product","link":"https:\/\/www.fokussrl.com\/fr\/produit\/chaudiere-bois-gazeification-ma-n-lambda\/","title":{"rendered":"Chaudi\u00e8re \u00e0 bois \u00e0 gaz\u00e9ification MA-N Lambda &#8211; Maga"},"content":{"rendered":"","protected":false},"excerpt":{"rendered":"<p>Les chaudi\u00e8res \u00e0 gaz\u00e9ification de bois de la s\u00e9rie MA-N r\u00e9pondent aux exigences europ\u00e9ennes les plus strictes en mati\u00e8re de combustion \u00e9cologique et \u00e9conomique, conformes \u00e0 la 5\u00e8me classe d&rsquo;\u00e9mission (EN 303-5:2012) et aux normes ECODESIGN. Elles repr\u00e9sentent la mani\u00e8re la plus \u00e9cologique d&rsquo;utiliser le bois, permettant d&rsquo;\u00e9conomiser sur les co\u00fbts d&rsquo;exploitation et d&rsquo;am\u00e9liorer le confort de l&rsquo;utilisateur.<br \/>Disponibles en versions de puissance de 28 et 38 kW.<\/p>\n<p>Les chaudi\u00e8res sont fabriqu\u00e9es avec des mat\u00e9riaux de haute qualit\u00e9. Leur principal avantage est une construction simple, compos\u00e9e d&rsquo;une chambre d&rsquo;application et de combustion, d&rsquo;une buse en b\u00e9ton r\u00e9fractaire hautement r\u00e9sistante, de c\u00e9ramiques r\u00e9sistantes aux hautes temp\u00e9ratures, d&rsquo;un \u00e9changeur de chaleur tubulaire et d&rsquo;une isolation min\u00e9rale. Le corps de la chaudi\u00e8re est r\u00e9alis\u00e9 par soudage de t\u00f4les d&rsquo;acier de haute qualit\u00e9. La partie interne est constitu\u00e9e d&rsquo;une t\u00f4le d&rsquo;acier de chaudi\u00e8re d&rsquo;une \u00e9paisseur de 6 mm. La combustion fonctionne selon le principe de la gaz\u00e9ification du g\u00e9n\u00e9rateur \u00e0 haute temp\u00e9rature (environ 1100-1250 \u00b0C). La combustion du gaz de bois est assist\u00e9e par un extracteur, qui aspire l&rsquo;air primaire dans la chambre et l&rsquo;air secondaire dans la buse via des clapets contr\u00f4l\u00e9s par une sonde Lambda. Ce syst\u00e8me de combustion est extr\u00eamement \u00e9conomique, permettant d&rsquo;\u00e9conomiser jusqu&rsquo;\u00e0 40 % de combustible par rapport \u00e0 la combustion traditionnelle du bois dans les chaudi\u00e8res en fonte. Les chaudi\u00e8res sont \u00e9quip\u00e9es d&rsquo;un \u00e9changeur de chaleur de refroidissement de s\u00e9curit\u00e9 pour \u00e9viter les surchauffes.<br \/>Parmi les autres avantages figurent une grande fiabilit\u00e9, une faible consommation de bois, une utilisation simple, un fonctionnement sans poussi\u00e8re, la combustion de bois tendre et dur, une grande chambre d&rsquo;alimentation, une quantit\u00e9 minimale de d\u00e9chets et l&rsquo;arr\u00eat automatique du ventilateur et de la pompe.<\/p>\n<p>Le nettoyage de base de la chaudi\u00e8re est tr\u00e8s simple gr\u00e2ce au levier. Des mouvements r\u00e9p\u00e9t\u00e9s nettoient suffisamment l&rsquo;\u00e9changeur de chaleur. Le confort de l&rsquo;op\u00e9rateur lors du ravitaillement en carburant est assur\u00e9 par le ventilateur d&rsquo;extraction, qui aspire les gaz d&rsquo;\u00e9chappement afin que la fum\u00e9e ne s&rsquo;\u00e9chappe pas dans l&rsquo;environnement.<\/p>\n<p>Il est recommand\u00e9 de connecter la chaudi\u00e8re avec Magamat ou LADDOMAT (Laddomat 21-60, 11-100 selon la puissance), ce qui permet d&rsquo;atteindre une temp\u00e9rature minimale de l&rsquo;eau de retour \u00e0 la chaudi\u00e8re de 55 \u00b0C comme protection contre la corrosion \u00e0 basse temp\u00e9rature. La temp\u00e9rature de sortie de la chaudi\u00e8re est maintenue dans une plage comprise entre 80 et 85 \u00b0C.<\/p>\n","protected":false},"featured_media":54077,"template":"","meta":{"_acf_changed":false},"product_brand":[4829],"product_cat":[4574],"product_tag":[],"class_list":{"0":"post-58643","1":"product","2":"type-product","3":"status-publish","4":"has-post-thumbnail","6":"product_brand-maga-fr","7":"product_cat-chaudieres-au-bois","8":"product_shipping_class-caldaie-a-legna-fr","9":"pa_potenza-28-kw-fr","10":"pa_potenza-38-kw-fr","11":"sales-flash-overlay","12":"woocommerce-text-align-center","13":"woocommerce-image-align-center","14":"do-quantity-buttons","16":"first","17":"instock","18":"taxable","19":"shipping-taxable","20":"purchasable","21":"product-type-variable"},"acf":[],"_links":{"self":[{"href":"https:\/\/www.fokussrl.com\/fr\/wp-json\/wp\/v2\/product\/58643","targetHints":{"allow":["GET"]}}],"collection":[{"href":"https:\/\/www.fokussrl.com\/fr\/wp-json\/wp\/v2\/product"}],"about":[{"href":"https:\/\/www.fokussrl.com\/fr\/wp-json\/wp\/v2\/types\/product"}],"wp:featuredmedia":[{"embeddable":true,"href":"https:\/\/www.fokussrl.com\/fr\/wp-json\/wp\/v2\/media\/54077"}],"wp:attachment":[{"href":"https:\/\/www.fokussrl.com\/fr\/wp-json\/wp\/v2\/media?parent=58643"}],"wp:term":[{"taxonomy":"product_brand","embeddable":true,"href":"https:\/\/www.fokussrl.com\/fr\/wp-json\/wp\/v2\/product_brand?post=58643"},{"taxonomy":"product_cat","embeddable":true,"href":"https:\/\/www.fokussrl.com\/fr\/wp-json\/wp\/v2\/product_cat?post=58643"},{"taxonomy":"product_tag","embeddable":true,"href":"https:\/\/www.fokussrl.com\/fr\/wp-json\/wp\/v2\/product_tag?post=58643"}],"curies":[{"name":"wp","href":"https:\/\/api.w.org\/{rel}","templated":true}]}}