{"id":58659,"date":"2025-02-01T16:51:41","date_gmt":"2025-02-01T15:51:41","guid":{"rendered":"http:\/\/fokussrl.com\/prodotto\/chaudiere-bois-prime-boiler\/"},"modified":"2025-02-01T16:58:17","modified_gmt":"2025-02-01T15:58:17","slug":"chaudiere-bois-prime-boiler","status":"publish","type":"product","link":"https:\/\/www.fokussrl.com\/fr\/produit\/chaudiere-bois-prime-boiler\/","title":{"rendered":"Chaudi\u00e8re \u00e0 bois PRIME BOILER &#8211; Burnit"},"content":{"rendered":"","protected":false},"excerpt":{"rendered":"<p>Chaudi\u00e8re \u00e0 combustible solide en acier avec contr\u00f4le \u00e9lectronique intelligent et ventilateur pour la circulation forc\u00e9e de l&rsquo;air. Elle est \u00e9galement adapt\u00e9e \u00e0 une utilisation avec des \u00e9co-briquettes, et un br\u00fbleur \u00e0 granul\u00e9s, gaz ou fioul peut \u00eatre install\u00e9.<\/p>\n<p>La jaquette d&rsquo;eau entoure compl\u00e8tement la chambre de combustion pour maximiser la chaleur lib\u00e9r\u00e9e. La chambre de combustion poss\u00e8de une grande surface d&rsquo;\u00e9change thermique et une faible r\u00e9sistance de la chambre. La grande et pratique porte de la chambre de combustion facilite le remplissage avec du combustible solide jusqu&rsquo;\u00e0 50 cm. La surface nervur\u00e9e de la chambre de combustion et le chemin des gaz de fum\u00e9e \u00e0 trois voies am\u00e9liorent l&rsquo;\u00e9change thermique. La grille m\u00e9tallique rempla\u00e7able prot\u00e8ge la chambre de combustion du feu.<\/p>\n","protected":false},"featured_media":54133,"template":"","meta":{"_acf_changed":false},"product_brand":[4800],"product_cat":[4574],"product_tag":[],"class_list":{"0":"post-58659","1":"product","2":"type-product","3":"status-publish","4":"has-post-thumbnail","6":"product_brand-burnit-fr","7":"product_cat-chaudieres-au-bois","8":"product_shipping_class-caldaie-a-legna-fr","9":"pa_potenza-110-kw-fr","10":"pa_potenza-20-kw-fr","11":"pa_potenza-25-kw-fr","12":"pa_potenza-30-kw-fr","13":"pa_potenza-40-kw-fr","14":"pa_potenza-50-kw-fr","15":"pa_potenza-70-kw-fr","16":"pa_potenza-90-kw-fr","17":"sales-flash-overlay","18":"woocommerce-text-align-center","19":"woocommerce-image-align-center","20":"do-quantity-buttons","22":"first","23":"instock","24":"taxable","25":"shipping-taxable","26":"product-type-variable"},"acf":[],"_links":{"self":[{"href":"https:\/\/www.fokussrl.com\/fr\/wp-json\/wp\/v2\/product\/58659","targetHints":{"allow":["GET"]}}],"collection":[{"href":"https:\/\/www.fokussrl.com\/fr\/wp-json\/wp\/v2\/product"}],"about":[{"href":"https:\/\/www.fokussrl.com\/fr\/wp-json\/wp\/v2\/types\/product"}],"wp:featuredmedia":[{"embeddable":true,"href":"https:\/\/www.fokussrl.com\/fr\/wp-json\/wp\/v2\/media\/54133"}],"wp:attachment":[{"href":"https:\/\/www.fokussrl.com\/fr\/wp-json\/wp\/v2\/media?parent=58659"}],"wp:term":[{"taxonomy":"product_brand","embeddable":true,"href":"https:\/\/www.fokussrl.com\/fr\/wp-json\/wp\/v2\/product_brand?post=58659"},{"taxonomy":"product_cat","embeddable":true,"href":"https:\/\/www.fokussrl.com\/fr\/wp-json\/wp\/v2\/product_cat?post=58659"},{"taxonomy":"product_tag","embeddable":true,"href":"https:\/\/www.fokussrl.com\/fr\/wp-json\/wp\/v2\/product_tag?post=58659"}],"curies":[{"name":"wp","href":"https:\/\/api.w.org\/{rel}","templated":true}]}}