{"id":58671,"date":"2025-02-01T16:51:45","date_gmt":"2025-02-01T15:51:45","guid":{"rendered":"http:\/\/fokussrl.com\/prodotto\/chaudiere-bois-sphera\/"},"modified":"2025-02-01T16:58:19","modified_gmt":"2025-02-01T15:58:19","slug":"chaudiere-bois-sphera","status":"publish","type":"product","link":"https:\/\/www.fokussrl.com\/fr\/produit\/chaudiere-bois-sphera\/","title":{"rendered":"Chaudi\u00e8re \u00e0 bois SPHERA &#8211; Magikal"},"content":{"rendered":"","protected":false},"excerpt":{"rendered":"<p>La chaudi\u00e8re \u00e0 bois Sphera est une solution id\u00e9ale pour chauffer de grandes habitations et fournir une grande quantit\u00e9 d&rsquo;eau chaude sanitaire. Le serpentin, enti\u00e8rement r\u00e9alis\u00e9 en ACIER INOXYDABLE, garantit des performances fiables et durables. Gr\u00e2ce \u00e0 l&rsquo;autor\u00e9gulation de l&rsquo;air primaire, une utilisation optimale de la flamme et des fum\u00e9es d&rsquo;\u00e9chappement est obtenue, assurant une haute efficacit\u00e9 avec une consommation de bois r\u00e9duite. De plus, l&rsquo;activateur de tirage par immersion, de s\u00e9rie sur tous les mod\u00e8les, contribue \u00e0 optimiser l&rsquo;efficacit\u00e9 globale du syst\u00e8me. Vous pouvez vous d\u00e9tendre et profiter de la chaleur en toute tranquillit\u00e9, sachant que vous utilisez une solution efficace et respectueuse de l&rsquo;environnement.<\/p>\n","protected":false},"featured_media":54161,"template":"","meta":{"_acf_changed":false},"product_brand":[4830],"product_cat":[4574],"product_tag":[],"class_list":{"0":"post-58671","1":"product","2":"type-product","3":"status-publish","4":"has-post-thumbnail","6":"product_brand-magikal-fr","7":"product_cat-chaudieres-au-bois","8":"product_shipping_class-caldaie-a-legna-fr","9":"pa_potenza-29-kw-fr","10":"pa_potenza-40-kw-fr","11":"pa_versione-avec-eau-chaude-sanitaire","12":"pa_versione-sans-eau-chaude-sanitaire","13":"sales-flash-overlay","14":"woocommerce-text-align-center","15":"woocommerce-image-align-center","16":"do-quantity-buttons","18":"first","19":"instock","20":"taxable","21":"shipping-taxable","22":"purchasable","23":"product-type-variable"},"acf":[],"_links":{"self":[{"href":"https:\/\/www.fokussrl.com\/fr\/wp-json\/wp\/v2\/product\/58671","targetHints":{"allow":["GET"]}}],"collection":[{"href":"https:\/\/www.fokussrl.com\/fr\/wp-json\/wp\/v2\/product"}],"about":[{"href":"https:\/\/www.fokussrl.com\/fr\/wp-json\/wp\/v2\/types\/product"}],"wp:featuredmedia":[{"embeddable":true,"href":"https:\/\/www.fokussrl.com\/fr\/wp-json\/wp\/v2\/media\/54161"}],"wp:attachment":[{"href":"https:\/\/www.fokussrl.com\/fr\/wp-json\/wp\/v2\/media?parent=58671"}],"wp:term":[{"taxonomy":"product_brand","embeddable":true,"href":"https:\/\/www.fokussrl.com\/fr\/wp-json\/wp\/v2\/product_brand?post=58671"},{"taxonomy":"product_cat","embeddable":true,"href":"https:\/\/www.fokussrl.com\/fr\/wp-json\/wp\/v2\/product_cat?post=58671"},{"taxonomy":"product_tag","embeddable":true,"href":"https:\/\/www.fokussrl.com\/fr\/wp-json\/wp\/v2\/product_tag?post=58671"}],"curies":[{"name":"wp","href":"https:\/\/api.w.org\/{rel}","templated":true}]}}