{"id":58676,"date":"2025-02-01T16:51:45","date_gmt":"2025-02-01T15:51:45","guid":{"rendered":"http:\/\/fokussrl.com\/prodotto\/chaudiere-granules-autonettoyante-j20-j25\/"},"modified":"2025-07-20T22:10:38","modified_gmt":"2025-07-20T20:10:38","slug":"chaudiere-granules-autonettoyante-j20-j25","status":"publish","type":"product","link":"https:\/\/www.fokussrl.com\/fr\/produit\/chaudiere-granules-autonettoyante-j20-j25\/","title":{"rendered":"Chaudi\u00e8re \u00e0 granul\u00e9s autonettoyante J20 &#8211; J25 &#8211; Jolly Mec"},"content":{"rendered":"","protected":false},"excerpt":{"rendered":"<p>Chaudi\u00e8re \u00e0 granul\u00e9s performante et innovante, adapt\u00e9e aux locaux techniques. Avec ses 20\/25 kW, elle peut chauffer de mani\u00e8re autonome une maison enti\u00e8re et produire de l&rsquo;eau chaude sanitaire.<\/p>\n<p>Les chaudi\u00e8res de la s\u00e9rie J20-J25 sont con\u00e7ues pour un plus grand confort d&rsquo;utilisation. Tous les mod\u00e8les sont \u00e9quip\u00e9s de syst\u00e8mes automatiques permettant une longue autonomie de fonctionnement, r\u00e9duisant les entretiens et les nettoyages.<\/p>\n<p>Diff\u00e9rents moteurs actionnent des m\u00e9canismes pour \u00e9liminer la suie des \u00e9changeurs de chaleur, transf\u00e9rant les r\u00e9sidus de combustion dans le grand compacteur lat\u00e9ral. Ce processus garantit une longue autonomie de fonctionnement (environ 1000 kg de granul\u00e9s br\u00fbl\u00e9s).<\/p>\n<p>La haute efficacit\u00e9 des chaudi\u00e8res J20-J25 permet de b\u00e9n\u00e9ficier de subventions et d&rsquo;incitations li\u00e9es aux \u00e9conomies d&rsquo;\u00e9nergie.<\/p>\n<p>Les chaudi\u00e8res de la s\u00e9rie J20-J25 peuvent \u00eatre int\u00e9gr\u00e9es \u00e0 d&rsquo;autres sources d&rsquo;\u00e9nergie, telles que les panneaux solaires et les g\u00e9n\u00e9rateurs de biomasse.<\/p>\n<p>Tous les contr\u00f4les peuvent \u00eatre effectu\u00e9s via l&rsquo;interface simple de l&rsquo;\u00e9cran tactile standard.<\/p>\n<p>Il est possible d&rsquo;ajouter un dispositif Wifi et de g\u00e9rer le fonctionnement de la chaudi\u00e8re \u00e0 distance via une application web, depuis votre smartphone ou tablette.<\/p>\n","protected":false},"featured_media":54178,"template":"","meta":{"_acf_changed":false},"product_brand":[4816],"product_cat":[4575],"product_tag":[],"class_list":{"0":"post-58676","1":"product","2":"type-product","3":"status-publish","4":"has-post-thumbnail","6":"product_brand-jolly-mec-fr","7":"product_cat-chaudieres-a-granules","8":"product_shipping_class-caldaie-a-pellet-fr","9":"pa_potenza-20-kw-fr","10":"pa_potenza-25-kw-fr","11":"sales-flash-overlay","12":"woocommerce-text-align-center","13":"woocommerce-image-align-center","14":"do-quantity-buttons","16":"first","17":"instock","18":"taxable","19":"shipping-taxable","20":"product-type-simple"},"acf":[],"_links":{"self":[{"href":"https:\/\/www.fokussrl.com\/fr\/wp-json\/wp\/v2\/product\/58676","targetHints":{"allow":["GET"]}}],"collection":[{"href":"https:\/\/www.fokussrl.com\/fr\/wp-json\/wp\/v2\/product"}],"about":[{"href":"https:\/\/www.fokussrl.com\/fr\/wp-json\/wp\/v2\/types\/product"}],"wp:featuredmedia":[{"embeddable":true,"href":"https:\/\/www.fokussrl.com\/fr\/wp-json\/wp\/v2\/media\/54178"}],"wp:attachment":[{"href":"https:\/\/www.fokussrl.com\/fr\/wp-json\/wp\/v2\/media?parent=58676"}],"wp:term":[{"taxonomy":"product_brand","embeddable":true,"href":"https:\/\/www.fokussrl.com\/fr\/wp-json\/wp\/v2\/product_brand?post=58676"},{"taxonomy":"product_cat","embeddable":true,"href":"https:\/\/www.fokussrl.com\/fr\/wp-json\/wp\/v2\/product_cat?post=58676"},{"taxonomy":"product_tag","embeddable":true,"href":"https:\/\/www.fokussrl.com\/fr\/wp-json\/wp\/v2\/product_tag?post=58676"}],"curies":[{"name":"wp","href":"https:\/\/api.w.org\/{rel}","templated":true}]}}