{"id":58682,"date":"2025-02-01T16:51:45","date_gmt":"2025-02-01T15:51:45","guid":{"rendered":"http:\/\/fokussrl.com\/prodotto\/chaudiere-granules-compacte-compatta\/"},"modified":"2025-02-01T16:58:22","modified_gmt":"2025-02-01T15:58:22","slug":"chaudiere-granules-compacte-compatta","status":"publish","type":"product","link":"https:\/\/www.fokussrl.com\/fr\/produit\/chaudiere-granules-compacte-compatta\/","title":{"rendered":"Chaudi\u00e8re \u00e0 granul\u00e9s compacte COMPATTA &#8211; Kalor"},"content":{"rendered":"","protected":false},"excerpt":{"rendered":"<p>La chaudi\u00e8re \u00e0 granul\u00e9s Compacte peut \u00eatre facilement install\u00e9e dans une pi\u00e8ce technique ou un espace utilitaire, comme sous un escalier ou dans un d\u00e9barras, gr\u00e2ce \u00e0 ses dimensions vraiment compactes. Comme les chaudi\u00e8res traditionnelles, l&rsquo;affichage est simple et intuitif pour toutes les phases de fonctionnement automatique en fonction des temp\u00e9ratures requises. Elle dispose d&rsquo;une \u00e9lectronique programmable qui peut \u00e9galement \u00eatre g\u00e9r\u00e9e \u00e0 distance pour une programmation quotidienne ou hebdomadaire des allumages et extinctions. La chaudi\u00e8re \u00e0 granul\u00e9s Compacte est con\u00e7ue pour garantir une autonomie maximale et une efficacit\u00e9 de fonctionnement optimale avec un r\u00e9servoir de granul\u00e9s de 130 litres, offrant jusqu&rsquo;\u00e0 59 heures d&rsquo;autonomie.<\/p>\n<p><strong>BR\u00dbLEUR AUTONETTOYANT<\/strong><\/p>\n<p>Le br\u00fbleur autonettoyant garantit toujours une propret\u00e9 parfaite, assurant le passage de l&rsquo;air primaire et secondaire n\u00e9cessaire \u00e0 la combustion lors de l&rsquo;allumage et du fonctionnement normal du po\u00eale. La grille mobile nettoie le fond du br\u00fbleur sans \u00e9teindre le po\u00eale, \u00e9vitant ainsi de nouveaux allumages; de cette mani\u00e8re, l&rsquo;utilisateur devra uniquement nettoyer p\u00e9riodiquement la chambre de combustion sans avoir \u00e0 nettoyer manuellement le br\u00fbleur avant de nouveaux allumages, comme c&rsquo;est n\u00e9cessaire avec les br\u00fbleurs standards. Syst\u00e8me brevet\u00e9 V-Power anti-flamme Br\u00fbleur en acier inoxydable Grille mobile pour nettoyage automatique R\u00e9ducteur<\/p>\n<p><strong>COMPACTEUR DE CENDRES<\/strong><\/p>\n<p>Le compacteur est compos\u00e9 d&rsquo;une vis pour l&rsquo;\u00e9limination des cendres et d&rsquo;une valise destin\u00e9e \u00e0 leur collecte. L&rsquo;avantage majeur de la valise r\u00e9side dans le fait que l&rsquo;utilisateur final n&rsquo;a plus besoin de vider p\u00e9riodiquement le tiroir \u00e0 cendres, mais simplement de v\u00e9rifier la valise et de la vider lorsqu&rsquo;elle est pleine. Les roues facilitent les d\u00e9placements. Associ\u00e9e au syst\u00e8me de br\u00fbleur autonettoyant, la valise rend la chaudi\u00e8re autonome et r\u00e9duit consid\u00e9rablement les op\u00e9rations de nettoyage \u00e0 la charge de l&rsquo;utilisateur. Br\u00fbleur autonettoyant Tiroir \u00e0 cendres Couvercle d&rsquo;inspection et de nettoyage, herm\u00e9tique Vis pour l&rsquo;\u00e9limination des cendres Roues pour faciliter le transport<\/p>\n<p><strong>OPTIONS<\/strong><\/p>\n<p>SYST\u00c8ME DE CHARGEMENT PNEUMATIQUE DES GRANUL\u00c9S<\/p>\n<p>Syst\u00e8me de chargement pneumatique automatique des granul\u00e9s et tr\u00e9mie externe distante avec une capacit\u00e9 allant jusqu&rsquo;\u00e0 1 800 litres (1130 kg).<\/p>\n<p>Compacteur de cendres c\u00f4t\u00e9 gauche disponible sur demande.<\/p>\n","protected":false},"featured_media":54192,"template":"","meta":{"_acf_changed":false},"product_brand":[4818],"product_cat":[4575],"product_tag":[],"class_list":{"0":"post-58682","1":"product","2":"type-product","3":"status-publish","4":"has-post-thumbnail","6":"product_brand-kalor-fr","7":"product_cat-chaudieres-a-granules","8":"product_shipping_class-caldaie-a-pellet-fr","10":"pa_potenza-16-kw-fr","11":"pa_potenza-20-kw-fr","12":"pa_potenza-24-kw-fr","13":"pa_potenza-28-kw-fr","14":"pa_potenza-34-kw-fr","15":"sales-flash-overlay","16":"woocommerce-text-align-center","17":"woocommerce-image-align-center","18":"do-quantity-buttons","20":"first","21":"instock","22":"taxable","23":"shipping-taxable","24":"product-type-variable"},"acf":[],"_links":{"self":[{"href":"https:\/\/www.fokussrl.com\/fr\/wp-json\/wp\/v2\/product\/58682","targetHints":{"allow":["GET"]}}],"collection":[{"href":"https:\/\/www.fokussrl.com\/fr\/wp-json\/wp\/v2\/product"}],"about":[{"href":"https:\/\/www.fokussrl.com\/fr\/wp-json\/wp\/v2\/types\/product"}],"wp:featuredmedia":[{"embeddable":true,"href":"https:\/\/www.fokussrl.com\/fr\/wp-json\/wp\/v2\/media\/54192"}],"wp:attachment":[{"href":"https:\/\/www.fokussrl.com\/fr\/wp-json\/wp\/v2\/media?parent=58682"}],"wp:term":[{"taxonomy":"product_brand","embeddable":true,"href":"https:\/\/www.fokussrl.com\/fr\/wp-json\/wp\/v2\/product_brand?post=58682"},{"taxonomy":"product_cat","embeddable":true,"href":"https:\/\/www.fokussrl.com\/fr\/wp-json\/wp\/v2\/product_cat?post=58682"},{"taxonomy":"product_tag","embeddable":true,"href":"https:\/\/www.fokussrl.com\/fr\/wp-json\/wp\/v2\/product_tag?post=58682"}],"curies":[{"name":"wp","href":"https:\/\/api.w.org\/{rel}","templated":true}]}}