{"id":58688,"date":"2025-02-01T16:51:49","date_gmt":"2025-02-01T15:51:49","guid":{"rendered":"http:\/\/fokussrl.com\/prodotto\/chaudiere-granules-hermetique-sola-15\/"},"modified":"2025-02-01T16:58:23","modified_gmt":"2025-02-01T15:58:23","slug":"chaudiere-granules-hermetique-sola-15","status":"publish","type":"product","link":"https:\/\/www.fokussrl.com\/fr\/produit\/chaudiere-granules-hermetique-sola-15\/","title":{"rendered":"Chaudi\u00e8re \u00e0 granul\u00e9s herm\u00e9tique SOLA 15 &#8211; Eva Calor"},"content":{"rendered":"","protected":false},"excerpt":{"rendered":"<p>Chaudi\u00e8re \u00e0 granul\u00e9s innovante de classe 5 herm\u00e9tique avec un r\u00e9servoir technique de 140 litres.<\/p>\n<p>Double porte<\/p>\n<p>Gain de place<\/p>\n<p>R\u00e9servoir de granul\u00e9s de 75 kg<\/p>\n<p>5 niveaux de puissance<\/p>\n<p>Affichage menu 6 langues<\/p>\n<p>Tiroir \u00e0 cendres amovible pour r\u00e9cup\u00e9ration des cendres<\/p>\n<p>Isolation haute efficacit\u00e9<\/p>\n<p>Sortie de fum\u00e9e sup\u00e9rieure<\/p>\n<p>Thermostat de s\u00e9curit\u00e9<\/p>\n<p>Pr\u00e9disposition pour thermostat externe<\/p>\n<p>Pressostat de s\u00e9curit\u00e9<\/p>\n<p>Transducteur de pression d&rsquo;eau<\/p>\n<p>Chronothermostat<\/p>\n<p>Pompe de circulation<\/p>\n<p>Vase d&rsquo;expansion<\/p>\n<p>Soupape de s\u00e9curit\u00e9<\/p>\n<p>Vanne trois voies (SOLA 15 ACS)<\/p>\n","protected":false},"featured_media":54214,"template":"","meta":{"_acf_changed":false},"product_brand":[4807],"product_cat":[4575],"product_tag":[],"class_list":{"0":"post-58688","1":"product","2":"type-product","3":"status-publish","4":"has-post-thumbnail","6":"product_brand-eva-calor-fr","7":"product_cat-chaudieres-a-granules","8":"product_shipping_class-caldaie-a-pellet-fr","9":"pa_versione-eau-chaude-uniquement-pour-le-chauffage","10":"pa_versione-ecs-eau-chaude-sanitaire","11":"sales-flash-overlay","12":"woocommerce-text-align-center","13":"woocommerce-image-align-center","14":"do-quantity-buttons","16":"first","17":"instock","18":"taxable","19":"shipping-taxable","20":"purchasable","21":"product-type-variable"},"acf":[],"_links":{"self":[{"href":"https:\/\/www.fokussrl.com\/fr\/wp-json\/wp\/v2\/product\/58688","targetHints":{"allow":["GET"]}}],"collection":[{"href":"https:\/\/www.fokussrl.com\/fr\/wp-json\/wp\/v2\/product"}],"about":[{"href":"https:\/\/www.fokussrl.com\/fr\/wp-json\/wp\/v2\/types\/product"}],"wp:featuredmedia":[{"embeddable":true,"href":"https:\/\/www.fokussrl.com\/fr\/wp-json\/wp\/v2\/media\/54214"}],"wp:attachment":[{"href":"https:\/\/www.fokussrl.com\/fr\/wp-json\/wp\/v2\/media?parent=58688"}],"wp:term":[{"taxonomy":"product_brand","embeddable":true,"href":"https:\/\/www.fokussrl.com\/fr\/wp-json\/wp\/v2\/product_brand?post=58688"},{"taxonomy":"product_cat","embeddable":true,"href":"https:\/\/www.fokussrl.com\/fr\/wp-json\/wp\/v2\/product_cat?post=58688"},{"taxonomy":"product_tag","embeddable":true,"href":"https:\/\/www.fokussrl.com\/fr\/wp-json\/wp\/v2\/product_tag?post=58688"}],"curies":[{"name":"wp","href":"https:\/\/api.w.org\/{rel}","templated":true}]}}