{"id":58691,"date":"2025-02-01T16:51:49","date_gmt":"2025-02-01T15:51:49","guid":{"rendered":"http:\/\/fokussrl.com\/prodotto\/chaudiere-granules-essential\/"},"modified":"2025-02-01T16:58:24","modified_gmt":"2025-02-01T15:58:24","slug":"chaudiere-granules-essential","status":"publish","type":"product","link":"https:\/\/www.fokussrl.com\/fr\/produit\/chaudiere-granules-essential\/","title":{"rendered":"Chaudi\u00e8re \u00e0 granul\u00e9s ESSENTIAL &#8211; Pasqualicchio"},"content":{"rendered":"","protected":false},"excerpt":{"rendered":"<p>Essential. Il repr\u00e9sente le minimalisme sans compromettre la puissance explosive. Minimal garantit une efficacit\u00e9 maximale de l&rsquo;\u00e9changeur de chaleur avec ses 4 boucles de fum\u00e9e.<\/p>\n<p>TOUCH SCREEN panneau de commande tactile en couleur. Classe \u00e9nerg\u00e9tique A+.<\/p>\n<p>BASSES \u00c9MISSIONS valeurs de particules fines \u00e9mises dans l&rsquo;air.<\/p>\n<p>GARANTIE DE 7 ANS sur le corps de la chaudi\u00e8re.<\/p>\n<p>NOLOOK ombrage de la descente de carburant.<\/p>\n<p>5 \u00c9TOILES ENVIRONNEMENTALES certification pour des performances environnementales \u00e9lev\u00e9es.<\/p>\n<p>TOTAL CLEAN br\u00fbleur autonettoyant; nettoyage automatique du faisceau tubulaire.<\/p>\n<p>Automatic Clean : le puissant br\u00fbleur autonettoyant. Unicit\u00e9 et g\u00e9nie de la technique issus d&rsquo;ann\u00e9es d&rsquo;\u00e9tudes men\u00e9es avec l&rsquo;assistance du D\u00e9partement d&rsquo;Ing\u00e9nierie \u00c9nerg\u00e9tique de l&rsquo;Universit\u00e9 de B\u00e9n\u00e9vent. Pasqualicchio vous accueille dans le Hollywood du feu. La magie du feu, combin\u00e9e au c\u0153ur des flammes, trouve sa place dans le br\u00fbleur qui, gr\u00e2ce \u00e0 son syst\u00e8me autonettoyant exclusif, fait de Pasqualicchio la perle de la conception technologique m\u00e9diterran\u00e9enne.<\/p>\n<p>Essential est disponible dans les puissances suivantes : 31 kW \u2013 27 kW \u2013 24 kW \u2013 20 kW \u2013 15 kW.<\/p>\n","protected":false},"featured_media":54229,"template":"","meta":{"_acf_changed":false},"product_brand":[4833],"product_cat":[4575],"product_tag":[],"class_list":{"0":"post-58691","1":"product","2":"type-product","3":"status-publish","4":"has-post-thumbnail","6":"product_brand-pasqualicchio-fr","7":"product_cat-chaudieres-a-granules","8":"product_shipping_class-caldaie-a-pellet-fr","9":"pa_potenza-15-kw-fr","10":"pa_potenza-20-kw-fr","11":"pa_potenza-24-kw-fr","12":"pa_potenza-27-kw-fr","13":"pa_potenza-31-kw-fr","14":"sales-flash-overlay","15":"woocommerce-text-align-center","16":"woocommerce-image-align-center","17":"do-quantity-buttons","19":"first","20":"instock","21":"taxable","22":"shipping-taxable","23":"purchasable","24":"product-type-variable"},"acf":[],"_links":{"self":[{"href":"https:\/\/www.fokussrl.com\/fr\/wp-json\/wp\/v2\/product\/58691","targetHints":{"allow":["GET"]}}],"collection":[{"href":"https:\/\/www.fokussrl.com\/fr\/wp-json\/wp\/v2\/product"}],"about":[{"href":"https:\/\/www.fokussrl.com\/fr\/wp-json\/wp\/v2\/types\/product"}],"wp:featuredmedia":[{"embeddable":true,"href":"https:\/\/www.fokussrl.com\/fr\/wp-json\/wp\/v2\/media\/54229"}],"wp:attachment":[{"href":"https:\/\/www.fokussrl.com\/fr\/wp-json\/wp\/v2\/media?parent=58691"}],"wp:term":[{"taxonomy":"product_brand","embeddable":true,"href":"https:\/\/www.fokussrl.com\/fr\/wp-json\/wp\/v2\/product_brand?post=58691"},{"taxonomy":"product_cat","embeddable":true,"href":"https:\/\/www.fokussrl.com\/fr\/wp-json\/wp\/v2\/product_cat?post=58691"},{"taxonomy":"product_tag","embeddable":true,"href":"https:\/\/www.fokussrl.com\/fr\/wp-json\/wp\/v2\/product_tag?post=58691"}],"curies":[{"name":"wp","href":"https:\/\/api.w.org\/{rel}","templated":true}]}}