{"id":58700,"date":"2025-02-01T16:51:49","date_gmt":"2025-02-01T15:51:49","guid":{"rendered":"http:\/\/fokussrl.com\/prodotto\/chaudiere-granules-pro\/"},"modified":"2025-02-01T16:58:27","modified_gmt":"2025-02-01T15:58:27","slug":"chaudiere-granules-pro","status":"publish","type":"product","link":"https:\/\/www.fokussrl.com\/fr\/produit\/chaudiere-granules-pro\/","title":{"rendered":"Chaudi\u00e8re \u00e0 granul\u00e9s PRO &#8211; Eva Calor"},"content":{"rendered":"","protected":false},"excerpt":{"rendered":"<p><strong>Pro 20 CHAUDI\u00c8RE CLASSE 5<\/strong><\/p>\n<p>Chaudi\u00e8re classe 5<\/p>\n<p>Double porte<\/p>\n<p>R\u00e9servoir de granul\u00e9s de 43 kg<\/p>\n<p>5 niveaux de puissance<\/p>\n<p>Affichage menu 6 langues<\/p>\n<p>Autonettoyant<\/p>\n<p>Syst\u00e8me de reconduction des granul\u00e9s non br\u00fbl\u00e9s<\/p>\n<p>Nettoyage automatique des turbulateurs<\/p>\n<p>Fonctionnement continu du moteur de la vis pour un maximum de silence<\/p>\n<p>Tiroir \u00e0 cendres amovible pour r\u00e9cup\u00e9ration des cendres dans un compartiment s\u00e9par\u00e9<\/p>\n<p>Isolation haute efficacit\u00e9<\/p>\n<p>Entretien r\u00e9duit<\/p>\n<p>Sortie de fum\u00e9e sup\u00e9rieure &#8211; arri\u00e8re<\/p>\n<p>Thermostat de s\u00e9curit\u00e9<\/p>\n<p>Pr\u00e9disposition pour thermostat externe<\/p>\n<p>Double pressostat de s\u00e9curit\u00e9<\/p>\n<p>Transducteur de pression d&rsquo;eau<\/p>\n<p>Chronothermostat<\/p>\n<p>Pompe de circulation<\/p>\n<p>Vase d&rsquo;expansion<\/p>\n<p>Soupape de s\u00e9curit\u00e9<\/p>\n<p>Vanne trois voies (EV 20 ACS)<\/p>\n","protected":false},"featured_media":54254,"template":"","meta":{"_acf_changed":false},"product_brand":[4807],"product_cat":[4575],"product_tag":[],"class_list":{"0":"post-58700","1":"product","2":"type-product","3":"status-publish","4":"has-post-thumbnail","6":"product_brand-eva-calor-fr","7":"product_cat-chaudieres-a-granules","8":"product_shipping_class-caldaie-a-pellet-fr","9":"pa_potenza-20-kw-fr","10":"pa_potenza-24-kw-fr","11":"pa_versione-eau-chaude-uniquement-pour-le-chauffage","12":"pa_versione-ecs-eau-chaude-sanitaire","13":"sales-flash-overlay","14":"woocommerce-text-align-center","15":"woocommerce-image-align-center","16":"do-quantity-buttons","18":"first","19":"instock","20":"taxable","21":"shipping-taxable","22":"purchasable","23":"product-type-variable"},"acf":[],"_links":{"self":[{"href":"https:\/\/www.fokussrl.com\/fr\/wp-json\/wp\/v2\/product\/58700","targetHints":{"allow":["GET"]}}],"collection":[{"href":"https:\/\/www.fokussrl.com\/fr\/wp-json\/wp\/v2\/product"}],"about":[{"href":"https:\/\/www.fokussrl.com\/fr\/wp-json\/wp\/v2\/types\/product"}],"wp:featuredmedia":[{"embeddable":true,"href":"https:\/\/www.fokussrl.com\/fr\/wp-json\/wp\/v2\/media\/54254"}],"wp:attachment":[{"href":"https:\/\/www.fokussrl.com\/fr\/wp-json\/wp\/v2\/media?parent=58700"}],"wp:term":[{"taxonomy":"product_brand","embeddable":true,"href":"https:\/\/www.fokussrl.com\/fr\/wp-json\/wp\/v2\/product_brand?post=58700"},{"taxonomy":"product_cat","embeddable":true,"href":"https:\/\/www.fokussrl.com\/fr\/wp-json\/wp\/v2\/product_cat?post=58700"},{"taxonomy":"product_tag","embeddable":true,"href":"https:\/\/www.fokussrl.com\/fr\/wp-json\/wp\/v2\/product_tag?post=58700"}],"curies":[{"name":"wp","href":"https:\/\/api.w.org\/{rel}","templated":true}]}}