{"id":58708,"date":"2025-02-01T16:51:56","date_gmt":"2025-02-01T15:51:56","guid":{"rendered":"http:\/\/fokussrl.com\/prodotto\/chaudiere-bi-combustible-compact-power-plus\/"},"modified":"2025-02-01T16:58:30","modified_gmt":"2025-02-01T15:58:30","slug":"chaudiere-bi-combustible-compact-power-plus","status":"publish","type":"product","link":"https:\/\/www.fokussrl.com\/fr\/produit\/chaudiere-bi-combustible-compact-power-plus\/","title":{"rendered":"Chaudi\u00e8re bi-combustible COMPACT POWER PLUS &#8211; Pasqualicchio"},"content":{"rendered":"","protected":false},"excerpt":{"rendered":"<p>Compact Power Plus repr\u00e9sente le summum du design compact, garantissant une efficacit\u00e9 maximale de l&rsquo;\u00e9changeur de chaleur avec ses 4 boucles de fum\u00e9e. Vivre avec Compact Power Plus signifie appliquer un design domestique extr\u00eame \u00e0 la vie industrielle de la formule Hybrid Bi-Power. La particularit\u00e9 de Compact Power Plus r\u00e9side dans une chambre de combustion unique capable d&rsquo;accueillir, dans sa bouche de feu, \u00e0 la fois des granul\u00e9s et d&rsquo;autres combustibles d\u00e9chiquet\u00e9s sans distinction.<\/p>\n","protected":false},"featured_media":54282,"template":"","meta":{"_acf_changed":false},"product_brand":[4833],"product_cat":[4576],"product_tag":[],"class_list":{"0":"post-58708","1":"product","2":"type-product","3":"status-publish","4":"has-post-thumbnail","6":"product_brand-pasqualicchio-fr","7":"product_cat-chaudieres-multicombustibles","8":"product_shipping_class-caldaie-policombustibili-2-2","9":"pa_potenza-100-kw-fr","10":"pa_potenza-25-kw-fr","11":"pa_potenza-32-kw-fr","12":"pa_potenza-38-kw-fr","13":"pa_potenza-48-kw-fr","14":"pa_potenza-60-kw-fr","15":"pa_potenza-80-kw-fr","16":"sales-flash-overlay","17":"woocommerce-text-align-center","18":"woocommerce-image-align-center","19":"do-quantity-buttons","21":"first","22":"instock","23":"taxable","24":"shipping-taxable","25":"purchasable","26":"product-type-variable"},"acf":[],"_links":{"self":[{"href":"https:\/\/www.fokussrl.com\/fr\/wp-json\/wp\/v2\/product\/58708","targetHints":{"allow":["GET"]}}],"collection":[{"href":"https:\/\/www.fokussrl.com\/fr\/wp-json\/wp\/v2\/product"}],"about":[{"href":"https:\/\/www.fokussrl.com\/fr\/wp-json\/wp\/v2\/types\/product"}],"wp:featuredmedia":[{"embeddable":true,"href":"https:\/\/www.fokussrl.com\/fr\/wp-json\/wp\/v2\/media\/54282"}],"wp:attachment":[{"href":"https:\/\/www.fokussrl.com\/fr\/wp-json\/wp\/v2\/media?parent=58708"}],"wp:term":[{"taxonomy":"product_brand","embeddable":true,"href":"https:\/\/www.fokussrl.com\/fr\/wp-json\/wp\/v2\/product_brand?post=58708"},{"taxonomy":"product_cat","embeddable":true,"href":"https:\/\/www.fokussrl.com\/fr\/wp-json\/wp\/v2\/product_cat?post=58708"},{"taxonomy":"product_tag","embeddable":true,"href":"https:\/\/www.fokussrl.com\/fr\/wp-json\/wp\/v2\/product_tag?post=58708"}],"curies":[{"name":"wp","href":"https:\/\/api.w.org\/{rel}","templated":true}]}}