{"id":58716,"date":"2025-02-01T16:51:56","date_gmt":"2025-02-01T15:51:56","guid":{"rendered":"http:\/\/fokussrl.com\/prodotto\/chaudiere-combinee-bois-granules-combi\/"},"modified":"2025-02-01T16:58:31","modified_gmt":"2025-02-01T15:58:31","slug":"chaudiere-combinee-bois-granules-combi","status":"publish","type":"product","link":"https:\/\/www.fokussrl.com\/fr\/produit\/chaudiere-combinee-bois-granules-combi\/","title":{"rendered":"Chaudi\u00e8re combin\u00e9e bois-granul\u00e9s COMBI &#8211; Kalor"},"content":{"rendered":"","protected":false},"excerpt":{"rendered":"<p><strong>MOD\u00c8LE COMBI: 25 | 31 | 35  45<\/strong><\/p>\n<p>Chaudi\u00e8re combin\u00e9e Granul\u00e9s\/Bois, avec deux chambres de combustion pour les granul\u00e9s et le bois.<\/p>\n<p>Dans la chambre de combustion des granul\u00e9s, la chaudi\u00e8re est \u00e9quip\u00e9e d&rsquo;un syst\u00e8me de nettoyage automatique.<\/p>\n<p>Dans la chambre de combustion du bois, la chaudi\u00e8re fonctionne avec une technologie de flamme invers\u00e9e.<\/p>\n<p>La gestion de la chaudi\u00e8re est assur\u00e9e par une unit\u00e9 de contr\u00f4le \u00e9lectronique multifonction unique qui, combin\u00e9e avec le capteur d&rsquo;oxyg\u00e8ne et le ventilateur modulant, optimise la combustion dans les deux chambres et augmente l&rsquo;efficacit\u00e9 de la chaudi\u00e8re.<\/p>\n","protected":false},"featured_media":54294,"template":"","meta":{"_acf_changed":false},"product_brand":[4818],"product_cat":[4576],"product_tag":[],"class_list":{"0":"post-58716","1":"product","2":"type-product","3":"status-publish","4":"has-post-thumbnail","6":"product_brand-kalor-fr","7":"product_cat-chaudieres-multicombustibles","8":"product_shipping_class-caldaie-policombustibili-2-2","9":"pa_potenza-25-kw-fr","10":"pa_potenza-31-kw-fr","11":"pa_potenza-35-kw-fr","12":"pa_potenza-45-kw-fr","13":"sales-flash-overlay","14":"woocommerce-text-align-center","15":"woocommerce-image-align-center","16":"do-quantity-buttons","18":"first","19":"instock","20":"taxable","21":"shipping-taxable","22":"purchasable","23":"product-type-variable"},"acf":[],"_links":{"self":[{"href":"https:\/\/www.fokussrl.com\/fr\/wp-json\/wp\/v2\/product\/58716","targetHints":{"allow":["GET"]}}],"collection":[{"href":"https:\/\/www.fokussrl.com\/fr\/wp-json\/wp\/v2\/product"}],"about":[{"href":"https:\/\/www.fokussrl.com\/fr\/wp-json\/wp\/v2\/types\/product"}],"wp:featuredmedia":[{"embeddable":true,"href":"https:\/\/www.fokussrl.com\/fr\/wp-json\/wp\/v2\/media\/54294"}],"wp:attachment":[{"href":"https:\/\/www.fokussrl.com\/fr\/wp-json\/wp\/v2\/media?parent=58716"}],"wp:term":[{"taxonomy":"product_brand","embeddable":true,"href":"https:\/\/www.fokussrl.com\/fr\/wp-json\/wp\/v2\/product_brand?post=58716"},{"taxonomy":"product_cat","embeddable":true,"href":"https:\/\/www.fokussrl.com\/fr\/wp-json\/wp\/v2\/product_cat?post=58716"},{"taxonomy":"product_tag","embeddable":true,"href":"https:\/\/www.fokussrl.com\/fr\/wp-json\/wp\/v2\/product_tag?post=58716"}],"curies":[{"name":"wp","href":"https:\/\/api.w.org\/{rel}","templated":true}]}}