{"id":58721,"date":"2025-02-01T16:51:56","date_gmt":"2025-02-01T15:51:56","guid":{"rendered":"http:\/\/fokussrl.com\/prodotto\/chaudiere-bois-granules-dp-25-premium\/"},"modified":"2025-02-01T16:58:32","modified_gmt":"2025-02-01T15:58:32","slug":"chaudiere-bois-granules-dp-25-premium","status":"publish","type":"product","link":"https:\/\/www.fokussrl.com\/fr\/produit\/chaudiere-bois-granules-dp-25-premium\/","title":{"rendered":"Chaudi\u00e8re bois-granul\u00e9s DP 25 PREMIUM &#8211; Maga"},"content":{"rendered":"","protected":false},"excerpt":{"rendered":"<p>Les chaudi\u00e8res en acier DP25 pour combustibles solides sont con\u00e7ues pour la combustion de granul\u00e9s de bois en mode automatique ou pour br\u00fbler des b\u00fbches de bois, des briquettes ou des copeaux de bois en mode manuel. La puissance thermique nominale pour les chaudi\u00e8res en acier DP25 est de 25 kW pour l&rsquo;alimentation manuelle et de 5 \u00e0 20 kW pour le fonctionnement automatique aux granul\u00e9s. Le corps de la chaudi\u00e8re est dot\u00e9 d&rsquo;un double \u00e9changeur de chaleur (tubulaire vertical et lamellaire horizontal) qui garantit un transfert de chaleur optimal vers le syst\u00e8me. Les mat\u00e9riaux isolants de haute qualit\u00e9 minimisent les pertes de chaleur et contribuent de mani\u00e8re significative \u00e0 l&rsquo;efficacit\u00e9 thermique maximale de 94,5 %.<\/p>\n<p>Les chaudi\u00e8res sont \u00e9quip\u00e9es d&rsquo;un circuit de refroidissement int\u00e9gr\u00e9 et peuvent \u00eatre utilis\u00e9es \u00e0 la fois dans des syst\u00e8mes \u00e0 circulation forc\u00e9e et \u00e0 gravit\u00e9. Prix tr\u00e8s comp\u00e9titifs et d\u00e9lais de livraison courts! Naturellement, nos produits sont faciles et \u00e9conomiques \u00e0 utiliser, avec des co\u00fbts d&rsquo;exploitation faibles et une fiabilit\u00e9 garantie. Tous nos syst\u00e8mes d&rsquo;\u00e9conomie d&rsquo;\u00e9nergie sont innovants et respectueux de l&rsquo;environnement.<\/p>\n<p>Les chaudi\u00e8res DP25 Premium incluent le chargeur de granul\u00e9s, le br\u00fbleur de granul\u00e9s rotatif, le contr\u00f4leur \u00e9lectronique \u00e0 \u00e9cran tactile et un silo \u00e0 granul\u00e9s de 600 litres. En option, un br\u00fbleur plus puissant d&rsquo;une puissance de 30 kW est disponible.<\/p>\n","protected":false},"featured_media":54303,"template":"","meta":{"_acf_changed":false},"product_brand":[4829],"product_cat":[4576],"product_tag":[],"class_list":{"0":"post-58721","1":"product","2":"type-product","3":"status-publish","4":"has-post-thumbnail","6":"product_brand-maga-fr","7":"product_cat-chaudieres-multicombustibles","8":"product_shipping_class-caldaie-policombustibili-2-2","9":"pa_potenza-20-kw-fr","10":"pa_potenza-30-kw-fr","11":"sales-flash-overlay","12":"woocommerce-text-align-center","13":"woocommerce-image-align-center","14":"do-quantity-buttons","16":"first","17":"instock","18":"taxable","19":"shipping-taxable","20":"purchasable","21":"product-type-variable"},"acf":[],"_links":{"self":[{"href":"https:\/\/www.fokussrl.com\/fr\/wp-json\/wp\/v2\/product\/58721","targetHints":{"allow":["GET"]}}],"collection":[{"href":"https:\/\/www.fokussrl.com\/fr\/wp-json\/wp\/v2\/product"}],"about":[{"href":"https:\/\/www.fokussrl.com\/fr\/wp-json\/wp\/v2\/types\/product"}],"wp:featuredmedia":[{"embeddable":true,"href":"https:\/\/www.fokussrl.com\/fr\/wp-json\/wp\/v2\/media\/54303"}],"wp:attachment":[{"href":"https:\/\/www.fokussrl.com\/fr\/wp-json\/wp\/v2\/media?parent=58721"}],"wp:term":[{"taxonomy":"product_brand","embeddable":true,"href":"https:\/\/www.fokussrl.com\/fr\/wp-json\/wp\/v2\/product_brand?post=58721"},{"taxonomy":"product_cat","embeddable":true,"href":"https:\/\/www.fokussrl.com\/fr\/wp-json\/wp\/v2\/product_cat?post=58721"},{"taxonomy":"product_tag","embeddable":true,"href":"https:\/\/www.fokussrl.com\/fr\/wp-json\/wp\/v2\/product_tag?post=58721"}],"curies":[{"name":"wp","href":"https:\/\/api.w.org\/{rel}","templated":true}]}}