{"id":58724,"date":"2025-02-01T16:51:56","date_gmt":"2025-02-01T15:51:56","guid":{"rendered":"http:\/\/fokussrl.com\/prodotto\/chaudiere-bois-granules-autonettoyante-prestige-power\/"},"modified":"2025-02-01T16:58:33","modified_gmt":"2025-02-01T15:58:33","slug":"chaudiere-bois-granules-autonettoyante-prestige-power","status":"publish","type":"product","link":"https:\/\/www.fokussrl.com\/fr\/produit\/chaudiere-bois-granules-autonettoyante-prestige-power\/","title":{"rendered":"Chaudi\u00e8re bois-granul\u00e9s autonettoyante PRESTIGE POWER &#8211; Carinci"},"content":{"rendered":"","protected":false},"excerpt":{"rendered":"<p><strong>3 chaudi\u00e8res en un seul produit<\/strong><\/p>\n<p>La nouvelle Prestige Power est une chaudi\u00e8re pour le chauffage et la production d&rsquo;eau chaude sanitaire, fonctionnant aux granul\u00e9s et au bois.<\/p>\n<p>La Technologie Combin\u00e9e Carinci qu&rsquo;elle int\u00e8gre permet l&rsquo;allumage programm\u00e9 automatique avec des granul\u00e9s et du bois.<\/p>\n<p><strong>PEUT \u00caTRE ALIMENT\u00c9E AVEC :<\/strong><\/p>\n<p>\u2022 Uniquement des granul\u00e9s (combustibles broy\u00e9s)<\/p>\n<p>\u2022 Uniquement du bois<\/p>\n<p>\u2022 Combinaison granul\u00e9s et bois<\/p>\n<p>La Technologie Combin\u00e9e Carinci de la Prestige permet de passer d&rsquo;un combustible \u00e0 l&rsquo;autre automatiquement. Elle peut \u00eatre charg\u00e9e avec du bois et avoir l&rsquo;allumage programm\u00e9. Une fois le bois \u00e9puis\u00e9, elle peut continuer \u00e0 chauffer en passant automatiquement aux granul\u00e9s. La nouvelle Chaudi\u00e8re Carinci Prestige est id\u00e9ale pour ceux qui souhaitent une double alimentation avec des granul\u00e9s et du bois.<\/p>\n<p><strong>Nous faisons la diff\u00e9rence<\/strong><\/p>\n<p>La Chaudi\u00e8re Prestige Power est \u00e9quip\u00e9e du kit sp\u00e9cial granul\u00e9s innovant, fabriqu\u00e9 avec des composants surdimensionn\u00e9s et robustes pour obtenir un syst\u00e8me d&rsquo;alimentation extr\u00eamement fiable, m\u00eame avec des combustibles non normalis\u00e9s.<\/p>\n<p>Le kit sp\u00e9cial granul\u00e9s Carinci innovant est con\u00e7u et r\u00e9alis\u00e9 pour garantir une extr\u00eame silence et une fiabilit\u00e9 \u00e0 long terme.<\/p>\n<p><strong>Nettoyage Automatique de la Chambre de Combustion<\/strong><\/p>\n<p>Le kit de nettoyage automatique install\u00e9 sur la chaudi\u00e8re Prestige Power maintient la chambre de d\u00e9p\u00f4t des cendres toujours propre. Gr\u00e2ce \u00e0 un syst\u00e8me de transmission avec une vis en acier inoxydable, il transporte les cendres produites pendant la combustion vers le compacteur appropri\u00e9.<\/p>\n<p><strong>Nettoyage Automatique des \u00c9changeurs de Chaleur<\/strong><\/p>\n<p>La chaudi\u00e8re Prestige Power est \u00e9quip\u00e9e de turbulators en acier \u00e0 ressort et d&rsquo;un syst\u00e8me de nettoyage motoris\u00e9 innovant. Le syst\u00e8me de nettoyage des \u00e9changeurs de chaleur fait osciller le levier pour garantir un nettoyage constant et efficace des passages de fum\u00e9e automatiquement.<\/p>\n<p><strong>Compacteur de Cendres Pratique et Efficace<\/strong><\/p>\n<p>Le Kit Compacteur de Cendres install\u00e9 sur la chaudi\u00e8re Prestige Power facilite le nettoyage des cendres g\u00e9n\u00e9r\u00e9es pendant la combustion. Le compacteur permet de surveiller en temps r\u00e9el le niveau des r\u00e9sidus de cendres gr\u00e2ce \u00e0 une fen\u00eatre d&rsquo;inspection. Une fois rempli, il peut \u00eatre facilement retir\u00e9 et vid\u00e9.<\/p>\n","protected":false},"featured_media":54318,"template":"","meta":{"_acf_changed":false},"product_brand":[4802],"product_cat":[4576],"product_tag":[],"class_list":{"0":"post-58724","1":"product","2":"type-product","3":"status-publish","4":"has-post-thumbnail","6":"product_brand-carinci-fr","7":"product_cat-chaudieres-multicombustibles","8":"product_shipping_class-caldaie-policombustibili-2-2","9":"pa_potenza-27-kw-fr","10":"pa_potenza-35-kw-fr","11":"pa_versione-eau-chaude-uniquement-pour-le-chauffage","12":"pa_versione-ecs-eau-chaude-sanitaire","13":"sales-flash-overlay","14":"woocommerce-text-align-center","15":"woocommerce-image-align-center","16":"do-quantity-buttons","18":"first","19":"instock","20":"taxable","21":"shipping-taxable","22":"product-type-variable"},"acf":[],"_links":{"self":[{"href":"https:\/\/www.fokussrl.com\/fr\/wp-json\/wp\/v2\/product\/58724","targetHints":{"allow":["GET"]}}],"collection":[{"href":"https:\/\/www.fokussrl.com\/fr\/wp-json\/wp\/v2\/product"}],"about":[{"href":"https:\/\/www.fokussrl.com\/fr\/wp-json\/wp\/v2\/types\/product"}],"wp:featuredmedia":[{"embeddable":true,"href":"https:\/\/www.fokussrl.com\/fr\/wp-json\/wp\/v2\/media\/54318"}],"wp:attachment":[{"href":"https:\/\/www.fokussrl.com\/fr\/wp-json\/wp\/v2\/media?parent=58724"}],"wp:term":[{"taxonomy":"product_brand","embeddable":true,"href":"https:\/\/www.fokussrl.com\/fr\/wp-json\/wp\/v2\/product_brand?post=58724"},{"taxonomy":"product_cat","embeddable":true,"href":"https:\/\/www.fokussrl.com\/fr\/wp-json\/wp\/v2\/product_cat?post=58724"},{"taxonomy":"product_tag","embeddable":true,"href":"https:\/\/www.fokussrl.com\/fr\/wp-json\/wp\/v2\/product_tag?post=58724"}],"curies":[{"name":"wp","href":"https:\/\/api.w.org\/{rel}","templated":true}]}}