{"id":58729,"date":"2025-02-01T16:52:00","date_gmt":"2025-02-01T15:52:00","guid":{"rendered":"http:\/\/fokussrl.com\/prodotto\/chaudiere-multi-combustibles-eco-power-max-plus\/"},"modified":"2025-02-01T16:58:36","modified_gmt":"2025-02-01T15:58:36","slug":"chaudiere-multi-combustibles-eco-power-max-plus","status":"publish","type":"product","link":"https:\/\/www.fokussrl.com\/fr\/produit\/chaudiere-multi-combustibles-eco-power-max-plus\/","title":{"rendered":"Chaudi\u00e8re multi-combustibles ECO POWER MAX PLUS &#8211; Carinci"},"content":{"rendered":"","protected":false},"excerpt":{"rendered":"<p>La Carinci Eco Power Max est une chaudi\u00e8re compacte et hautement efficace pour le chauffage et la production d&rsquo;eau chaude sanitaire (ECS), compatible avec tout type de syst\u00e8me thermique : radiateurs traditionnels ou r\u00e9servoirs tampons.<\/p>\n<p>La chaudi\u00e8re est fabriqu\u00e9e avec des mati\u00e8res premi\u00e8res de tr\u00e8s haute qualit\u00e9.<\/p>\n<p>Ses caract\u00e9ristiques distinctives, en plus de sa robustesse et de sa fiabilit\u00e9, incluent des performances \u00e9lev\u00e9es, une efficacit\u00e9 \u00e9nerg\u00e9tique \u00e9lev\u00e9e et des \u00e9missions de polluants tr\u00e8s faibles.<\/p>\n<p><strong>\u00c9quipement Standard<\/strong><\/p>\n<p>Unit\u00e9 de contr\u00f4le programmable avec un \u00e9cran tactile de 7,5 pouces pour une configuration facile pour diff\u00e9rents types de syst\u00e8mes<\/p>\n<p>Sonde pour r\u00e9servoir tampon<\/p>\n<p>Syst\u00e8me ACQUAPLUS\u00a0\u00bb pour la production d&rsquo;ECS \u00e0 haute efficacit\u00e9 avec ailettes en cuivre<\/p>\n<p>Syst\u00e8me manuel de nettoyage rapide des \u00e9changeurs de chaleur<\/p>\n<p>Syst\u00e8me de collecte des cendres avec un tiroir facilement amovible<\/p>\n<p>Capacit\u00e9 du r\u00e9servoir \u00e0 granul\u00e9s augment\u00e9e \u00e0 106\/150 kg<\/p>\n<p>Accessoires pour la connexion aux syst\u00e8mes thermiques et hydrauliques<\/p>\n<p>\u00ab\u00a0<\/p>\n","protected":false},"featured_media":54331,"template":"","meta":{"_acf_changed":false},"product_brand":[4802],"product_cat":[4576],"product_tag":[],"class_list":{"0":"post-58729","1":"product","2":"type-product","3":"status-publish","4":"has-post-thumbnail","6":"product_brand-carinci-fr","7":"product_cat-chaudieres-multicombustibles","8":"product_shipping_class-caldaie-policombustibili-2-2","9":"pa_potenza-15-kw-fr","10":"pa_potenza-20-kw-fr","11":"pa_potenza-25-kw-fr","12":"pa_potenza-30-kw-fr","13":"pa_potenza-35-kw-fr","14":"pa_versione-eau-chaude-uniquement-pour-le-chauffage","15":"pa_versione-ecs-eau-chaude-sanitaire","16":"sales-flash-overlay","17":"woocommerce-text-align-center","18":"woocommerce-image-align-center","19":"do-quantity-buttons","21":"first","22":"instock","23":"taxable","24":"shipping-taxable","25":"purchasable","26":"product-type-variable"},"acf":[],"_links":{"self":[{"href":"https:\/\/www.fokussrl.com\/fr\/wp-json\/wp\/v2\/product\/58729","targetHints":{"allow":["GET"]}}],"collection":[{"href":"https:\/\/www.fokussrl.com\/fr\/wp-json\/wp\/v2\/product"}],"about":[{"href":"https:\/\/www.fokussrl.com\/fr\/wp-json\/wp\/v2\/types\/product"}],"wp:featuredmedia":[{"embeddable":true,"href":"https:\/\/www.fokussrl.com\/fr\/wp-json\/wp\/v2\/media\/54331"}],"wp:attachment":[{"href":"https:\/\/www.fokussrl.com\/fr\/wp-json\/wp\/v2\/media?parent=58729"}],"wp:term":[{"taxonomy":"product_brand","embeddable":true,"href":"https:\/\/www.fokussrl.com\/fr\/wp-json\/wp\/v2\/product_brand?post=58729"},{"taxonomy":"product_cat","embeddable":true,"href":"https:\/\/www.fokussrl.com\/fr\/wp-json\/wp\/v2\/product_cat?post=58729"},{"taxonomy":"product_tag","embeddable":true,"href":"https:\/\/www.fokussrl.com\/fr\/wp-json\/wp\/v2\/product_tag?post=58729"}],"curies":[{"name":"wp","href":"https:\/\/api.w.org\/{rel}","templated":true}]}}