{"id":58751,"date":"2025-02-01T16:52:04","date_gmt":"2025-02-01T15:52:04","guid":{"rendered":"http:\/\/fokussrl.com\/prodotto\/chaudiere-multi-combustibles-autonettoyante-eco-power-plus\/"},"modified":"2025-02-01T16:58:41","modified_gmt":"2025-02-01T15:58:41","slug":"chaudiere-multi-combustibles-autonettoyante-eco-power-plus","status":"publish","type":"product","link":"https:\/\/www.fokussrl.com\/fr\/produit\/chaudiere-multi-combustibles-autonettoyante-eco-power-plus\/","title":{"rendered":"Chaudi\u00e8re multi-combustibles autonettoyante ECO POWER PLUS &#8211; Carinci"},"content":{"rendered":"","protected":false},"excerpt":{"rendered":"<p>La <strong>Carinci Eco Power Self Cleaning<\/strong> est une chaudi\u00e8re compacte et hautement efficace pour le <strong>chauffage<\/strong> et la <strong>production d&rsquo;eau chaude sanitaire<\/strong> (ECS), compatible avec tout type de syst\u00e8me thermique : radiateurs traditionnels ou r\u00e9servoirs tampons. La chaudi\u00e8re est fabriqu\u00e9e avec des mati\u00e8res premi\u00e8res de tr\u00e8s haute qualit\u00e9. Ses caract\u00e9ristiques distinctives, en plus de sa robustesse et de sa fiabilit\u00e9, incluent des performances \u00e9lev\u00e9es, une efficacit\u00e9 \u00e9nerg\u00e9tique \u00e9lev\u00e9e et des \u00e9missions de polluants tr\u00e8s faibles.<\/p>\n<p>\u00c9quipement Standard<\/p>\n<ul>\n<li>Unit\u00e9 de contr\u00f4le programmable avec un \u00e9cran tactile de 7,5 pouces pour une configuration facile pour diff\u00e9rents types de syst\u00e8mes<\/li>\n<li>Sonde pour r\u00e9servoir tampon<\/li>\n<li>Syst\u00e8me ACQUAPLUS\u00a0\u00bb pour la production d&rsquo;ECS \u00e0 haute efficacit\u00e9 avec ailettes en cuivre<\/li>\n<\/ul>\n<ul>\n<li>Syst\u00e8me de nettoyage automatique des \u00e9changeurs de chaleur<\/li>\n<li>Syst\u00e8me de collecte des cendres avec un compacteur \u00e0 roues facilement amovible<\/li>\n<li> Accessoires pour la connexion aux syst\u00e8mes thermiques et hydrauliques<\/li>\n<li> Pr\u00e9paration pour le Kit Infinity (syst\u00e8me d&rsquo;alimentation en granul\u00e9s \u00e0 distance)<\/li>\n<\/ul>\n<p>\u00ab\u00a0<\/p>\n","protected":false},"featured_media":54369,"template":"","meta":{"_acf_changed":false},"product_brand":[4802],"product_cat":[4576],"product_tag":[],"class_list":{"0":"post-58751","1":"product","2":"type-product","3":"status-publish","4":"has-post-thumbnail","6":"product_brand-carinci-fr","7":"product_cat-chaudieres-multicombustibles","8":"product_shipping_class-caldaie-policombustibili-2-2","9":"pa_potenza-15-kw-fr","10":"pa_potenza-20-kw-fr","11":"pa_potenza-25-kw-fr","12":"pa_potenza-30-kw-fr","13":"pa_potenza-35-kw-fr","14":"pa_versione-eau-chaude-uniquement-pour-le-chauffage","15":"pa_versione-ecs-eau-chaude-sanitaire","16":"sales-flash-overlay","17":"woocommerce-text-align-center","18":"woocommerce-image-align-center","19":"do-quantity-buttons","21":"first","22":"instock","23":"taxable","24":"shipping-taxable","25":"purchasable","26":"product-type-variable"},"acf":[],"_links":{"self":[{"href":"https:\/\/www.fokussrl.com\/fr\/wp-json\/wp\/v2\/product\/58751","targetHints":{"allow":["GET"]}}],"collection":[{"href":"https:\/\/www.fokussrl.com\/fr\/wp-json\/wp\/v2\/product"}],"about":[{"href":"https:\/\/www.fokussrl.com\/fr\/wp-json\/wp\/v2\/types\/product"}],"wp:featuredmedia":[{"embeddable":true,"href":"https:\/\/www.fokussrl.com\/fr\/wp-json\/wp\/v2\/media\/54369"}],"wp:attachment":[{"href":"https:\/\/www.fokussrl.com\/fr\/wp-json\/wp\/v2\/media?parent=58751"}],"wp:term":[{"taxonomy":"product_brand","embeddable":true,"href":"https:\/\/www.fokussrl.com\/fr\/wp-json\/wp\/v2\/product_brand?post=58751"},{"taxonomy":"product_cat","embeddable":true,"href":"https:\/\/www.fokussrl.com\/fr\/wp-json\/wp\/v2\/product_cat?post=58751"},{"taxonomy":"product_tag","embeddable":true,"href":"https:\/\/www.fokussrl.com\/fr\/wp-json\/wp\/v2\/product_tag?post=58751"}],"curies":[{"name":"wp","href":"https:\/\/api.w.org\/{rel}","templated":true}]}}