{"id":58762,"date":"2025-02-01T16:52:04","date_gmt":"2025-02-01T15:52:04","guid":{"rendered":"http:\/\/fokussrl.com\/prodotto\/chaudiere-multi-combustibles-idro-power-slim-box\/"},"modified":"2025-02-01T16:58:44","modified_gmt":"2025-02-01T15:58:44","slug":"chaudiere-multi-combustibles-idro-power-slim-box","status":"publish","type":"product","link":"https:\/\/www.fokussrl.com\/fr\/produit\/chaudiere-multi-combustibles-idro-power-slim-box\/","title":{"rendered":"Chaudi\u00e8re multi-combustibles IDRO POWER SLIM BOX &#8211; Carinci"},"content":{"rendered":"","protected":false},"excerpt":{"rendered":"<p>Haute efficacit\u00e9, faible consommation et tr\u00e8s faibles \u00e9missions de CO2<\/p>\n<p>La Carinci Hydro Power est un po\u00eale compact et hautement efficace pour le chauffage et la production d&rsquo;eau chaude sanitaire (ECS), compatible avec tout type de syst\u00e8me thermique : radiateurs traditionnels ou r\u00e9servoirs tampons.<\/p>\n<p>Le po\u00eale est fabriqu\u00e9 avec des mati\u00e8res premi\u00e8res de tr\u00e8s haute qualit\u00e9.<\/p>\n<p>Ses caract\u00e9ristiques distinctives sont : robustesse, fiabilit\u00e9, performances \u00e9lev\u00e9es, haute efficacit\u00e9 et tr\u00e8s faibles \u00e9missions de polluants.<\/p>\n<p>Le rev\u00eatement Hydro Power Slim est fabriqu\u00e9 avec des mati\u00e8res premi\u00e8res de tr\u00e8s haute qualit\u00e9. Le dessus et les panneaux lat\u00e9raux sont en acier et recouverts d&rsquo;une peinture en poudre \u00e0 haute r\u00e9sistance, de couleur rouge.<\/p>\n<p>La porte est en fonte graphite sph\u00e9ro\u00efdale avec une fen\u00eatre de contr\u00f4le.<\/p>\n<p>Les dimensions r\u00e9duites en profondeur de la Hydro Power Slim Box optimisent l&rsquo;utilisation de l&rsquo;espace, facilitant son placement m\u00eame dans les environnements les plus \u00e9troits.<\/p>\n","protected":false},"featured_media":54392,"template":"","meta":{"_acf_changed":false},"product_brand":[4802],"product_cat":[4576],"product_tag":[],"class_list":{"0":"post-58762","1":"product","2":"type-product","3":"status-publish","4":"has-post-thumbnail","6":"product_brand-carinci-fr","7":"product_cat-chaudieres-multicombustibles","8":"product_shipping_class-caldaie-policombustibili-2-2","9":"pa_potenza-20-kw-fr","10":"pa_potenza-25-kw-fr","11":"pa_potenza-30-kw-fr","12":"pa_potenza-35-kw-fr","13":"pa_versione-eau-chaude-uniquement-pour-le-chauffage","14":"pa_versione-ecs-eau-chaude-sanitaire","15":"sales-flash-overlay","16":"woocommerce-text-align-center","17":"woocommerce-image-align-center","18":"do-quantity-buttons","20":"first","21":"instock","22":"taxable","23":"shipping-taxable","24":"product-type-variable"},"acf":[],"_links":{"self":[{"href":"https:\/\/www.fokussrl.com\/fr\/wp-json\/wp\/v2\/product\/58762","targetHints":{"allow":["GET"]}}],"collection":[{"href":"https:\/\/www.fokussrl.com\/fr\/wp-json\/wp\/v2\/product"}],"about":[{"href":"https:\/\/www.fokussrl.com\/fr\/wp-json\/wp\/v2\/types\/product"}],"wp:featuredmedia":[{"embeddable":true,"href":"https:\/\/www.fokussrl.com\/fr\/wp-json\/wp\/v2\/media\/54392"}],"wp:attachment":[{"href":"https:\/\/www.fokussrl.com\/fr\/wp-json\/wp\/v2\/media?parent=58762"}],"wp:term":[{"taxonomy":"product_brand","embeddable":true,"href":"https:\/\/www.fokussrl.com\/fr\/wp-json\/wp\/v2\/product_brand?post=58762"},{"taxonomy":"product_cat","embeddable":true,"href":"https:\/\/www.fokussrl.com\/fr\/wp-json\/wp\/v2\/product_cat?post=58762"},{"taxonomy":"product_tag","embeddable":true,"href":"https:\/\/www.fokussrl.com\/fr\/wp-json\/wp\/v2\/product_tag?post=58762"}],"curies":[{"name":"wp","href":"https:\/\/api.w.org\/{rel}","templated":true}]}}