{"id":58775,"date":"2025-02-01T16:52:09","date_gmt":"2025-02-01T15:52:09","guid":{"rendered":"http:\/\/fokussrl.com\/prodotto\/chaudiere-multi-combustibles-termoboiler-maxi-33-kw\/"},"modified":"2025-02-01T16:58:46","modified_gmt":"2025-02-01T15:58:46","slug":"chaudiere-multi-combustibles-termoboiler-maxi-33-kw","status":"publish","type":"product","link":"https:\/\/www.fokussrl.com\/fr\/produit\/chaudiere-multi-combustibles-termoboiler-maxi-33-kw\/","title":{"rendered":"Chaudi\u00e8re multi-combustibles TERMOBOILER MAXI 33 kW &#8211; Laminox"},"content":{"rendered":"","protected":false},"excerpt":{"rendered":"<p>Les chaudi\u00e8res Laminox sont des produits fiables et robustes, \u00e9quip\u00e9es de composants \u00e9lectriques et m\u00e9caniques soigneusement s\u00e9lectionn\u00e9s pour garantir un chauffage efficace et \u00e9conomique. Elles sont faciles \u00e0 g\u00e9rer gr\u00e2ce \u00e0 l&rsquo;affichage num\u00e9rique ou \u00e0 la possibilit\u00e9 d&rsquo;installer une console \u00e0 distance dans n&rsquo;importe quel endroit de la maison pour un contr\u00f4le pratique.<\/p>\n<p>La gamme Termoboiler int\u00e8gre tous les syst\u00e8mes en un seul produit \u00e0 granul\u00e9s, adapt\u00e9 pour une utilisation \u00e9t\u00e9\/hiver.<\/p>\n<p>Il s&rsquo;agit d&rsquo;une chaudi\u00e8re \u00e0 granul\u00e9s et noyaux d&rsquo;olive avec un r\u00e9servoir d&rsquo;eau technique de 150 litres \u00e0 haut rendement, nettoyage automatique des turbulents, br\u00fbleur autonettoyant, compacteur de cendres, vanne de m\u00e9lange sanitaire, \u00e9changeur de chaleur \u00e0 plaques et serpentins solaires (Optionnel).<\/p>\n","protected":false},"featured_media":54437,"template":"","meta":{"_acf_changed":false},"product_brand":[4826],"product_cat":[4576],"product_tag":[],"class_list":{"0":"post-58775","1":"product","2":"type-product","3":"status-publish","4":"has-post-thumbnail","6":"product_brand-laminox-idro-fr","7":"product_cat-chaudieres-multicombustibles","8":"product_shipping_class-caldaie-policombustibili-2-2","9":"pa_versione-avec-serpentin-solaire","10":"pa_versione-sans-serpentin-solaire","11":"sales-flash-overlay","12":"woocommerce-text-align-center","13":"woocommerce-image-align-center","14":"do-quantity-buttons","16":"first","17":"instock","18":"taxable","19":"shipping-taxable","20":"purchasable","21":"product-type-variable"},"acf":[],"_links":{"self":[{"href":"https:\/\/www.fokussrl.com\/fr\/wp-json\/wp\/v2\/product\/58775","targetHints":{"allow":["GET"]}}],"collection":[{"href":"https:\/\/www.fokussrl.com\/fr\/wp-json\/wp\/v2\/product"}],"about":[{"href":"https:\/\/www.fokussrl.com\/fr\/wp-json\/wp\/v2\/types\/product"}],"wp:featuredmedia":[{"embeddable":true,"href":"https:\/\/www.fokussrl.com\/fr\/wp-json\/wp\/v2\/media\/54437"}],"wp:attachment":[{"href":"https:\/\/www.fokussrl.com\/fr\/wp-json\/wp\/v2\/media?parent=58775"}],"wp:term":[{"taxonomy":"product_brand","embeddable":true,"href":"https:\/\/www.fokussrl.com\/fr\/wp-json\/wp\/v2\/product_brand?post=58775"},{"taxonomy":"product_cat","embeddable":true,"href":"https:\/\/www.fokussrl.com\/fr\/wp-json\/wp\/v2\/product_cat?post=58775"},{"taxonomy":"product_tag","embeddable":true,"href":"https:\/\/www.fokussrl.com\/fr\/wp-json\/wp\/v2\/product_tag?post=58775"}],"curies":[{"name":"wp","href":"https:\/\/api.w.org\/{rel}","templated":true}]}}