{"id":58778,"date":"2025-02-01T16:52:09","date_gmt":"2025-02-01T15:52:09","guid":{"rendered":"http:\/\/fokussrl.com\/prodotto\/cheminee-bioethanol-aeris\/"},"modified":"2025-02-01T16:58:48","modified_gmt":"2025-02-01T15:58:48","slug":"cheminee-bioethanol-aeris","status":"publish","type":"product","link":"https:\/\/www.fokussrl.com\/fr\/produit\/cheminee-bioethanol-aeris\/","title":{"rendered":"Chemin\u00e9e bio\u00e9thanol AERIS &#8211; Cocoon Fires"},"content":{"rendered":"","protected":false},"excerpt":{"rendered":"<p>Les chemin\u00e9es au bio\u00e9thanol Cocoon ne n\u00e9cessitent pas de conduit de chemin\u00e9e et sont faciles \u00e0 installer car elles ne demandent aucun travail de ma\u00e7onnerie.<\/p>\n<p>Les bio-chemin\u00e9es fonctionnent \u00e0 l&rsquo;alcool biologique appel\u00e9 bio\u00e9thanol, issu de la fermentation de biomasses.<\/p>\n<p>La particularit\u00e9 du bio-chemin\u00e9e Aeris r\u00e9side dans son design moderne.<\/p>\n<p>Elle est suspendue au plafond et constitue une v\u00e9ritable \u0153uvre d&rsquo;art qui apporte \u00e9l\u00e9gance et style \u00e0 votre maison.<\/p>\n","protected":false},"featured_media":54444,"template":"","meta":{"_acf_changed":false},"product_brand":[4803],"product_cat":[4578],"product_tag":[],"class_list":{"0":"post-58778","1":"product","2":"type-product","3":"status-publish","4":"has-post-thumbnail","6":"product_brand-cocoon-fires-fr","7":"product_cat-cheminees-a-bioethanol","8":"product_shipping_class-caminetti-a-bioetanolo-2-2","9":"pa_colore-inox-fr","10":"pa_colore-noir","11":"sales-flash-overlay","12":"woocommerce-text-align-center","13":"woocommerce-image-align-center","14":"do-quantity-buttons","16":"first","17":"instock","18":"taxable","19":"shipping-taxable","20":"purchasable","21":"product-type-variable"},"acf":[],"_links":{"self":[{"href":"https:\/\/www.fokussrl.com\/fr\/wp-json\/wp\/v2\/product\/58778","targetHints":{"allow":["GET"]}}],"collection":[{"href":"https:\/\/www.fokussrl.com\/fr\/wp-json\/wp\/v2\/product"}],"about":[{"href":"https:\/\/www.fokussrl.com\/fr\/wp-json\/wp\/v2\/types\/product"}],"wp:featuredmedia":[{"embeddable":true,"href":"https:\/\/www.fokussrl.com\/fr\/wp-json\/wp\/v2\/media\/54444"}],"wp:attachment":[{"href":"https:\/\/www.fokussrl.com\/fr\/wp-json\/wp\/v2\/media?parent=58778"}],"wp:term":[{"taxonomy":"product_brand","embeddable":true,"href":"https:\/\/www.fokussrl.com\/fr\/wp-json\/wp\/v2\/product_brand?post=58778"},{"taxonomy":"product_cat","embeddable":true,"href":"https:\/\/www.fokussrl.com\/fr\/wp-json\/wp\/v2\/product_cat?post=58778"},{"taxonomy":"product_tag","embeddable":true,"href":"https:\/\/www.fokussrl.com\/fr\/wp-json\/wp\/v2\/product_tag?post=58778"}],"curies":[{"name":"wp","href":"https:\/\/api.w.org\/{rel}","templated":true}]}}