{"id":58781,"date":"2025-02-01T16:52:09","date_gmt":"2025-02-01T15:52:09","guid":{"rendered":"http:\/\/fokussrl.com\/prodotto\/cheminee-bioethanol-terra\/"},"modified":"2025-02-01T16:58:49","modified_gmt":"2025-02-01T15:58:49","slug":"cheminee-bioethanol-terra","status":"publish","type":"product","link":"https:\/\/www.fokussrl.com\/fr\/produit\/cheminee-bioethanol-terra\/","title":{"rendered":"Chemin\u00e9e bio\u00e9thanol TERRA &#8211; Cocoon Fires"},"content":{"rendered":"","protected":false},"excerpt":{"rendered":"<p>La cr\u00e9ativit\u00e9 humaine est infinie.<\/p>\n<p>La preuve en est la chemin\u00e9e au bio\u00e9thanol Cocoon Terra.<\/p>\n<p>Le designer Federico Otero met l&rsquo;accent sur la modernit\u00e9 tout en pr\u00e9servant l&rsquo;\u00e9cologie d&rsquo;un design \u00e9l\u00e9gant.<\/p>\n<p>Comme toutes les bio-chemin\u00e9es de la gamme Cocoon, les produits ne n\u00e9cessitent pas de conduit de chemin\u00e9e et sont faciles \u00e0 installer car ils ne demandent aucun travail de ma\u00e7onnerie.<\/p>\n<p>Les bio-chemin\u00e9es fonctionnent \u00e0 l&rsquo;alcool biologique appel\u00e9 bio\u00e9thanol, issu de la fermentation de biomasses.<\/p>\n","protected":false},"featured_media":54479,"template":"","meta":{"_acf_changed":false},"product_brand":[4803],"product_cat":[4578],"product_tag":[],"class_list":{"0":"post-58781","1":"product","2":"type-product","3":"status-publish","4":"has-post-thumbnail","6":"product_brand-cocoon-fires-fr","7":"product_cat-cheminees-a-bioethanol","8":"product_shipping_class-caminetti-a-bioetanolo-2-2","9":"pa_colore-inox-fr","10":"pa_colore-noir","11":"sales-flash-overlay","12":"woocommerce-text-align-center","13":"woocommerce-image-align-center","14":"do-quantity-buttons","16":"first","17":"instock","18":"taxable","19":"shipping-taxable","20":"purchasable","21":"product-type-variable"},"acf":[],"_links":{"self":[{"href":"https:\/\/www.fokussrl.com\/fr\/wp-json\/wp\/v2\/product\/58781","targetHints":{"allow":["GET"]}}],"collection":[{"href":"https:\/\/www.fokussrl.com\/fr\/wp-json\/wp\/v2\/product"}],"about":[{"href":"https:\/\/www.fokussrl.com\/fr\/wp-json\/wp\/v2\/types\/product"}],"wp:featuredmedia":[{"embeddable":true,"href":"https:\/\/www.fokussrl.com\/fr\/wp-json\/wp\/v2\/media\/54479"}],"wp:attachment":[{"href":"https:\/\/www.fokussrl.com\/fr\/wp-json\/wp\/v2\/media?parent=58781"}],"wp:term":[{"taxonomy":"product_brand","embeddable":true,"href":"https:\/\/www.fokussrl.com\/fr\/wp-json\/wp\/v2\/product_brand?post=58781"},{"taxonomy":"product_cat","embeddable":true,"href":"https:\/\/www.fokussrl.com\/fr\/wp-json\/wp\/v2\/product_cat?post=58781"},{"taxonomy":"product_tag","embeddable":true,"href":"https:\/\/www.fokussrl.com\/fr\/wp-json\/wp\/v2\/product_tag?post=58781"}],"curies":[{"name":"wp","href":"https:\/\/api.w.org\/{rel}","templated":true}]}}