{"id":58784,"date":"2025-02-01T16:52:09","date_gmt":"2025-02-01T15:52:09","guid":{"rendered":"http:\/\/fokussrl.com\/prodotto\/cheminee-bioethanol-vellum\/"},"modified":"2025-02-01T16:58:50","modified_gmt":"2025-02-01T15:58:50","slug":"cheminee-bioethanol-vellum","status":"publish","type":"product","link":"https:\/\/www.fokussrl.com\/fr\/produit\/cheminee-bioethanol-vellum\/","title":{"rendered":"Chemin\u00e9e bio\u00e9thanol VELLUM &#8211; Cocoon Fires"},"content":{"rendered":"","protected":false},"excerpt":{"rendered":"<p>Con\u00e7u par le c\u00e9l\u00e8bre et innovant designer Federico Otero, le chemin\u00e9e \u00e0 bio\u00e9thanol Cocoon Vellum est une \u0153uvre unique d&rsquo;art moderne.<\/p>\n<p>Sa forme rappelle celle d&rsquo;un \u0153il &#8211; un look sophistiqu\u00e9, \u00e9l\u00e9gant et styl\u00e9.<\/p>\n<p>Le bio-chemin\u00e9e est fabriqu\u00e9e en acier de haute qualit\u00e9 r\u00e9sistant \u00e0 des temp\u00e9ratures \u00e9lev\u00e9es.<\/p>\n<p>Le br\u00fbleur est facilement amovible et a une capacit\u00e9 de 1,5 litres de bio\u00e9thanol, offrant une dur\u00e9e de combustion allant jusqu&rsquo;\u00e0 6 heures.<\/p>\n","protected":false},"featured_media":54510,"template":"","meta":{"_acf_changed":false},"product_brand":[4803],"product_cat":[4578],"product_tag":[],"class_list":{"0":"post-58784","1":"product","2":"type-product","3":"status-publish","4":"has-post-thumbnail","6":"product_brand-cocoon-fires-fr","7":"product_cat-cheminees-a-bioethanol","8":"product_shipping_class-caminetti-a-bioetanolo-2-2","9":"pa_colore-inox-fr","10":"pa_colore-noir","11":"sales-flash-overlay","12":"woocommerce-text-align-center","13":"woocommerce-image-align-center","14":"do-quantity-buttons","16":"first","17":"instock","18":"taxable","19":"shipping-taxable","20":"purchasable","21":"product-type-variable"},"acf":[],"_links":{"self":[{"href":"https:\/\/www.fokussrl.com\/fr\/wp-json\/wp\/v2\/product\/58784","targetHints":{"allow":["GET"]}}],"collection":[{"href":"https:\/\/www.fokussrl.com\/fr\/wp-json\/wp\/v2\/product"}],"about":[{"href":"https:\/\/www.fokussrl.com\/fr\/wp-json\/wp\/v2\/types\/product"}],"wp:featuredmedia":[{"embeddable":true,"href":"https:\/\/www.fokussrl.com\/fr\/wp-json\/wp\/v2\/media\/54510"}],"wp:attachment":[{"href":"https:\/\/www.fokussrl.com\/fr\/wp-json\/wp\/v2\/media?parent=58784"}],"wp:term":[{"taxonomy":"product_brand","embeddable":true,"href":"https:\/\/www.fokussrl.com\/fr\/wp-json\/wp\/v2\/product_brand?post=58784"},{"taxonomy":"product_cat","embeddable":true,"href":"https:\/\/www.fokussrl.com\/fr\/wp-json\/wp\/v2\/product_cat?post=58784"},{"taxonomy":"product_tag","embeddable":true,"href":"https:\/\/www.fokussrl.com\/fr\/wp-json\/wp\/v2\/product_tag?post=58784"}],"curies":[{"name":"wp","href":"https:\/\/api.w.org\/{rel}","templated":true}]}}