{"id":58787,"date":"2025-02-01T16:52:16","date_gmt":"2025-02-01T15:52:16","guid":{"rendered":"http:\/\/fokussrl.com\/prodotto\/cheminee-gaz-mirror-flame\/"},"modified":"2025-02-01T16:58:52","modified_gmt":"2025-02-01T15:58:52","slug":"cheminee-gaz-mirror-flame","status":"publish","type":"product","link":"https:\/\/www.fokussrl.com\/fr\/produit\/cheminee-gaz-mirror-flame\/","title":{"rendered":"Chemin\u00e9e \u00e0 gaz MIRROR FLAME &#8211; Italkero"},"content":{"rendered":"","protected":false},"excerpt":{"rendered":"<p>Mirror Flame, un appareil d\u00e9coratif unique en son genre ! Design \u00e9l\u00e9gant et exclusif, disponible en version RELIEF ou AFFLEUREMENT MURAL. \u00c9teint, il est un fantastique miroir noir ; allum\u00e9, il devient une magnifique torche de flamme.<\/p>\n<p>Mirror Flame, un insert \u00e0 gaz \u00e0 flux \u00e9quilibr\u00e9 pour une utilisation d\u00e9corative dans tout type d&rsquo;environnement. Un appareil unique et sp\u00e9cial qui allie design et beaut\u00e9 de la flamme.<\/p>\n<p>&#8211; Version RELIEF : le miroir d\u00e9passe d&rsquo;environ 3 cm de la surface du mur.<\/p>\n<p>&#8211; Version AFFLEUREMENT MURAL : le miroir est install\u00e9 \u00e0 fleur de la surface du mur gr\u00e2ce \u00e0 un profil ext\u00e9rieur en verre.<\/p>\n<p>&#8211; Flamme visible \u00e0 travers un miroir en verre noir.<\/p>\n<p>&#8211; Design \u00e9l\u00e9gant et exclusif.<\/p>\n<p>&#8211; Dimensions de la flamme visible : Longueur 38 X Hauteur 200 cm.<\/p>\n<p>&#8211; 3 niveaux de r\u00e9glage de la flamme (max, med, min).<\/p>\n<p>&#8211; T\u00e9l\u00e9commande standard avec affichage. Original, particulier, exclusif, Italkero.<\/p>\n","protected":false},"featured_media":54541,"template":"","meta":{"_acf_changed":false},"product_brand":[4815],"product_cat":[4579],"product_tag":[],"class_list":{"0":"post-58787","1":"product","2":"type-product","3":"status-publish","4":"has-post-thumbnail","6":"product_brand-italkero-fr","7":"product_cat-cheminees-a-gaz","8":"product_shipping_class-caminetti-a-gas-2-2","9":"pa_versione-a-fleur-de-mur","10":"pa_versione-en-relief","11":"sales-flash-overlay","12":"woocommerce-text-align-center","13":"woocommerce-image-align-center","14":"do-quantity-buttons","16":"first","17":"instock","18":"taxable","19":"shipping-taxable","20":"product-type-variable"},"acf":[],"_links":{"self":[{"href":"https:\/\/www.fokussrl.com\/fr\/wp-json\/wp\/v2\/product\/58787","targetHints":{"allow":["GET"]}}],"collection":[{"href":"https:\/\/www.fokussrl.com\/fr\/wp-json\/wp\/v2\/product"}],"about":[{"href":"https:\/\/www.fokussrl.com\/fr\/wp-json\/wp\/v2\/types\/product"}],"wp:featuredmedia":[{"embeddable":true,"href":"https:\/\/www.fokussrl.com\/fr\/wp-json\/wp\/v2\/media\/54541"}],"wp:attachment":[{"href":"https:\/\/www.fokussrl.com\/fr\/wp-json\/wp\/v2\/media?parent=58787"}],"wp:term":[{"taxonomy":"product_brand","embeddable":true,"href":"https:\/\/www.fokussrl.com\/fr\/wp-json\/wp\/v2\/product_brand?post=58787"},{"taxonomy":"product_cat","embeddable":true,"href":"https:\/\/www.fokussrl.com\/fr\/wp-json\/wp\/v2\/product_cat?post=58787"},{"taxonomy":"product_tag","embeddable":true,"href":"https:\/\/www.fokussrl.com\/fr\/wp-json\/wp\/v2\/product_tag?post=58787"}],"curies":[{"name":"wp","href":"https:\/\/api.w.org\/{rel}","templated":true}]}}