{"id":58790,"date":"2025-02-01T16:52:16","date_gmt":"2025-02-01T15:52:16","guid":{"rendered":"http:\/\/fokussrl.com\/prodotto\/cheminee-gaz-ventilation-forcee-milano-80-130\/"},"modified":"2025-02-01T16:58:54","modified_gmt":"2025-02-01T15:58:54","slug":"cheminee-gaz-ventilation-forcee-milano-80-130","status":"publish","type":"product","link":"https:\/\/www.fokussrl.com\/fr\/produit\/cheminee-gaz-ventilation-forcee-milano-80-130\/","title":{"rendered":"Chemin\u00e9e \u00e0 gaz avec ventilation forc\u00e9e MILANO 80-130 &#8211; Italkero"},"content":{"rendered":"","protected":false},"excerpt":{"rendered":"<p>Chemin\u00e9e \u00e0 gaz forc\u00e9. Cr\u00e9e une ambiance avec une vue de flamme en longueur. Les tuyaux d&rsquo;extraction des fum\u00e9es peuvent atteindre jusqu&rsquo;\u00e0 40 m\u00e8tres sans extracteur suppl\u00e9mentaire&#8230; L&rsquo;installation la plus \u00e9conomique jamais vue !!<\/p>\n<p>DISPONIBLE EN VERSION MONOFACE ET BIFACE. Cr\u00e9e une ambiance avec une vue de flamme en longueur.<\/p>\n<p>Zone de vision de la flamme mod. 80 : Longueur 836 mm X Hauteur 320 mm.<\/p>\n<p>Zone de vision de la flamme mod. 130 : Longueur 1369 mm X Hauteur 320 mm.<\/p>\n<p>Syst\u00e8me de chauffage avec un chronothermostat sans fil avec plus de 90 % de performance.<\/p>\n<p>Con\u00e7u et assembl\u00e9 en Italie.<\/p>\n<p>Qualit\u00e9, Confort et Efficacit\u00e9. Italkero.<\/p>\n<p>Couleurs disponibles : Blanc ou Noir<\/p>\n","protected":false},"featured_media":54564,"template":"","meta":{"_acf_changed":false},"product_brand":[4815],"product_cat":[4579],"product_tag":[],"class_list":{"0":"post-58790","1":"product","2":"type-product","3":"status-publish","4":"has-post-thumbnail","6":"product_brand-italkero-fr","7":"product_cat-cheminees-a-gaz","8":"product_shipping_class-caminetti-a-gas-2-2","9":"pa_versione-milano-130i-ilot","10":"pa_versione-milano-130p-tunnel-fr","11":"pa_versione-milano-130w-simple-face","12":"pa_versione-milano-80i-isola-fr","13":"pa_versione-milano-80p-tunnel-fr","14":"pa_versione-milano-80w-simple-face","15":"sales-flash-overlay","16":"woocommerce-text-align-center","17":"woocommerce-image-align-center","18":"do-quantity-buttons","20":"first","21":"instock","22":"taxable","23":"shipping-taxable","24":"purchasable","25":"product-type-variable"},"acf":[],"_links":{"self":[{"href":"https:\/\/www.fokussrl.com\/fr\/wp-json\/wp\/v2\/product\/58790","targetHints":{"allow":["GET"]}}],"collection":[{"href":"https:\/\/www.fokussrl.com\/fr\/wp-json\/wp\/v2\/product"}],"about":[{"href":"https:\/\/www.fokussrl.com\/fr\/wp-json\/wp\/v2\/types\/product"}],"wp:featuredmedia":[{"embeddable":true,"href":"https:\/\/www.fokussrl.com\/fr\/wp-json\/wp\/v2\/media\/54564"}],"wp:attachment":[{"href":"https:\/\/www.fokussrl.com\/fr\/wp-json\/wp\/v2\/media?parent=58790"}],"wp:term":[{"taxonomy":"product_brand","embeddable":true,"href":"https:\/\/www.fokussrl.com\/fr\/wp-json\/wp\/v2\/product_brand?post=58790"},{"taxonomy":"product_cat","embeddable":true,"href":"https:\/\/www.fokussrl.com\/fr\/wp-json\/wp\/v2\/product_cat?post=58790"},{"taxonomy":"product_tag","embeddable":true,"href":"https:\/\/www.fokussrl.com\/fr\/wp-json\/wp\/v2\/product_tag?post=58790"}],"curies":[{"name":"wp","href":"https:\/\/api.w.org\/{rel}","templated":true}]}}