{"id":58797,"date":"2025-02-01T16:52:16","date_gmt":"2025-02-01T15:52:16","guid":{"rendered":"http:\/\/fokussrl.com\/prodotto\/cheminee-gaz-peninsule-venezia\/"},"modified":"2025-02-01T16:58:54","modified_gmt":"2025-02-01T15:58:54","slug":"cheminee-gaz-peninsule-venezia","status":"publish","type":"product","link":"https:\/\/www.fokussrl.com\/fr\/produit\/cheminee-gaz-peninsule-venezia\/","title":{"rendered":"Chemin\u00e9e \u00e0 gaz p\u00e9ninsule VENEZIA &#8211; Italkero"},"content":{"rendered":"","protected":false},"excerpt":{"rendered":"<p>Insert de chemin\u00e9e \u00e0 gaz, disponible en mod\u00e8les 90P &#8211; 130P (p\u00e9ninsule). Cr\u00e9e une ambiance avec une vue de flamme panoramique.<\/p>\n<p>Chemin\u00e9e \u00e0 gaz \u00e0 flux \u00e9quilibr\u00e9 avec chambre \u00e9tanche, fonctionne au GPL ou au gaz naturel.<\/p>\n<p>&#8211; Venezia 90P p\u00e9ninsule, avec une surface visible de flamme de longueur 84 cm et hauteur 32 cm. Puissance thermique Nom. 5,4 et Min. 1,9 kW.<\/p>\n<p>&#8211; Venezia 130P p\u00e9ninsule, avec une surface visible de flamme de longueur 137 cm et hauteur 32 cm. Puissance thermique Nom. 7,3 et Min. 2,9 kW. Les inserts 3 faces utilisent uniquement des conduits coaxiaux de diam\u00e8tre 200 mm, adapt\u00e9s aux divers besoins d&rsquo;installation.<\/p>\n<p>Haute efficacit\u00e9 \u00e9nerg\u00e9tique : classe 2.<\/p>\n<p>T\u00e9l\u00e9commande standard avec affichage.<\/p>\n<p>Pieds r\u00e9glables en hauteur.<\/p>\n<p>Vanne \u00e0 gaz d\u00e9port\u00e9e avec trappe ext\u00e9rieure.<\/p>\n<p>Enveloppe de canalisation d&rsquo;air chaud (standard) pour la protection de l&rsquo;insert et \u00e9ventuelle canalisation d&rsquo;air chaud vers les pi\u00e8ces adjacentes.<\/p>\n<p>Con\u00e7u et assembl\u00e9 en Italie. 100% fabriqu\u00e9 en Italie.<\/p>\n","protected":false},"featured_media":54595,"template":"","meta":{"_acf_changed":false},"product_brand":[4815],"product_cat":[4579],"product_tag":[],"class_list":{"0":"post-58797","1":"product","2":"type-product","3":"status-publish","4":"has-post-thumbnail","6":"product_brand-italkero-fr","7":"product_cat-cheminees-a-gaz","8":"product_shipping_class-caminetti-a-gas-2-2","9":"pa_versione-venezia-130-peninsule","10":"pa_versione-venezia-90-peninsule","11":"sales-flash-overlay","12":"woocommerce-text-align-center","13":"woocommerce-image-align-center","14":"do-quantity-buttons","16":"first","17":"instock","18":"taxable","19":"shipping-taxable","20":"purchasable","21":"product-type-variable"},"acf":[],"_links":{"self":[{"href":"https:\/\/www.fokussrl.com\/fr\/wp-json\/wp\/v2\/product\/58797","targetHints":{"allow":["GET"]}}],"collection":[{"href":"https:\/\/www.fokussrl.com\/fr\/wp-json\/wp\/v2\/product"}],"about":[{"href":"https:\/\/www.fokussrl.com\/fr\/wp-json\/wp\/v2\/types\/product"}],"wp:featuredmedia":[{"embeddable":true,"href":"https:\/\/www.fokussrl.com\/fr\/wp-json\/wp\/v2\/media\/54595"}],"wp:attachment":[{"href":"https:\/\/www.fokussrl.com\/fr\/wp-json\/wp\/v2\/media?parent=58797"}],"wp:term":[{"taxonomy":"product_brand","embeddable":true,"href":"https:\/\/www.fokussrl.com\/fr\/wp-json\/wp\/v2\/product_brand?post=58797"},{"taxonomy":"product_cat","embeddable":true,"href":"https:\/\/www.fokussrl.com\/fr\/wp-json\/wp\/v2\/product_cat?post=58797"},{"taxonomy":"product_tag","embeddable":true,"href":"https:\/\/www.fokussrl.com\/fr\/wp-json\/wp\/v2\/product_tag?post=58797"}],"curies":[{"name":"wp","href":"https:\/\/api.w.org\/{rel}","templated":true}]}}