{"id":58800,"date":"2025-02-01T16:52:16","date_gmt":"2025-02-01T15:52:16","guid":{"rendered":"http:\/\/fokussrl.com\/prodotto\/cheminee-granules-canalisable-blow\/"},"modified":"2025-02-01T16:58:55","modified_gmt":"2025-02-01T15:58:55","slug":"cheminee-granules-canalisable-blow","status":"publish","type":"product","link":"https:\/\/www.fokussrl.com\/fr\/produit\/cheminee-granules-canalisable-blow\/","title":{"rendered":"Chemin\u00e9e \u00e0 granul\u00e9s canalisable BLOW &#8211; Magikal"},"content":{"rendered":"","protected":false},"excerpt":{"rendered":"<p>La s\u00e9rie de chemin\u00e9es \u00e0 granul\u00e9s BLOW est disponible en deux puissances : 8 et 11 kW. Le syst\u00e8me de fonctionnement silencieux est garanti par le chargement des granul\u00e9s effectu\u00e9 avec un moteur brushless \u00e0 courant continu, \u00e9liminant compl\u00e8tement le bruit g\u00eanant pendant le fonctionnement. Cette caract\u00e9ristique est particuli\u00e8rement appr\u00e9ci\u00e9e pour le confort acoustique de l&rsquo;environnement domestique.<\/p>\n<p>De plus, la chemin\u00e9e offre la possibilit\u00e9 de d\u00e9sactiver compl\u00e8tement les moteurs d&rsquo;air chaud lorsqu&rsquo;elle fonctionne \u00e0 puissance r\u00e9duite. Cela est possible gr\u00e2ce au syst\u00e8me de convection naturelle int\u00e9gr\u00e9, qui garantit un flux d&rsquo;air m\u00eame sans l&rsquo;utilisation de moteurs. Cette fonctionnalit\u00e9 r\u00e9duit non seulement davantage le bruit, mais optimise \u00e9galement l&rsquo;efficacit\u00e9 \u00e9nerg\u00e9tique de la chemin\u00e9e.<\/p>\n<p>Dans l&rsquo;ensemble, la s\u00e9rie de chemin\u00e9es BLOW offre une exp\u00e9rience de chauffage silencieuse et confortable, adapt\u00e9e \u00e0 divers environnements domestiques.<\/p>\n<p>N.B. Compl\u00e8te avec trappe de chargement avec tuyau flexible de 1 m\u00e8tre et inspection lat\u00e9rale 400&#215;900 mm.<\/p>\n","protected":false},"featured_media":54610,"template":"","meta":{"_acf_changed":false},"product_brand":[4830],"product_cat":[4580],"product_tag":[],"class_list":{"0":"post-58800","1":"product","2":"type-product","3":"status-publish","4":"has-post-thumbnail","6":"product_brand-magikal-fr","7":"product_cat-cheminees-a-granules","8":"product_shipping_class-caminetti-a-pellet-2-2","9":"pa_potenza-11-kw-fr","10":"pa_potenza-8-kw-fr","11":"sales-flash-overlay","12":"woocommerce-text-align-center","13":"woocommerce-image-align-center","14":"do-quantity-buttons","16":"first","17":"instock","18":"taxable","19":"shipping-taxable","20":"purchasable","21":"product-type-variable"},"acf":[],"_links":{"self":[{"href":"https:\/\/www.fokussrl.com\/fr\/wp-json\/wp\/v2\/product\/58800","targetHints":{"allow":["GET"]}}],"collection":[{"href":"https:\/\/www.fokussrl.com\/fr\/wp-json\/wp\/v2\/product"}],"about":[{"href":"https:\/\/www.fokussrl.com\/fr\/wp-json\/wp\/v2\/types\/product"}],"wp:featuredmedia":[{"embeddable":true,"href":"https:\/\/www.fokussrl.com\/fr\/wp-json\/wp\/v2\/media\/54610"}],"wp:attachment":[{"href":"https:\/\/www.fokussrl.com\/fr\/wp-json\/wp\/v2\/media?parent=58800"}],"wp:term":[{"taxonomy":"product_brand","embeddable":true,"href":"https:\/\/www.fokussrl.com\/fr\/wp-json\/wp\/v2\/product_brand?post=58800"},{"taxonomy":"product_cat","embeddable":true,"href":"https:\/\/www.fokussrl.com\/fr\/wp-json\/wp\/v2\/product_cat?post=58800"},{"taxonomy":"product_tag","embeddable":true,"href":"https:\/\/www.fokussrl.com\/fr\/wp-json\/wp\/v2\/product_tag?post=58800"}],"curies":[{"name":"wp","href":"https:\/\/api.w.org\/{rel}","templated":true}]}}