{"id":58806,"date":"2025-02-01T16:52:16","date_gmt":"2025-02-01T15:52:16","guid":{"rendered":"http:\/\/fokussrl.com\/prodotto\/cheminee-electrique-e-one-100\/"},"modified":"2025-02-01T16:58:58","modified_gmt":"2025-02-01T15:58:58","slug":"cheminee-electrique-e-one-100","status":"publish","type":"product","link":"https:\/\/www.fokussrl.com\/fr\/produit\/cheminee-electrique-e-one-100\/","title":{"rendered":"Chemin\u00e9e \u00e9lectrique E-ONE 100 &#8211; Kalfire"},"content":{"rendered":"","protected":false},"excerpt":{"rendered":"<p><p>Imaginez-vous devant une v\u00e9ritable chemin\u00e9e, entendant le cr\u00e9pitement du bois sur le feu, regardant les flammes danser entre les braises et sentant imm\u00e9diatement la chaleur se diffuser dans la pi\u00e8ce. Tout cela avec un simple geste, sans avoir \u00e0 alimenter le brasier, \u00e0 surveiller la flamme ou \u00e0 nettoyer en fin de soir\u00e9e. Nous avons conserv\u00e9 uniquement le plaisir du feu, la danse hypnotique des flammes, sans aucune autre contrainte que celle de se d\u00e9tendre devant votre chemin\u00e9e.<\/p>\n<p><strong>\u00c9COLOGIQUE<\/strong> Aucune \u00e9mission, aucune combustion, juste le plaisir du feu.<\/p>\n<p><strong>S\u00c9CURIS\u00c9<\/strong> Vous n\u2019aurez \u00e0 vous soucier de rien, aucune flamme ni temp\u00e9rature \u00e9lev\u00e9e.<\/p>\n<p><strong>SIMPLE<\/strong> Facile \u00e0 installer, utilisation imm\u00e9diate. Nous avons cr\u00e9\u00e9 un feu avec des flammes ultra-r\u00e9alistes, z\u00e9ro \u00e9mission et sans consommation de combustibles fossiles. Une r\u00e9volution en termes de style et de fonctionnalit\u00e9 qui ouvre de nouvelles possibilit\u00e9s dans votre maison, m\u00eame l\u00e0 o\u00f9 une chemin\u00e9e \u00e9tait jusqu&rsquo;\u00e0 pr\u00e9sent impossible.<\/p>\n<p><strong>Installation libre<\/strong><\/p>\n<p>Installez votre chemin\u00e9e sans besoin de raccordement de fum\u00e9es ou de gaz, sans contrainte environnementale ou architecturale. Elle peut \u00eatre install\u00e9e dans tout type d&rsquo;int\u00e9rieur, comme une chambre, un restaurant, un h\u00f4tel ou un bureau.<\/p>\n<p><strong>Faible consommation \u00e9nerg\u00e9tique<\/strong><\/p>\n<p>Profitez d\u00e9sormais d\u2019un feu durable et \u00e9cologique. La chemin\u00e9e E-one est enti\u00e8rement \u00e9lectrique, n&rsquo;utilise pas de combustibles fossiles et ne produit aucune \u00e9mission. Tout cela avec une consommation \u00e9lectrique minimale.<\/p>\n<p><strong>Personnalisable<\/strong><\/p>\n<p>Imaginez une chemin\u00e9e selon vos envies. Une large gamme de mat\u00e9riaux peut \u00eatre utilis\u00e9e pour cr\u00e9er le style d\u00e9sir\u00e9. Le choix des mat\u00e9riaux et les possibilit\u00e9s de design sont infinis. Une flamme virtuelle personnalisable dans toutes ses caract\u00e9ristiques, projet\u00e9e sur des b\u00fbches en c\u00e9ramique peintes \u00e0 la main individuellement. L\u2019exp\u00e9rience du feu peut \u00eatre personnalis\u00e9e en choisissant entre la technologie Single ou Dual HD Flame (projection \u00e0 flamme simple ou double) et entre une plaque inf\u00e9rieure plate ou design, avec des lignes modernes et \u00e9l\u00e9gantes.<\/p>\n<p><strong>Atmos Heating<\/strong><\/p>\n<p>Un syst\u00e8me de chauffage sp\u00e9cialement con\u00e7u pour rendre encore plus r\u00e9aliste l\u2019\u00e9treinte chaleureuse du feu.<\/p>\n<p><strong>Tonalit\u00e9 de flamme<\/strong><\/p>\n<p>Choisissez la couleur la mieux adapt\u00e9e \u00e0 votre int\u00e9rieur.<\/p>\n<p><strong>Hauteur de flamme r\u00e9glable<\/strong><\/p>\n<p>5 r\u00e9glages pour un effet de flamme \u00e0 la taille que vous pr\u00e9f\u00e9rez.<\/p>\n<p><strong>Atmos Lighting<\/strong><\/p>\n<p>Un jeu d&rsquo;ombres r\u00e9glable pour cr\u00e9er une ambiance encore plus immersive.<\/p>\n<p><strong>Hybrid LED E<\/strong><\/p>\n<p>Des braises qui changent et \u00e9voluent avec le dynamisme des flammes pour un effet encore plus r\u00e9aliste.<\/p>\n<p><strong>Kalfire Sound<\/strong><\/p>\n<p>Un cr\u00e9pitement r\u00e9aliste du bois dans la chemin\u00e9e pour compl\u00e9ter l\u2019atmosph\u00e8re.<\/p>\n","protected":false},"featured_media":54636,"template":"","meta":{"_acf_changed":false},"product_brand":[4817],"product_cat":[4583],"product_tag":[],"class_list":{"0":"post-58806","1":"product","2":"type-product","3":"status-publish","4":"has-post-thumbnail","6":"product_brand-kalfire-fr","7":"product_cat-cheminees-electriques","8":"product_shipping_class-caminetti-elettrici-2-2","9":"pa_versione-encastrable","10":"pa_versione-installation-libre","11":"sales-flash-overlay","12":"woocommerce-text-align-center","13":"woocommerce-image-align-center","14":"do-quantity-buttons","16":"first","17":"instock","18":"taxable","19":"shipping-taxable","20":"product-type-variable"},"acf":[],"_links":{"self":[{"href":"https:\/\/www.fokussrl.com\/fr\/wp-json\/wp\/v2\/product\/58806","targetHints":{"allow":["GET"]}}],"collection":[{"href":"https:\/\/www.fokussrl.com\/fr\/wp-json\/wp\/v2\/product"}],"about":[{"href":"https:\/\/www.fokussrl.com\/fr\/wp-json\/wp\/v2\/types\/product"}],"wp:featuredmedia":[{"embeddable":true,"href":"https:\/\/www.fokussrl.com\/fr\/wp-json\/wp\/v2\/media\/54636"}],"wp:attachment":[{"href":"https:\/\/www.fokussrl.com\/fr\/wp-json\/wp\/v2\/media?parent=58806"}],"wp:term":[{"taxonomy":"product_brand","embeddable":true,"href":"https:\/\/www.fokussrl.com\/fr\/wp-json\/wp\/v2\/product_brand?post=58806"},{"taxonomy":"product_cat","embeddable":true,"href":"https:\/\/www.fokussrl.com\/fr\/wp-json\/wp\/v2\/product_cat?post=58806"},{"taxonomy":"product_tag","embeddable":true,"href":"https:\/\/www.fokussrl.com\/fr\/wp-json\/wp\/v2\/product_tag?post=58806"}],"curies":[{"name":"wp","href":"https:\/\/api.w.org\/{rel}","templated":true}]}}