{"id":58809,"date":"2025-02-01T16:52:23","date_gmt":"2025-02-01T15:52:23","guid":{"rendered":"http:\/\/fokussrl.com\/prodotto\/cheminee-electrique-e-one-130\/"},"modified":"2025-02-01T16:59:00","modified_gmt":"2025-02-01T15:59:00","slug":"cheminee-electrique-e-one-130","status":"publish","type":"product","link":"https:\/\/www.fokussrl.com\/fr\/produit\/cheminee-electrique-e-one-130\/","title":{"rendered":"Chemin\u00e9e \u00e9lectrique E-ONE 130 &#8211; Kalfire"},"content":{"rendered":"","protected":false},"excerpt":{"rendered":"<p>Imaginez-vous devant une v\u00e9ritable chemin\u00e9e, \u00e9coutez le cr\u00e9pitement du bois dans le feu, regardez la flamme danser parmi les braises, ressentez imm\u00e9diatement la chaleur se diffuser dans la pi\u00e8ce. Tout cela d&rsquo;un simple geste, sans avoir \u00e0 alimenter le brasier, surveiller la flamme ou nettoyer \u00e0 la fin de la soir\u00e9e. Nous avons conserv\u00e9 uniquement le plaisir du feu, la danse hypnotique des flammes, sans autre engagement que celui de se d\u00e9tendre devant votre chemin\u00e9e.<\/p>\n<p><strong>\u00c9COLOGIQUE<\/strong> Aucune \u00e9mission, aucune combustion, seulement le plaisir du feu.<\/p>\n<p><strong>S\u00c9CURIS\u00c9<\/strong> Vous n&rsquo;avez \u00e0 vous soucier de rien, pas de flamme ou de temp\u00e9rature \u00e9lev\u00e9e.<\/p>\n<p><strong>SIMPLE<\/strong> Facile \u00e0 installer, pr\u00eat \u00e0 l&#8217;emploi imm\u00e9diatement. Nous avons cr\u00e9\u00e9 un feu avec des flammes ultra-r\u00e9alistes, sans \u00e9missions ni consommation de combustibles fossiles. Une r\u00e9volution en termes de style et de fonctionnalit\u00e9 qui ouvre de nouvelles possibilit\u00e9s pour votre maison, m\u00eame l\u00e0 o\u00f9 il \u00e9tait auparavant impossible d&rsquo;avoir une chemin\u00e9e.<\/p>\n<p><strong>Installation libre<\/strong><\/p>\n<p>Installez votre chemin\u00e9e sans besoin de raccordement pour fum\u00e9e ou gaz, sans contrainte environnementale ou structurelle. Elle peut \u00eatre install\u00e9e dans tout type d&rsquo;int\u00e9rieur, comme une chambre \u00e0 coucher, un restaurant, un h\u00f4tel ou un bureau.<\/p>\n<p><strong>Faible consommation \u00e9nerg\u00e9tique<\/strong><\/p>\n<p>Vous pouvez maintenant profiter d&rsquo;un feu durable et \u00e9cologique. La chemin\u00e9e E-one est enti\u00e8rement \u00e9lectrique, n&rsquo;utilise pas de combustibles fossiles et ne produit pas d&rsquo;\u00e9missions, le tout avec une consommation \u00e9lectrique minimale.<\/p>\n<p><strong>Personnalisable<\/strong><\/p>\n<p>Imaginez une chemin\u00e9e selon vos envies. Une large gamme de mat\u00e9riaux peut \u00eatre utilis\u00e9e pour cr\u00e9er le style souhait\u00e9. Le choix des mat\u00e9riaux et les possibilit\u00e9s de design sont infinies. Une flamme virtuelle personnalisable dans chaque d\u00e9tail, projet\u00e9e sur des b\u00fbches en c\u00e9ramique peintes \u00e0 la main individuellement. L&rsquo;exp\u00e9rience du feu peut \u00eatre personnalis\u00e9e en choisissant entre la technologie Single ou Dual HD Flame (projection de flamme unique ou double) et entre une base plate ou de design, avec des lignes modernes et \u00e9l\u00e9gantes.<\/p>\n<p><strong>Atmos Heating<\/strong><\/p>\n<p>Un syst\u00e8me de chauffage sp\u00e9cialement con\u00e7u pour rendre encore plus r\u00e9aliste l&rsquo;\u00e9treinte chaleureuse du feu.<\/p>\n<p><strong>Tonalit\u00e9s de flamme<\/strong><\/p>\n<p>Choisissez la couleur qui convient le mieux \u00e0 votre environnement.<\/p>\n<p><strong>Hauteur de flamme r\u00e9glable<\/strong><\/p>\n<p>5 r\u00e9glages pour un effet de flamme dans la taille que vous pr\u00e9f\u00e9rez.<\/p>\n<p><strong>Atmos Lighting<\/strong><\/p>\n<p>Un jeu d&rsquo;ombres r\u00e9glable pour cr\u00e9er une atmosph\u00e8re encore plus immersive.<\/p>\n<p><strong>Hybrid LED E<\/strong><\/p>\n<p>Des braises qui changent et varient avec le dynamisme de la flamme pour un effet encore plus r\u00e9aliste.<\/p>\n<p><strong>Kalfire Sound<\/strong><\/p>\n<p>Le cr\u00e9pitement r\u00e9aliste du bois dans la chemin\u00e9e pour compl\u00e9ter l&rsquo;atmosph\u00e8re.<\/p>\n","protected":false},"featured_media":54651,"template":"","meta":{"_acf_changed":false},"product_brand":[4817],"product_cat":[4583],"product_tag":[],"class_list":{"0":"post-58809","1":"product","2":"type-product","3":"status-publish","4":"has-post-thumbnail","6":"product_brand-kalfire-fr","7":"product_cat-cheminees-electriques","8":"product_shipping_class-caminetti-elettrici-2-2","9":"pa_versione-droite","10":"pa_versione-frontal-fr","11":"pa_versione-gauche","12":"pa_versione-trifacial","13":"sales-flash-overlay","14":"woocommerce-text-align-center","15":"woocommerce-image-align-center","16":"do-quantity-buttons","18":"first","19":"instock","20":"taxable","21":"shipping-taxable","22":"purchasable","23":"product-type-variable"},"acf":[],"_links":{"self":[{"href":"https:\/\/www.fokussrl.com\/fr\/wp-json\/wp\/v2\/product\/58809","targetHints":{"allow":["GET"]}}],"collection":[{"href":"https:\/\/www.fokussrl.com\/fr\/wp-json\/wp\/v2\/product"}],"about":[{"href":"https:\/\/www.fokussrl.com\/fr\/wp-json\/wp\/v2\/types\/product"}],"wp:featuredmedia":[{"embeddable":true,"href":"https:\/\/www.fokussrl.com\/fr\/wp-json\/wp\/v2\/media\/54651"}],"wp:attachment":[{"href":"https:\/\/www.fokussrl.com\/fr\/wp-json\/wp\/v2\/media?parent=58809"}],"wp:term":[{"taxonomy":"product_brand","embeddable":true,"href":"https:\/\/www.fokussrl.com\/fr\/wp-json\/wp\/v2\/product_brand?post=58809"},{"taxonomy":"product_cat","embeddable":true,"href":"https:\/\/www.fokussrl.com\/fr\/wp-json\/wp\/v2\/product_cat?post=58809"},{"taxonomy":"product_tag","embeddable":true,"href":"https:\/\/www.fokussrl.com\/fr\/wp-json\/wp\/v2\/product_tag?post=58809"}],"curies":[{"name":"wp","href":"https:\/\/api.w.org\/{rel}","templated":true}]}}