{"id":58814,"date":"2025-02-01T16:52:23","date_gmt":"2025-02-01T15:52:23","guid":{"rendered":"http:\/\/fokussrl.com\/prodotto\/cheminee-electrique-skope-trento-110-w\/"},"modified":"2025-02-01T16:59:01","modified_gmt":"2025-02-01T15:59:01","slug":"cheminee-electrique-skope-trento-110-w","status":"publish","type":"product","link":"https:\/\/www.fokussrl.com\/fr\/produit\/cheminee-electrique-skope-trento-110-w\/","title":{"rendered":"Chemin\u00e9e \u00e9lectrique SKOPE TRENTO 110 W &#8211; Gazco"},"content":{"rendered":"","protected":false},"excerpt":{"rendered":"<p>Les chemin\u00e9es de la s\u00e9rie Skope se distinguent par leur jeu de flammes qui semblent r\u00e9elles ! La chemin\u00e9e \u00e9lectrique Skope Trento 110W est la plus grande de la s\u00e9rie, permettant de voir le feu de 2 ou 3 c\u00f4t\u00e9s en la fixant simplement au mur. Avec une profondeur de seulement 30 cm, elle prend tr\u00e8s peu de place. Elle propose des \u00e9l\u00e9ments d\u00e9coratifs int\u00e9gr\u00e9s, et vous pouvez choisir d&rsquo;exposer l&rsquo;angle droit, l&rsquo;angle gauche, ou les deux. Elle se r\u00e8gle facilement et confortablement \u00e0 l&rsquo;aide d&rsquo;une t\u00e9l\u00e9commande. Avec deux r\u00e9glages de puissance thermique, quatre niveaux de luminosit\u00e9 et trois couleurs de flammes, il est possible de cr\u00e9er l&rsquo;atmosph\u00e8re parfaite pour chaque pi\u00e8ce. Branchez simplement votre Skope Trento 110W \u00e0 une prise \u00e9lectrique et profitez de l&rsquo;effet de flammes cr\u00e9\u00e9 par la technologie LED avanc\u00e9e. Pour les espaces plus petits, le mod\u00e8le Skope Trento 70W est recommand\u00e9.<\/p>\n","protected":false},"featured_media":54688,"template":"","meta":{"_acf_changed":false},"product_brand":[4813],"product_cat":[4583],"product_tag":[],"class_list":{"0":"post-58814","1":"product","2":"type-product","3":"status-publish","4":"has-post-thumbnail","6":"product_brand-gazco-fr","7":"product_cat-cheminees-electriques","8":"product_shipping_class-caminetti-elettrici-2-2","9":"pa_versione-droite","10":"pa_versione-frontal-fr","11":"pa_versione-gauche","12":"sales-flash-overlay","13":"woocommerce-text-align-center","14":"woocommerce-image-align-center","15":"do-quantity-buttons","17":"first","18":"instock","19":"taxable","20":"shipping-taxable","21":"purchasable","22":"product-type-variable"},"acf":[],"_links":{"self":[{"href":"https:\/\/www.fokussrl.com\/fr\/wp-json\/wp\/v2\/product\/58814","targetHints":{"allow":["GET"]}}],"collection":[{"href":"https:\/\/www.fokussrl.com\/fr\/wp-json\/wp\/v2\/product"}],"about":[{"href":"https:\/\/www.fokussrl.com\/fr\/wp-json\/wp\/v2\/types\/product"}],"wp:featuredmedia":[{"embeddable":true,"href":"https:\/\/www.fokussrl.com\/fr\/wp-json\/wp\/v2\/media\/54688"}],"wp:attachment":[{"href":"https:\/\/www.fokussrl.com\/fr\/wp-json\/wp\/v2\/media?parent=58814"}],"wp:term":[{"taxonomy":"product_brand","embeddable":true,"href":"https:\/\/www.fokussrl.com\/fr\/wp-json\/wp\/v2\/product_brand?post=58814"},{"taxonomy":"product_cat","embeddable":true,"href":"https:\/\/www.fokussrl.com\/fr\/wp-json\/wp\/v2\/product_cat?post=58814"},{"taxonomy":"product_tag","embeddable":true,"href":"https:\/\/www.fokussrl.com\/fr\/wp-json\/wp\/v2\/product_tag?post=58814"}],"curies":[{"name":"wp","href":"https:\/\/api.w.org\/{rel}","templated":true}]}}