{"id":58822,"date":"2025-02-01T16:52:23","date_gmt":"2025-02-01T15:52:23","guid":{"rendered":"http:\/\/fokussrl.com\/prodotto\/cheminee-bois-murale-flamanova\/"},"modified":"2025-02-01T16:59:13","modified_gmt":"2025-02-01T15:59:13","slug":"cheminee-bois-murale-flamanova","status":"publish","type":"product","link":"https:\/\/www.fokussrl.com\/fr\/produit\/cheminee-bois-murale-flamanova\/","title":{"rendered":"Chemin\u00e9e \u00e0 bois murale FLAMANOVA &#8211; Finoptim"},"content":{"rendered":"","protected":false},"excerpt":{"rendered":"<p>Le Flamanova est un concentr\u00e9 de chaleur et de design. Il montre que la beaut\u00e9 n&rsquo;est pas incompatible avec la performance.<\/p>\n<p>Cette <strong>chemin\u00e9e moderne<\/strong> en m\u00e9tal est le r\u00e9sultat de plusieurs ann\u00e9es de recherche et d\u00e9veloppement. Elle \u00e9met peu de polluants et offre un excellent rendement.<\/p>\n<p>Un design incroyable, d&rsquo;excellentes performances et en plus ergonomique. La chemin\u00e9e Flamanova a \u00e9t\u00e9 con\u00e7ue pour vous simplifier la vie. Sa grande porte permet de charger des b\u00fbches jusqu&rsquo;\u00e0 50 cm de longueur. La combustion est \u00e9tudi\u00e9e dans les moindres d\u00e9tails, offrant un confort de chauffage in\u00e9gal\u00e9. Son foyer inclin\u00e9 permet une \u00e9vacuation facile des cendres.<\/p>\n","protected":false},"featured_media":54720,"template":"","meta":{"_acf_changed":false},"product_brand":[4808],"product_cat":[4582,4585],"product_tag":[],"class_list":{"0":"post-58822","1":"product","2":"type-product","3":"status-publish","4":"has-post-thumbnail","6":"product_brand-finoptim-fr","7":"product_cat-cheminees-design","8":"product_cat-cheminees-modernes-au-bois-murales","9":"product_shipping_class-caminetti-di-design-2-2","10":"pa_colore-argent","11":"pa_colore-bordeaux-fr","12":"pa_colore-cuivre","13":"pa_colore-noir","14":"pa_colore-or","15":"pa_colore-sable","16":"pa_modello-avec-pieds","17":"pa_modello-avec-porte-buches","18":"pa_modello-suspendu","19":"pa_versione-droite","20":"pa_versione-gauche","21":"sales-flash-overlay","22":"woocommerce-text-align-center","23":"woocommerce-image-align-center","24":"do-quantity-buttons","26":"first","27":"instock","28":"taxable","29":"shipping-taxable","30":"product-type-variable"},"acf":[],"_links":{"self":[{"href":"https:\/\/www.fokussrl.com\/fr\/wp-json\/wp\/v2\/product\/58822","targetHints":{"allow":["GET"]}}],"collection":[{"href":"https:\/\/www.fokussrl.com\/fr\/wp-json\/wp\/v2\/product"}],"about":[{"href":"https:\/\/www.fokussrl.com\/fr\/wp-json\/wp\/v2\/types\/product"}],"wp:featuredmedia":[{"embeddable":true,"href":"https:\/\/www.fokussrl.com\/fr\/wp-json\/wp\/v2\/media\/54720"}],"wp:attachment":[{"href":"https:\/\/www.fokussrl.com\/fr\/wp-json\/wp\/v2\/media?parent=58822"}],"wp:term":[{"taxonomy":"product_brand","embeddable":true,"href":"https:\/\/www.fokussrl.com\/fr\/wp-json\/wp\/v2\/product_brand?post=58822"},{"taxonomy":"product_cat","embeddable":true,"href":"https:\/\/www.fokussrl.com\/fr\/wp-json\/wp\/v2\/product_cat?post=58822"},{"taxonomy":"product_tag","embeddable":true,"href":"https:\/\/www.fokussrl.com\/fr\/wp-json\/wp\/v2\/product_tag?post=58822"}],"curies":[{"name":"wp","href":"https:\/\/api.w.org\/{rel}","templated":true}]}}