{"id":58859,"date":"2025-02-01T16:52:35","date_gmt":"2025-02-01T15:52:35","guid":{"rendered":"http:\/\/fokussrl.com\/prodotto\/cheminee-d-angle-bois-mia-8-kw\/"},"modified":"2025-02-01T16:59:14","modified_gmt":"2025-02-01T15:59:14","slug":"cheminee-d-angle-bois-mia-8-kw","status":"publish","type":"product","link":"https:\/\/www.fokussrl.com\/fr\/produit\/cheminee-d-angle-bois-mia-8-kw\/","title":{"rendered":"Chemin\u00e9e d&rsquo;angle \u00e0 bois MIA 8 kW &#8211; Fugar"},"content":{"rendered":"","protected":false},"excerpt":{"rendered":"<p>Chemin\u00e9e d\u00e9corative et de chauffage pour petits espaces, adapt\u00e9e \u00e0 une installation en angle. Disponible en version suspendue ou au sol.<\/p>\n","protected":false},"featured_media":54805,"template":"","meta":{"_acf_changed":false},"product_brand":[4812],"product_cat":[4582],"product_tag":[],"class_list":{"0":"post-58859","1":"product","2":"type-product","3":"status-publish","4":"has-post-thumbnail","6":"product_brand-fugar-fr","7":"product_cat-cheminees-design","8":"product_shipping_class-caminetti-di-design-2-2","9":"pa_versione-avec-base-au-sol","10":"pa_versione-suspendu-fr","11":"sales-flash-overlay","12":"woocommerce-text-align-center","13":"woocommerce-image-align-center","14":"do-quantity-buttons","16":"first","17":"instock","18":"taxable","19":"shipping-taxable","20":"purchasable","21":"product-type-variable"},"acf":[],"_links":{"self":[{"href":"https:\/\/www.fokussrl.com\/fr\/wp-json\/wp\/v2\/product\/58859","targetHints":{"allow":["GET"]}}],"collection":[{"href":"https:\/\/www.fokussrl.com\/fr\/wp-json\/wp\/v2\/product"}],"about":[{"href":"https:\/\/www.fokussrl.com\/fr\/wp-json\/wp\/v2\/types\/product"}],"wp:featuredmedia":[{"embeddable":true,"href":"https:\/\/www.fokussrl.com\/fr\/wp-json\/wp\/v2\/media\/54805"}],"wp:attachment":[{"href":"https:\/\/www.fokussrl.com\/fr\/wp-json\/wp\/v2\/media?parent=58859"}],"wp:term":[{"taxonomy":"product_brand","embeddable":true,"href":"https:\/\/www.fokussrl.com\/fr\/wp-json\/wp\/v2\/product_brand?post=58859"},{"taxonomy":"product_cat","embeddable":true,"href":"https:\/\/www.fokussrl.com\/fr\/wp-json\/wp\/v2\/product_cat?post=58859"},{"taxonomy":"product_tag","embeddable":true,"href":"https:\/\/www.fokussrl.com\/fr\/wp-json\/wp\/v2\/product_tag?post=58859"}],"curies":[{"name":"wp","href":"https:\/\/api.w.org\/{rel}","templated":true}]}}