{"id":58866,"date":"2025-02-01T16:52:35","date_gmt":"2025-02-01T15:52:35","guid":{"rendered":"http:\/\/fokussrl.com\/prodotto\/cheminee-bois-flamaquartz\/"},"modified":"2025-02-01T16:59:25","modified_gmt":"2025-02-01T15:59:25","slug":"cheminee-bois-flamaquartz","status":"publish","type":"product","link":"https:\/\/www.fokussrl.com\/fr\/produit\/cheminee-bois-flamaquartz\/","title":{"rendered":"Chemin\u00e9e \u00e0 bois FLAMAQUARTZ &#8211; Finoptim"},"content":{"rendered":"","protected":false},"excerpt":{"rendered":"<p>Cette <strong>chemin\u00e9e<\/strong> \u00e9l\u00e9gante et personnalisable embellira vos int\u00e9rieurs. Son style audacieux et \u00e9pur\u00e9 en fait une chemin\u00e9e de caract\u00e8re. \u00c0 port\u00e9e de main, des mat\u00e9riaux et une qualit\u00e9 exceptionnels qui personnaliseront votre chemin\u00e9e et sublimeront votre univers. Ses flammes visibles \u00e0 180\u00b0 illumineront vos soir\u00e9es au coin du feu. Avec sa forme compacte, discr\u00e8te et contemporaine, cette chemin\u00e9e suspendue moderne et unique offre des performances et une technologie remarquables, dignes des plus grandes.<\/p>\n","protected":false},"featured_media":54856,"template":"","meta":{"_acf_changed":false},"product_brand":[4808],"product_cat":[4582],"product_tag":[],"class_list":{"0":"post-58866","1":"product","2":"type-product","3":"status-publish","4":"has-post-thumbnail","6":"product_brand-finoptim-fr","7":"product_cat-cheminees-design","8":"product_shipping_class-caminetti-di-design-2-2","9":"pa_colore-argent","10":"pa_colore-bordeaux-fr","11":"pa_colore-chene","12":"pa_colore-cuivre","13":"pa_colore-marbre-bleu-hainaut","14":"pa_colore-marbre-de-carrare","15":"pa_colore-noir","16":"pa_colore-noyer","17":"pa_colore-or","18":"pa_colore-sable","19":"pa_versione-fixe-au-mur","20":"pa_versione-fixe-au-plafond","21":"pa_versione-pose-au-sol","22":"sales-flash-overlay","23":"woocommerce-text-align-center","24":"woocommerce-image-align-center","25":"do-quantity-buttons","27":"first","28":"instock","29":"taxable","30":"shipping-taxable","31":"product-type-variable"},"acf":[],"_links":{"self":[{"href":"https:\/\/www.fokussrl.com\/fr\/wp-json\/wp\/v2\/product\/58866","targetHints":{"allow":["GET"]}}],"collection":[{"href":"https:\/\/www.fokussrl.com\/fr\/wp-json\/wp\/v2\/product"}],"about":[{"href":"https:\/\/www.fokussrl.com\/fr\/wp-json\/wp\/v2\/types\/product"}],"wp:featuredmedia":[{"embeddable":true,"href":"https:\/\/www.fokussrl.com\/fr\/wp-json\/wp\/v2\/media\/54856"}],"wp:attachment":[{"href":"https:\/\/www.fokussrl.com\/fr\/wp-json\/wp\/v2\/media?parent=58866"}],"wp:term":[{"taxonomy":"product_brand","embeddable":true,"href":"https:\/\/www.fokussrl.com\/fr\/wp-json\/wp\/v2\/product_brand?post=58866"},{"taxonomy":"product_cat","embeddable":true,"href":"https:\/\/www.fokussrl.com\/fr\/wp-json\/wp\/v2\/product_cat?post=58866"},{"taxonomy":"product_tag","embeddable":true,"href":"https:\/\/www.fokussrl.com\/fr\/wp-json\/wp\/v2\/product_tag?post=58866"}],"curies":[{"name":"wp","href":"https:\/\/api.w.org\/{rel}","templated":true}]}}