{"id":58897,"date":"2025-02-01T16:52:47","date_gmt":"2025-02-01T15:52:47","guid":{"rendered":"http:\/\/fokussrl.com\/prodotto\/cheminee-bois-frontale-diamantine\/"},"modified":"2025-02-01T16:59:26","modified_gmt":"2025-02-01T15:59:26","slug":"cheminee-bois-frontale-diamantine","status":"publish","type":"product","link":"https:\/\/www.fokussrl.com\/fr\/produit\/cheminee-bois-frontale-diamantine\/","title":{"rendered":"Chemin\u00e9e \u00e0 bois frontale DIAMANTINE &#8211; Bellido"},"content":{"rendered":"","protected":false},"excerpt":{"rendered":"<p>Chemin\u00e9e \u00e0 bois autoportante avec porte en verre s\u00e9rigraphi\u00e9. Une solution moderne et minimaliste. En option, un pi\u00e9destal, un support pour b\u00fbches, une installation autoportante ou un support pour suspension. Livr\u00e9 avec un kit de ventilation frontale.<\/p>\n","protected":false},"featured_media":54943,"template":"","meta":{"_acf_changed":false},"product_brand":[4796],"product_cat":[4582],"product_tag":[],"class_list":{"0":"post-58897","1":"product","2":"type-product","3":"status-publish","4":"has-post-thumbnail","6":"product_brand-bellido-fr","7":"product_cat-cheminees-design","8":"product_shipping_class-caminetti-di-design-2-2","9":"pa_versione-diamantine-100-fr","10":"pa_versione-diamantine-70-fr","11":"pa_versione-diamantine-80-fr","12":"sales-flash-overlay","13":"woocommerce-text-align-center","14":"woocommerce-image-align-center","15":"do-quantity-buttons","17":"first","18":"instock","19":"taxable","20":"shipping-taxable","21":"purchasable","22":"product-type-variable"},"acf":[],"_links":{"self":[{"href":"https:\/\/www.fokussrl.com\/fr\/wp-json\/wp\/v2\/product\/58897","targetHints":{"allow":["GET"]}}],"collection":[{"href":"https:\/\/www.fokussrl.com\/fr\/wp-json\/wp\/v2\/product"}],"about":[{"href":"https:\/\/www.fokussrl.com\/fr\/wp-json\/wp\/v2\/types\/product"}],"wp:featuredmedia":[{"embeddable":true,"href":"https:\/\/www.fokussrl.com\/fr\/wp-json\/wp\/v2\/media\/54943"}],"wp:attachment":[{"href":"https:\/\/www.fokussrl.com\/fr\/wp-json\/wp\/v2\/media?parent=58897"}],"wp:term":[{"taxonomy":"product_brand","embeddable":true,"href":"https:\/\/www.fokussrl.com\/fr\/wp-json\/wp\/v2\/product_brand?post=58897"},{"taxonomy":"product_cat","embeddable":true,"href":"https:\/\/www.fokussrl.com\/fr\/wp-json\/wp\/v2\/product_cat?post=58897"},{"taxonomy":"product_tag","embeddable":true,"href":"https:\/\/www.fokussrl.com\/fr\/wp-json\/wp\/v2\/product_tag?post=58897"}],"curies":[{"name":"wp","href":"https:\/\/api.w.org\/{rel}","templated":true}]}}