{"id":58901,"date":"2025-02-01T16:52:47","date_gmt":"2025-02-01T15:52:47","guid":{"rendered":"http:\/\/fokussrl.com\/prodotto\/cheminee-ronde-centrale-bois-ronde-15-5-kw\/"},"modified":"2025-02-01T16:59:27","modified_gmt":"2025-02-01T15:59:27","slug":"cheminee-ronde-centrale-bois-ronde-15-5-kw","status":"publish","type":"product","link":"https:\/\/www.fokussrl.com\/fr\/produit\/cheminee-ronde-centrale-bois-ronde-15-5-kw\/","title":{"rendered":"Chemin\u00e9e ronde centrale \u00e0 bois RONDE 15,5 kW &#8211; Rocal"},"content":{"rendered":"","protected":false},"excerpt":{"rendered":"<p>Le seul protagoniste de la Ronde est le feu ; cette chemin\u00e9e centrale incarne l&rsquo;\u00e9nergie pure et la simplicit\u00e9. Son design permet une vision compl\u00e8te depuis n&rsquo;importe quel point de la pi\u00e8ce. De plus, gr\u00e2ce \u00e0 ses dimensions moyennes, elle peut s&rsquo;adapter \u00e0 tous les espaces.<\/p>\n","protected":false},"featured_media":54975,"template":"","meta":{"_acf_changed":false},"product_brand":[4836],"product_cat":[4582],"product_tag":[],"class_list":{"0":"post-58901","1":"product","2":"type-product","3":"status-publish","4":"has-post-thumbnail","6":"product_brand-rocal-fr","7":"product_cat-cheminees-design","8":"product_shipping_class-caminetti-di-design-2-2","9":"pa_versione-avec-base-au-sol","10":"pa_versione-suspendu-fr","11":"sales-flash-overlay","12":"woocommerce-text-align-center","13":"woocommerce-image-align-center","14":"do-quantity-buttons","16":"first","17":"instock","18":"taxable","19":"shipping-taxable","20":"purchasable","21":"product-type-variable"},"acf":[],"_links":{"self":[{"href":"https:\/\/www.fokussrl.com\/fr\/wp-json\/wp\/v2\/product\/58901","targetHints":{"allow":["GET"]}}],"collection":[{"href":"https:\/\/www.fokussrl.com\/fr\/wp-json\/wp\/v2\/product"}],"about":[{"href":"https:\/\/www.fokussrl.com\/fr\/wp-json\/wp\/v2\/types\/product"}],"wp:featuredmedia":[{"embeddable":true,"href":"https:\/\/www.fokussrl.com\/fr\/wp-json\/wp\/v2\/media\/54975"}],"wp:attachment":[{"href":"https:\/\/www.fokussrl.com\/fr\/wp-json\/wp\/v2\/media?parent=58901"}],"wp:term":[{"taxonomy":"product_brand","embeddable":true,"href":"https:\/\/www.fokussrl.com\/fr\/wp-json\/wp\/v2\/product_brand?post=58901"},{"taxonomy":"product_cat","embeddable":true,"href":"https:\/\/www.fokussrl.com\/fr\/wp-json\/wp\/v2\/product_cat?post=58901"},{"taxonomy":"product_tag","embeddable":true,"href":"https:\/\/www.fokussrl.com\/fr\/wp-json\/wp\/v2\/product_tag?post=58901"}],"curies":[{"name":"wp","href":"https:\/\/api.w.org\/{rel}","templated":true}]}}