{"id":58908,"date":"2025-02-01T16:52:51","date_gmt":"2025-02-01T15:52:51","guid":{"rendered":"http:\/\/fokussrl.com\/prodotto\/cheminee-bois-suspendue-m-173-k-m-183-k-m-103-k\/"},"modified":"2025-02-01T16:59:30","modified_gmt":"2025-02-01T15:59:30","slug":"cheminee-bois-suspendue-m-173-k-m-183-k-m-103-k","status":"publish","type":"product","link":"https:\/\/www.fokussrl.com\/fr\/produit\/cheminee-bois-suspendue-m-173-k-m-183-k-m-103-k\/","title":{"rendered":"Chemin\u00e9e \u00e0 bois suspendue M-173-K M-183-K M-103-K &#8211; FM Calefacci\u00f3n"},"content":{"rendered":"","protected":false},"excerpt":{"rendered":"<p>La chemin\u00e9e suspendue trifaces avec turbines, disponible en 3 tailles, est fabriqu\u00e9e en acier jusqu&rsquo;\u00e0 4 mm d&rsquo;\u00e9paisseur et \u00e9quip\u00e9e d&rsquo;un syst\u00e8me de double combustion. Elle comprend une sortie de fum\u00e9e m\u00e2le en m\u00e9tal coul\u00e9, un verre s\u00e9rigraphi\u00e9 r\u00e9sistant jusqu&rsquo;\u00e0 750\u00b0C, une porte et une grille fabriqu\u00e9es en fonderie, deux ventilateurs axiaux de 160 m3\/h et 20 W chacun (220V), et un thermostat de s\u00e9curit\u00e9 r\u00e9gl\u00e9 sur la position 0. La double chambre garantit une r\u00e9partition efficace de la chaleur.<\/p>\n","protected":false},"featured_media":55030,"template":"","meta":{"_acf_changed":false},"product_brand":[4809],"product_cat":[4582],"product_tag":[],"class_list":{"0":"post-58908","1":"product","2":"type-product","3":"status-publish","4":"has-post-thumbnail","6":"product_brand-fm-calefaccion-fr","7":"product_cat-cheminees-design","8":"product_shipping_class-caminetti-di-design-2-2","9":"pa_modello-m-103k-fr","10":"pa_modello-m-173k-fr","11":"pa_modello-m-183k-fr","12":"sales-flash-overlay","13":"woocommerce-text-align-center","14":"woocommerce-image-align-center","15":"do-quantity-buttons","17":"first","18":"instock","19":"taxable","20":"shipping-taxable","21":"purchasable","22":"product-type-variable"},"acf":[],"_links":{"self":[{"href":"https:\/\/www.fokussrl.com\/fr\/wp-json\/wp\/v2\/product\/58908","targetHints":{"allow":["GET"]}}],"collection":[{"href":"https:\/\/www.fokussrl.com\/fr\/wp-json\/wp\/v2\/product"}],"about":[{"href":"https:\/\/www.fokussrl.com\/fr\/wp-json\/wp\/v2\/types\/product"}],"wp:featuredmedia":[{"embeddable":true,"href":"https:\/\/www.fokussrl.com\/fr\/wp-json\/wp\/v2\/media\/55030"}],"wp:attachment":[{"href":"https:\/\/www.fokussrl.com\/fr\/wp-json\/wp\/v2\/media?parent=58908"}],"wp:term":[{"taxonomy":"product_brand","embeddable":true,"href":"https:\/\/www.fokussrl.com\/fr\/wp-json\/wp\/v2\/product_brand?post=58908"},{"taxonomy":"product_cat","embeddable":true,"href":"https:\/\/www.fokussrl.com\/fr\/wp-json\/wp\/v2\/product_cat?post=58908"},{"taxonomy":"product_tag","embeddable":true,"href":"https:\/\/www.fokussrl.com\/fr\/wp-json\/wp\/v2\/product_tag?post=58908"}],"curies":[{"name":"wp","href":"https:\/\/api.w.org\/{rel}","templated":true}]}}