{"id":58921,"date":"2025-02-01T16:52:51","date_gmt":"2025-02-01T15:52:51","guid":{"rendered":"http:\/\/fokussrl.com\/prodotto\/cuisiniere-bois-deneris-10-2-kw\/"},"modified":"2025-02-01T16:59:35","modified_gmt":"2025-02-01T15:59:35","slug":"cuisiniere-bois-deneris-10-2-kw","status":"publish","type":"product","link":"https:\/\/www.fokussrl.com\/fr\/produit\/cuisiniere-bois-deneris-10-2-kw\/","title":{"rendered":"Cuisini\u00e8re \u00e0 bois DENERIS 10,2 kW &#8211; Lincar"},"content":{"rendered":"","protected":false},"excerpt":{"rendered":"<p>Cuisine \u00e0 bois traditionnelle, avec des finitions de qualit\u00e9 en pierre, marbre ou acier, caract\u00e9ris\u00e9e par une haute efficacit\u00e9 \u00e9nerg\u00e9tique. Sortie de fum\u00e9e multi-positions : sup\u00e9rieure ou arri\u00e8re.<\/p>\n","protected":false},"featured_media":55103,"template":"","meta":{"_acf_changed":false},"product_brand":[4827],"product_cat":[4588],"product_tag":[],"class_list":{"0":"post-58921","1":"product","2":"type-product","3":"status-publish","4":"has-post-thumbnail","6":"product_brand-lincar-fr","7":"product_cat-cuisinieres-au-bois","8":"product_shipping_class-cucine-a-legna-2-2","9":"pa_colore-beige-fr","10":"pa_colore-mosaique-040","11":"pa_colore-mosaique-041","12":"pa_colore-mosaique-042","13":"pa_colore-pierre-de-luserna","14":"pa_colore-rouge","15":"sales-flash-overlay","16":"woocommerce-text-align-center","17":"woocommerce-image-align-center","18":"do-quantity-buttons","20":"first","21":"instock","22":"taxable","23":"shipping-taxable","24":"purchasable","25":"product-type-variable"},"acf":[],"_links":{"self":[{"href":"https:\/\/www.fokussrl.com\/fr\/wp-json\/wp\/v2\/product\/58921","targetHints":{"allow":["GET"]}}],"collection":[{"href":"https:\/\/www.fokussrl.com\/fr\/wp-json\/wp\/v2\/product"}],"about":[{"href":"https:\/\/www.fokussrl.com\/fr\/wp-json\/wp\/v2\/types\/product"}],"wp:featuredmedia":[{"embeddable":true,"href":"https:\/\/www.fokussrl.com\/fr\/wp-json\/wp\/v2\/media\/55103"}],"wp:attachment":[{"href":"https:\/\/www.fokussrl.com\/fr\/wp-json\/wp\/v2\/media?parent=58921"}],"wp:term":[{"taxonomy":"product_brand","embeddable":true,"href":"https:\/\/www.fokussrl.com\/fr\/wp-json\/wp\/v2\/product_brand?post=58921"},{"taxonomy":"product_cat","embeddable":true,"href":"https:\/\/www.fokussrl.com\/fr\/wp-json\/wp\/v2\/product_cat?post=58921"},{"taxonomy":"product_tag","embeddable":true,"href":"https:\/\/www.fokussrl.com\/fr\/wp-json\/wp\/v2\/product_tag?post=58921"}],"curies":[{"name":"wp","href":"https:\/\/api.w.org\/{rel}","templated":true}]}}