{"id":58928,"date":"2025-02-01T17:01:11","date_gmt":"2025-02-01T16:01:11","guid":{"rendered":"http:\/\/fokussrl.com\/prodotto\/cuisiniere-bois-fusion-9-3-kw\/"},"modified":"2025-02-01T17:07:56","modified_gmt":"2025-02-01T16:07:56","slug":"cuisiniere-bois-fusion-9-3-kw","status":"publish","type":"product","link":"https:\/\/www.fokussrl.com\/fr\/produit\/cuisiniere-bois-fusion-9-3-kw\/","title":{"rendered":"Cuisini\u00e8re \u00e0 bois FUSION 9,3 kW &#8211; Lincar"},"content":{"rendered":"","protected":false},"excerpt":{"rendered":"<p>Nouvelle cuisine \u00e0 bois \u00e0 hautes performances, esth\u00e9tique moderne et structure de grande qualit\u00e9, gr\u00e2ce \u00e0 l&rsquo;utilisation de mat\u00e9riaux de qualit\u00e9 tels que l&rsquo;acier bross\u00e9. Comprend une porte de foyer \u00e0 double vitrage, deux fours ind\u00e9pendants pour la cuisson, des doubles vitrages internes pour la protection des fours, et une sortie de fum\u00e9e r\u00e9glable sur trois positions : sup\u00e9rieure, arri\u00e8re et c\u00f4t\u00e9 droit. Le cadre et la plaque en acier \u00e9pais, ainsi que les pieds r\u00e9glables, renforcent sa robustesse et sa polyvalence.<\/p>\n","protected":false},"featured_media":55134,"template":"","meta":{"_acf_changed":false},"product_brand":[4827],"product_cat":[4588],"product_tag":[],"class_list":{"0":"post-58928","1":"product","2":"type-product","3":"status-publish","4":"has-post-thumbnail","6":"product_brand-lincar-fr","7":"product_cat-cuisinieres-au-bois","8":"product_shipping_class-cucine-a-legna-2-2","9":"pa_colore-blanc","10":"pa_colore-inox-fr","11":"pa_colore-noir-mat","12":"pa_colore-rouge","13":"sales-flash-overlay","14":"woocommerce-text-align-center","15":"woocommerce-image-align-center","16":"do-quantity-buttons","18":"first","19":"instock","20":"taxable","21":"shipping-taxable","22":"product-type-variable"},"acf":[],"_links":{"self":[{"href":"https:\/\/www.fokussrl.com\/fr\/wp-json\/wp\/v2\/product\/58928","targetHints":{"allow":["GET"]}}],"collection":[{"href":"https:\/\/www.fokussrl.com\/fr\/wp-json\/wp\/v2\/product"}],"about":[{"href":"https:\/\/www.fokussrl.com\/fr\/wp-json\/wp\/v2\/types\/product"}],"wp:featuredmedia":[{"embeddable":true,"href":"https:\/\/www.fokussrl.com\/fr\/wp-json\/wp\/v2\/media\/55134"}],"wp:attachment":[{"href":"https:\/\/www.fokussrl.com\/fr\/wp-json\/wp\/v2\/media?parent=58928"}],"wp:term":[{"taxonomy":"product_brand","embeddable":true,"href":"https:\/\/www.fokussrl.com\/fr\/wp-json\/wp\/v2\/product_brand?post=58928"},{"taxonomy":"product_cat","embeddable":true,"href":"https:\/\/www.fokussrl.com\/fr\/wp-json\/wp\/v2\/product_cat?post=58928"},{"taxonomy":"product_tag","embeddable":true,"href":"https:\/\/www.fokussrl.com\/fr\/wp-json\/wp\/v2\/product_tag?post=58928"}],"curies":[{"name":"wp","href":"https:\/\/api.w.org\/{rel}","templated":true}]}}