{"id":58933,"date":"2025-02-01T17:01:11","date_gmt":"2025-02-01T16:01:11","guid":{"rendered":"http:\/\/fokussrl.com\/prodotto\/cuisiniere-bois-kook-60-4-0-7-7-kw\/"},"modified":"2025-02-01T17:07:58","modified_gmt":"2025-02-01T16:07:58","slug":"cuisiniere-bois-kook-60-4-0-7-7-kw","status":"publish","type":"product","link":"https:\/\/www.fokussrl.com\/fr\/produit\/cuisiniere-bois-kook-60-4-0-7-7-kw\/","title":{"rendered":"Cuisini\u00e8re \u00e0 bois KOOK 60 4.0 7,7 kW &#8211; Ugo Cadel"},"content":{"rendered":"","protected":false},"excerpt":{"rendered":"<p>Cette cuisine \u00e0 bois encastrable se distingue par l&rsquo;espace d\u00e9di\u00e9 au four. Le grand verre permet de surveiller les aliments en cuisson et le foyer \u00e0 tout moment. Le grand four est en acier inoxydable pour une cuisson homog\u00e8ne et un nettoyage facile, tandis que la plaque de cuisson standard en fonte est \u00e9galement disponible en vitroc\u00e9ramique. Le tiroir coulissant pratique permet de garder le bois \u00e0 port\u00e9e de main, le tout con\u00e7u pour offrir une grande fonctionnalit\u00e9 et ergonomie aux amateurs de cuisine. Disponible en largeurs 80 et 90.<\/p>\n","protected":false},"featured_media":55167,"template":"","meta":{"_acf_changed":false},"product_brand":[4840],"product_cat":[4588],"product_tag":[],"class_list":{"0":"post-58933","1":"product","2":"type-product","3":"status-publish","4":"has-post-thumbnail","6":"product_brand-ugo-cadel-fr","7":"product_cat-cuisinieres-au-bois","8":"product_shipping_class-cucine-a-legna-2-2","9":"pa_colore-anthracite-fr","10":"pa_colore-blanc","11":"pa_colore-inox-fr","12":"pa_colore-noir","13":"sales-flash-overlay","14":"woocommerce-text-align-center","15":"woocommerce-image-align-center","16":"do-quantity-buttons","18":"first","19":"instock","20":"taxable","21":"shipping-taxable","22":"purchasable","23":"product-type-variable"},"acf":[],"_links":{"self":[{"href":"https:\/\/www.fokussrl.com\/fr\/wp-json\/wp\/v2\/product\/58933","targetHints":{"allow":["GET"]}}],"collection":[{"href":"https:\/\/www.fokussrl.com\/fr\/wp-json\/wp\/v2\/product"}],"about":[{"href":"https:\/\/www.fokussrl.com\/fr\/wp-json\/wp\/v2\/types\/product"}],"wp:featuredmedia":[{"embeddable":true,"href":"https:\/\/www.fokussrl.com\/fr\/wp-json\/wp\/v2\/media\/55167"}],"wp:attachment":[{"href":"https:\/\/www.fokussrl.com\/fr\/wp-json\/wp\/v2\/media?parent=58933"}],"wp:term":[{"taxonomy":"product_brand","embeddable":true,"href":"https:\/\/www.fokussrl.com\/fr\/wp-json\/wp\/v2\/product_brand?post=58933"},{"taxonomy":"product_cat","embeddable":true,"href":"https:\/\/www.fokussrl.com\/fr\/wp-json\/wp\/v2\/product_cat?post=58933"},{"taxonomy":"product_tag","embeddable":true,"href":"https:\/\/www.fokussrl.com\/fr\/wp-json\/wp\/v2\/product_tag?post=58933"}],"curies":[{"name":"wp","href":"https:\/\/api.w.org\/{rel}","templated":true}]}}