{"id":58938,"date":"2025-02-01T17:01:11","date_gmt":"2025-02-01T16:01:11","guid":{"rendered":"http:\/\/fokussrl.com\/prodotto\/cuisiniere-bois-prima-120-plus\/"},"modified":"2025-02-01T17:07:59","modified_gmt":"2025-02-01T16:07:59","slug":"cuisiniere-bois-prima-120-plus","status":"publish","type":"product","link":"https:\/\/www.fokussrl.com\/fr\/produit\/cuisiniere-bois-prima-120-plus\/","title":{"rendered":"Cuisini\u00e8re \u00e0 bois PRIMA 120 PLUS &#8211; Ugo Cadel"},"content":{"rendered":"","protected":false},"excerpt":{"rendered":"<p><strong>Prima 120 plus<\/strong><\/p>\n<p>Une solution unique pour diff\u00e9rents types de cuisson. Prima 120 Plus est une cuisine \u00e0 bois ventil\u00e9e combin\u00e9e avec un four \u00e9lectrique et une plaque de cuisson \u00e0 gaz ou \u00e0 induction.<\/p>\n","protected":false},"featured_media":55196,"template":"","meta":{"_acf_changed":false},"product_brand":[4840],"product_cat":[4588],"product_tag":[],"class_list":{"0":"post-58938","1":"product","2":"type-product","3":"status-publish","4":"has-post-thumbnail","6":"product_brand-ugo-cadel-fr","7":"product_cat-cuisinieres-au-bois","8":"product_shipping_class-cucine-a-legna-2-2","9":"pa_colore-inox-beige-fr","10":"pa_colore-inox-blanc","11":"pa_colore-inox-bordeaux-fr","12":"pa_colore-inox-noir","13":"sales-flash-overlay","14":"woocommerce-text-align-center","15":"woocommerce-image-align-center","16":"do-quantity-buttons","18":"first","19":"instock","20":"taxable","21":"shipping-taxable","22":"purchasable","23":"product-type-variable"},"acf":[],"_links":{"self":[{"href":"https:\/\/www.fokussrl.com\/fr\/wp-json\/wp\/v2\/product\/58938","targetHints":{"allow":["GET"]}}],"collection":[{"href":"https:\/\/www.fokussrl.com\/fr\/wp-json\/wp\/v2\/product"}],"about":[{"href":"https:\/\/www.fokussrl.com\/fr\/wp-json\/wp\/v2\/types\/product"}],"wp:featuredmedia":[{"embeddable":true,"href":"https:\/\/www.fokussrl.com\/fr\/wp-json\/wp\/v2\/media\/55196"}],"wp:attachment":[{"href":"https:\/\/www.fokussrl.com\/fr\/wp-json\/wp\/v2\/media?parent=58938"}],"wp:term":[{"taxonomy":"product_brand","embeddable":true,"href":"https:\/\/www.fokussrl.com\/fr\/wp-json\/wp\/v2\/product_brand?post=58938"},{"taxonomy":"product_cat","embeddable":true,"href":"https:\/\/www.fokussrl.com\/fr\/wp-json\/wp\/v2\/product_cat?post=58938"},{"taxonomy":"product_tag","embeddable":true,"href":"https:\/\/www.fokussrl.com\/fr\/wp-json\/wp\/v2\/product_tag?post=58938"}],"curies":[{"name":"wp","href":"https:\/\/api.w.org\/{rel}","templated":true}]}}