{"id":58943,"date":"2025-02-01T17:01:11","date_gmt":"2025-02-01T16:01:11","guid":{"rendered":"http:\/\/fokussrl.com\/prodotto\/cuisiniere-bois-prima-60-plus\/"},"modified":"2025-02-01T17:08:01","modified_gmt":"2025-02-01T16:08:01","slug":"cuisiniere-bois-prima-60-plus","status":"publish","type":"product","link":"https:\/\/www.fokussrl.com\/fr\/produit\/cuisiniere-bois-prima-60-plus\/","title":{"rendered":"Cuisini\u00e8re \u00e0 bois PRIMA 60 PLUS &#8211; Ugo Cadel"},"content":{"rendered":"","protected":false},"excerpt":{"rendered":"<p><strong>Prima 60 plus<\/strong><\/p>\n<p>Une cuisine \u00e0 bois compacte qui combine la possibilit\u00e9 de chauffer et de cuisiner simultan\u00e9ment. Personnalisable en couleurs, finitions et hauteurs.<\/p>\n","protected":false},"featured_media":55221,"template":"","meta":{"_acf_changed":false},"product_brand":[4840],"product_cat":[4588],"product_tag":[],"class_list":{"0":"post-58943","1":"product","2":"type-product","3":"status-publish","4":"has-post-thumbnail","6":"product_brand-ugo-cadel-fr","7":"product_cat-cuisinieres-au-bois","8":"product_shipping_class-cucine-a-legna-2-2","9":"pa_colore-beige-fr","10":"pa_colore-blanc","11":"pa_colore-bordeaux-fr","12":"pa_colore-inox-fr","13":"pa_colore-inox-blanc","14":"pa_colore-inox-bordeaux-fr","15":"pa_colore-inox-noir","16":"pa_colore-noir","17":"sales-flash-overlay","18":"woocommerce-text-align-center","19":"woocommerce-image-align-center","20":"do-quantity-buttons","22":"first","23":"instock","24":"taxable","25":"shipping-taxable","26":"product-type-variable"},"acf":[],"_links":{"self":[{"href":"https:\/\/www.fokussrl.com\/fr\/wp-json\/wp\/v2\/product\/58943","targetHints":{"allow":["GET"]}}],"collection":[{"href":"https:\/\/www.fokussrl.com\/fr\/wp-json\/wp\/v2\/product"}],"about":[{"href":"https:\/\/www.fokussrl.com\/fr\/wp-json\/wp\/v2\/types\/product"}],"wp:featuredmedia":[{"embeddable":true,"href":"https:\/\/www.fokussrl.com\/fr\/wp-json\/wp\/v2\/media\/55221"}],"wp:attachment":[{"href":"https:\/\/www.fokussrl.com\/fr\/wp-json\/wp\/v2\/media?parent=58943"}],"wp:term":[{"taxonomy":"product_brand","embeddable":true,"href":"https:\/\/www.fokussrl.com\/fr\/wp-json\/wp\/v2\/product_brand?post=58943"},{"taxonomy":"product_cat","embeddable":true,"href":"https:\/\/www.fokussrl.com\/fr\/wp-json\/wp\/v2\/product_cat?post=58943"},{"taxonomy":"product_tag","embeddable":true,"href":"https:\/\/www.fokussrl.com\/fr\/wp-json\/wp\/v2\/product_tag?post=58943"}],"curies":[{"name":"wp","href":"https:\/\/api.w.org\/{rel}","templated":true}]}}