{"id":58961,"date":"2025-02-01T17:01:17","date_gmt":"2025-02-01T16:01:17","guid":{"rendered":"http:\/\/fokussrl.com\/prodotto\/cuisiniere-bois-smart-60-7-7-kw\/"},"modified":"2025-02-01T17:08:04","modified_gmt":"2025-02-01T16:08:04","slug":"cuisiniere-bois-smart-60-7-7-kw","status":"publish","type":"product","link":"https:\/\/www.fokussrl.com\/fr\/produit\/cuisiniere-bois-smart-60-7-7-kw\/","title":{"rendered":"Cuisini\u00e8re \u00e0 bois SMART 60 7,7 kW &#8211; Ugo Cadel"},"content":{"rendered":"","protected":false},"excerpt":{"rendered":"<p>Cuisine \u00e0 bois autonome ou encastrable qui s&rsquo;adapte \u00e0 tout environnement. Caract\u00e9ris\u00e9e par des portes en fonte, des poign\u00e9es \u00e9l\u00e9gantes et des barres en acier, une chambre de combustion avec un int\u00e9rieur r\u00e9fractaire. Des pieds esth\u00e9tiques sont disponibles en accessoires. Vendue en version avec socle et dosseret en inox.<\/p>\n","protected":false},"featured_media":55307,"template":"","meta":{"_acf_changed":false},"product_brand":[4840],"product_cat":[4588],"product_tag":[],"class_list":{"0":"post-58961","1":"product","2":"type-product","3":"status-publish","4":"has-post-thumbnail","6":"product_brand-ugo-cadel-fr","7":"product_cat-cuisinieres-au-bois","8":"product_shipping_class-cucine-a-legna-2-2","9":"pa_colore-anthracite-fr","10":"pa_colore-blanc","11":"pa_colore-bordeaux-fr","12":"pa_colore-inox-fr","13":"sales-flash-overlay","14":"woocommerce-text-align-center","15":"woocommerce-image-align-center","16":"do-quantity-buttons","18":"first","19":"instock","20":"taxable","21":"shipping-taxable","22":"purchasable","23":"product-type-variable"},"acf":[],"_links":{"self":[{"href":"https:\/\/www.fokussrl.com\/fr\/wp-json\/wp\/v2\/product\/58961","targetHints":{"allow":["GET"]}}],"collection":[{"href":"https:\/\/www.fokussrl.com\/fr\/wp-json\/wp\/v2\/product"}],"about":[{"href":"https:\/\/www.fokussrl.com\/fr\/wp-json\/wp\/v2\/types\/product"}],"wp:featuredmedia":[{"embeddable":true,"href":"https:\/\/www.fokussrl.com\/fr\/wp-json\/wp\/v2\/media\/55307"}],"wp:attachment":[{"href":"https:\/\/www.fokussrl.com\/fr\/wp-json\/wp\/v2\/media?parent=58961"}],"wp:term":[{"taxonomy":"product_brand","embeddable":true,"href":"https:\/\/www.fokussrl.com\/fr\/wp-json\/wp\/v2\/product_brand?post=58961"},{"taxonomy":"product_cat","embeddable":true,"href":"https:\/\/www.fokussrl.com\/fr\/wp-json\/wp\/v2\/product_cat?post=58961"},{"taxonomy":"product_tag","embeddable":true,"href":"https:\/\/www.fokussrl.com\/fr\/wp-json\/wp\/v2\/product_tag?post=58961"}],"curies":[{"name":"wp","href":"https:\/\/api.w.org\/{rel}","templated":true}]}}